{"id":15557,"date":"2023-12-20T17:30:16","date_gmt":"2023-12-20T16:30:16","guid":{"rendered":"https:\/\/veganova.eu\/?post_type=product&#038;p=15557"},"modified":"2026-04-21T07:25:44","modified_gmt":"2026-04-21T05:25:44","slug":"betteryou-magnesium-gel-150-ml","status":"publish","type":"product","link":"https:\/\/veganova.eu\/fi\/shop\/betteryou-magnesium-gel-150-ml\/","title":{"rendered":"BetterYou Magnesiumgeeli - 150 ml."},"content":{"rendered":"<h3>BetterYou Magnesium-geeli<\/h3>\n<p>BetterYou MagnesiumGel tarjoaa t\u00e4rke\u00e4\u00e4 magnesiumia kohdennetusti. Erinomainen tapa t\u00e4ydent\u00e4\u00e4 magnesiumtasoja sek\u00e4 tukea ihon terveytt\u00e4 ja tukea lihasten luonnollista uudistumista.<\/p>\n<ul>\n<li>Eritt\u00e4in kohdennettu sovellus<\/li>\n<li>S\u00e4\u00e4nnelty vapautuminen pitk\u00e4aikaista toimitusta varten<\/li>\n<li>1 ml sis\u00e4lt\u00e4\u00e4 100 mg alkuaineena olevaa magnesiumia.<\/li>\n<li>Luonnollinen lihasrelaksantti<\/li>\n<li>Ei sis\u00e4ll\u00e4 ihmisen aiheuttamia ep\u00e4puhtauksia<\/li>\n<\/ul>\n<p>BetterYou MagnesiumGel tarjoaa s\u00e4\u00e4nnellyn magnesiumin vapautumisen, mik\u00e4 tekee siit\u00e4 ihanteellisen k\u00e4ytett\u00e4v\u00e4ksi harjoituksen aikana ja kohdennetusti. 1 ml geeli\u00e4 antaa v\u00e4hint\u00e4\u00e4n 100 mg optimaalisesti imeytyv\u00e4\u00e4 alkuainemagnesiumia, kun taas teelusikallinen antaa 500 mg.<\/p>\n<p><strong>Miksi MagnesiumGel?<\/strong><\/p>\n<p>Kun BetterYou MagnesiumGel levitet\u00e4\u00e4n iholle, t\u00e4m\u00e4 t\u00e4rke\u00e4 mineraali alkaa imeyty\u00e4 v\u00e4litt\u00f6m\u00e4sti, mik\u00e4 tarjoaa yksinkertaisen ja tieteellisesti todistetun menetelm\u00e4n magnesiumin t\u00e4ydent\u00e4miseen. Magnesium on v\u00e4ltt\u00e4m\u00e4t\u00f6nt\u00e4 terveelle keholle - se on luonnollinen rentouttava aine, lievitt\u00e4\u00e4 lihasj\u00e4nnityst\u00e4, j\u00e4ykkyytt\u00e4 ja joustavuutta sek\u00e4 edist\u00e4\u00e4 ihon terveytt\u00e4, kalsiumin imeytymist\u00e4 ja levollista unta.<\/p>\n<p><strong>Miten transdermaaliset magnesiumlis\u00e4t toimivat:<\/strong> Suoraan iholle levitettyn\u00e4 BetterYou MagnesiumGel imeytyy eritt\u00e4in huokoiseen epidermikseen ja sen alla oleviin verisuoniin ja lihaksiin. Se ohittaa t\u00e4ysin ruoansulatuskanavan, jossa monet ravintoaineet eiv\u00e4t imeydy. Transdermaalinen magnesium tarjoaa tehokkaan vaihtoehdon tableteille ja kapseleille.<\/p>\n<p><strong> Ainesosat:<\/strong> Aqua (vesi), magnesiumkloridi, hydroksipropyylit\u00e4rkkelysfosfaatti. 100% luonnollinen magnesiumin l\u00e4hde.<\/p>\n<p><strong>Suunta:<\/strong> Levit\u00e4 pieni herneen kokoinen m\u00e4\u00e4r\u00e4 kohdealueelle ja hiero hyvin ihoon v\u00e4ltt\u00e4en vaurioitunutta ihoa ja herkki\u00e4 alueita, kuten silmi\u00e4. Keskity niveliin, lihaksiin ja kiinnostaviin alueisiin. Levit\u00e4 tarvittaessa uudelleen. Ihanteellinen k\u00e4ytett\u00e4v\u00e4ksi liikunnan j\u00e4lkeen. Parhaiden tulosten saavuttamiseksi levit\u00e4 puhtaalle iholle. Puhtautensa vuoksi MagnesiumGel sopii lapsille ja k\u00e4ytett\u00e4v\u00e4ksi raskauden aikana. Magnesiumin kihelm\u00f6inti Ensimm\u00e4isell\u00e4 levityskerralla saatat tuntea liev\u00e4\u00e4 kihelm\u00f6inti\u00e4. T\u00e4m\u00e4 voi viitata alhaisiin magnesiumtasoihin ja johtuu magnesiumin nopeasta imeytymisest\u00e4 huokosten kautta. S\u00e4\u00e4nn\u00f6llisen k\u00e4yt\u00f6n my\u00f6t\u00e4 t\u00e4m\u00e4 h\u00e4vi\u00e4\u00e4, ja koska imeytyminen alkaa v\u00e4litt\u00f6m\u00e4sti, iho voidaan pyyhki\u00e4 pyyhkeell\u00e4 hieronnan j\u00e4lkeen.<\/p>","protected":false},"excerpt":{"rendered":"<p>Luonnollinen magnesiumgeeli BetterYou Magnesiumgeeli on tarkoitettu paikalliseen ulkoiseen k\u00e4ytt\u00f6\u00f6n, lihasten rentouttamiseen tai ihon vahvistamiseen. Luonnollista magnesiumia korkeana pitoisuutena. Ihanteellinen k\u00e4ytett\u00e4v\u00e4ksi illalla ennen nukkumaanmenoa tai intensiivisen harjoittelun aikana.  Sis\u00e4lt\u00f6: 150ml.<\/p>","protected":false},"featured_media":51199,"comment_status":"closed","ping_status":"closed","template":"","meta":{"advanced_seo_description":"","jetpack_seo_html_title":"","jetpack_seo_noindex":false},"pwb-brand":[142],"product_brand":[4563],"product_cat":[684,172,689,2598],"product_tag":[],"class_list":{"0":"post-15557","1":"product","2":"type-product","3":"status-publish","4":"has-post-thumbnail","6":"pwb-brand-betteryou","7":"product_brand-betteryou","8":"product_cat-clean-beauty","9":"product_cat-minerals","10":"product_cat-natural-cosmetics","11":"product_cat-recovery","12":"brand_woo-betteryou","14":"first","15":"instock","16":"taxable","17":"shipping-taxable","18":"purchasable","19":"product-type-simple"},"jetpack_sharing_enabled":true,"brands":[{"id":142,"name":"BetterYou","slug":"betteryou"}],"_links":{"self":[{"href":"https:\/\/veganova.eu\/fi\/wp-json\/wp\/v2\/product\/15557","targetHints":{"allow":["GET"]}}],"collection":[{"href":"https:\/\/veganova.eu\/fi\/wp-json\/wp\/v2\/product"}],"about":[{"href":"https:\/\/veganova.eu\/fi\/wp-json\/wp\/v2\/types\/product"}],"replies":[{"embeddable":true,"href":"https:\/\/veganova.eu\/fi\/wp-json\/wp\/v2\/comments?post=15557"}],"version-history":[{"count":1,"href":"https:\/\/veganova.eu\/fi\/wp-json\/wp\/v2\/product\/15557\/revisions"}],"predecessor-version":[{"id":59107,"href":"https:\/\/veganova.eu\/fi\/wp-json\/wp\/v2\/product\/15557\/revisions\/59107"}],"wp:featuredmedia":[{"embeddable":true,"href":"https:\/\/veganova.eu\/fi\/wp-json\/wp\/v2\/media\/51199"}],"wp:attachment":[{"href":"https:\/\/veganova.eu\/fi\/wp-json\/wp\/v2\/media?parent=15557"}],"wp:term":[{"taxonomy":"pwb-brand","embeddable":true,"href":"https:\/\/veganova.eu\/fi\/wp-json\/wp\/v2\/pwb-brand?post=15557"},{"taxonomy":"product_brand","embeddable":true,"href":"https:\/\/veganova.eu\/fi\/wp-json\/wp\/v2\/product_brand?post=15557"},{"taxonomy":"product_cat","embeddable":true,"href":"https:\/\/veganova.eu\/fi\/wp-json\/wp\/v2\/product_cat?post=15557"},{"taxonomy":"product_tag","embeddable":true,"href":"https:\/\/veganova.eu\/fi\/wp-json\/wp\/v2\/product_tag?post=15557"}],"curies":[{"name":"wp","href":"https:\/\/api.w.org\/{rel}","templated":true}]}}