{"id":2746,"date":"2023-10-01T17:01:17","date_gmt":"2023-10-01T15:01:17","guid":{"rendered":"https:\/\/veganova.eu\/?post_type=product&#038;p=2746"},"modified":"2026-04-21T07:23:24","modified_gmt":"2026-04-21T05:23:24","slug":"doctors-best-fully-active-b-complex-with-quatrefolic-60-kaps","status":"publish","type":"product","link":"https:\/\/veganova.eu\/fi\/shop\/doctors-best-fully-active-b-complex-with-quatrefolic-60-kaps\/","title":{"rendered":"Doctor's Best Fully Active B-Complex with Quatrefolic (60 kaps.)"},"content":{"rendered":"<h3>Doctor's Best T\u00e4ysin aktiivinen B-kompleksi, jossa on kvatterofolikki<\/h3>\n<ul>\n<li>Doctor's Best Fully Active B Complex antaa energiaa ja auttaa selviytym\u00e4\u00e4n stressist\u00e4.<\/li>\n<li>B-vitamiinit ovat v\u00e4ltt\u00e4m\u00e4tt\u00f6mi\u00e4 ravinnosta saatavan energian tuottamiseksi sek\u00e4 terveen DNA:n, geenien, solujen, kudosten, elinten ja entsyymitoimintojen luomiseksi ja yll\u00e4pit\u00e4miseksi.<\/li>\n<li>B-vitamiinit ovat el\u00e4m\u00e4n perusta; ihminen ei pysty valmistamaan niit\u00e4, joten ne on saatava ravinnon kautta.<\/li>\n<li>Doctor's Best Fully Active B Complex tarjoaa vain parhaita k\u00e4ytt\u00f6kelpoisia B-vitamiinimuotoja. T\u00e4m\u00e4 sis\u00e4lt\u00e4\u00e4 t\u00e4ysin aktiivisen folaatin, joka on elimist\u00f6n aktiivisin folaatti, ja MTHF:n (metyyli- tetra-hydro-folaatti). Se tarjoaa t\u00e4ysin aktiivista B12-vitamiinia metyylikobalamiinin (metyyli-B12) muodossa, mik\u00e4 auttaa varmistamaan erinomaisen imeytymisen suun kautta.<\/li>\n<li>Best Fully Active B Complex on t\u00e4yden spektrin B-vitamiinilis\u00e4, joka on suunniteltu huolellisesti optimaalista imeytymist\u00e4 ja hy\u00f6dynt\u00e4mist\u00e4 varten.<\/li>\n<li>T\u00e4m\u00e4 koostumus sis\u00e4lt\u00e4\u00e4 B-vitamiinit niiden turvallisimmassa, parhaiten siedetyss\u00e4 ja biokemiallisesti aktiivisimmassa muodossa.<\/li>\n<\/ul>","protected":false},"excerpt":{"rendered":"<p>Vegan nutrition supplement Doctor&#8217;s Best Fully Active B-Complex with Quatrefolic presents a complex of group B vitamins in their most active form. It does not contain gluten and is GMO-free. The package contains: 60 capsules.<\/p>","protected":false},"featured_media":53766,"comment_status":"closed","ping_status":"closed","template":"","meta":{"advanced_seo_description":"","jetpack_seo_html_title":"","jetpack_seo_noindex":false},"pwb-brand":[147],"product_brand":[4565],"product_cat":[153,152],"product_tag":[860,1094,1150],"class_list":{"0":"post-2746","1":"product","2":"type-product","3":"status-publish","4":"has-post-thumbnail","6":"pwb-brand-doctors-best","7":"product_brand-doctors-best","8":"product_cat-vitamins","9":"product_cat-vitamins-and-minerals","10":"product_tag-energy","11":"product_tag-metabolism","12":"product_tag-nervous-system","13":"brand_woo-doctors-best","15":"first","16":"instock","17":"taxable","18":"shipping-taxable","19":"purchasable","20":"product-type-simple"},"jetpack_sharing_enabled":true,"brands":[{"id":147,"name":"L\u00e4\u00e4k\u00e4rin paras","slug":"doctors-best"}],"_links":{"self":[{"href":"https:\/\/veganova.eu\/fi\/wp-json\/wp\/v2\/product\/2746","targetHints":{"allow":["GET"]}}],"collection":[{"href":"https:\/\/veganova.eu\/fi\/wp-json\/wp\/v2\/product"}],"about":[{"href":"https:\/\/veganova.eu\/fi\/wp-json\/wp\/v2\/types\/product"}],"replies":[{"embeddable":true,"href":"https:\/\/veganova.eu\/fi\/wp-json\/wp\/v2\/comments?post=2746"}],"version-history":[{"count":1,"href":"https:\/\/veganova.eu\/fi\/wp-json\/wp\/v2\/product\/2746\/revisions"}],"predecessor-version":[{"id":57310,"href":"https:\/\/veganova.eu\/fi\/wp-json\/wp\/v2\/product\/2746\/revisions\/57310"}],"wp:featuredmedia":[{"embeddable":true,"href":"https:\/\/veganova.eu\/fi\/wp-json\/wp\/v2\/media\/53766"}],"wp:attachment":[{"href":"https:\/\/veganova.eu\/fi\/wp-json\/wp\/v2\/media?parent=2746"}],"wp:term":[{"taxonomy":"pwb-brand","embeddable":true,"href":"https:\/\/veganova.eu\/fi\/wp-json\/wp\/v2\/pwb-brand?post=2746"},{"taxonomy":"product_brand","embeddable":true,"href":"https:\/\/veganova.eu\/fi\/wp-json\/wp\/v2\/product_brand?post=2746"},{"taxonomy":"product_cat","embeddable":true,"href":"https:\/\/veganova.eu\/fi\/wp-json\/wp\/v2\/product_cat?post=2746"},{"taxonomy":"product_tag","embeddable":true,"href":"https:\/\/veganova.eu\/fi\/wp-json\/wp\/v2\/product_tag?post=2746"}],"curies":[{"name":"wp","href":"https:\/\/api.w.org\/{rel}","templated":true}]}}