{"id":2763,"date":"2023-10-01T17:01:26","date_gmt":"2023-10-01T15:01:26","guid":{"rendered":"https:\/\/veganova.eu\/?post_type=product&#038;p=2763"},"modified":"2026-04-21T07:23:25","modified_gmt":"2026-04-21T05:23:25","slug":"life-extension-resveratrol-100mg-60-kaps","status":"publish","type":"product","link":"https:\/\/veganova.eu\/fi\/shop\/life-extension-resveratrol-100mg-60-kaps\/","title":{"rendered":"Life Extension Resveratrol, 100mg (60 kaps)"},"content":{"rendered":"<h3>Life Extension Resveratrol, 100mg (60 kaps)<\/h3>\n<p>Mik\u00e4 on Resveratrol Elite?<br \/>\nTrans-resveratroli, jota esiintyy viiniryp\u00e4leiss\u00e4 ja japanilaisessa solmuvihanneksessa, on erinomainen tapa suojella syd\u00e4n- ja verisuonij\u00e4rjestelm\u00e4\u00e4, neurologisia ja aineenvaihduntaj\u00e4rjestelmi\u00e4 jokap\u00e4iv\u00e4iselt\u00e4 ik\u00e4\u00e4ntymiselt\u00e4. Perinteisen resveratrolilis\u00e4n sis\u00e4lt\u00e4m\u00e4st\u00e4 resveratrolista on kuitenkin hyvin v\u00e4h\u00e4n biologisesti hy\u00f6dynnett\u00e4viss\u00e4. Ratkaisu: olemme p\u00e4\u00e4llyst\u00e4neet trans-resveratrolin erityisell\u00e4 hydrogeelipinnoitteella, joka tekee siit\u00e4 10 kertaa paremmin biosaatavan ja maksimoi t\u00e4m\u00e4n pitk\u00e4ik\u00e4isyyden supert\u00e4hden mahdolliset terveyshy\u00f6dyt.<\/p>\n<p>Resveratroli edist\u00e4\u00e4 pitk\u00e4ik\u00e4isyytt\u00e4 suojaamalla kaikkia kehon soluja, my\u00f6s syd\u00e4nt\u00e4 ja aivoja... nyt 10 kertaa paremmalla biologisella hy\u00f6tyosuudella.<\/p>\n<p>Resveratrol Elite Edut<br \/>\nPitk\u00e4ik\u00e4isyyden ravintoaine, joka edist\u00e4\u00e4 yleist\u00e4 terveytt\u00e4.<br \/>\nTarjoaa 10 kertaa paremman biologisen hy\u00f6tyosuuden*.<br \/>\nHy\u00f6dytt\u00e4\u00e4 syd\u00e4men, aivojen ja aineenvaihdunnan terveytt\u00e4<br \/>\nSuojaa soluja hapettumisstressilt\u00e4<\/p>\n<p>*Than muotoilematon resveratroli<\/p>","protected":false},"excerpt":{"rendered":"<p>Resveratrolia sis\u00e4lt\u00e4v\u00e4 ravintolis\u00e4 Life Extension Resveratrol, 100mg, on ihanteellinen sen antioksidanttivaikutusten vuoksi. Pakkaus sis\u00e4lt\u00e4\u00e4: 60 kasvissy\u00f6j\u00e4kapselia.<\/p>","protected":false},"featured_media":53278,"comment_status":"closed","ping_status":"closed","template":"","meta":{"advanced_seo_description":"","jetpack_seo_html_title":"","jetpack_seo_noindex":false},"pwb-brand":[168],"product_brand":[4575],"product_cat":[149,152],"product_tag":[1159,1093,1157,1158,1153,1133],"class_list":{"0":"post-2763","1":"product","2":"type-product","3":"status-publish","4":"has-post-thumbnail","6":"pwb-brand-life-extension","7":"product_brand-life-extension","8":"product_cat-superfoods","9":"product_cat-vitamins-and-minerals","10":"product_tag-aging","11":"product_tag-antioxidant","12":"product_tag-circulation","13":"product_tag-heart","14":"product_tag-vessels","15":"product_tag-wrinkles","16":"brand_woo-life-extension","18":"first","19":"instock","20":"taxable","21":"shipping-taxable","22":"purchasable","23":"product-type-simple"},"jetpack_sharing_enabled":true,"brands":[{"id":168,"name":"Life Extension","slug":"life-extension"}],"_links":{"self":[{"href":"https:\/\/veganova.eu\/fi\/wp-json\/wp\/v2\/product\/2763","targetHints":{"allow":["GET"]}}],"collection":[{"href":"https:\/\/veganova.eu\/fi\/wp-json\/wp\/v2\/product"}],"about":[{"href":"https:\/\/veganova.eu\/fi\/wp-json\/wp\/v2\/types\/product"}],"replies":[{"embeddable":true,"href":"https:\/\/veganova.eu\/fi\/wp-json\/wp\/v2\/comments?post=2763"}],"version-history":[{"count":1,"href":"https:\/\/veganova.eu\/fi\/wp-json\/wp\/v2\/product\/2763\/revisions"}],"predecessor-version":[{"id":57326,"href":"https:\/\/veganova.eu\/fi\/wp-json\/wp\/v2\/product\/2763\/revisions\/57326"}],"wp:featuredmedia":[{"embeddable":true,"href":"https:\/\/veganova.eu\/fi\/wp-json\/wp\/v2\/media\/53278"}],"wp:attachment":[{"href":"https:\/\/veganova.eu\/fi\/wp-json\/wp\/v2\/media?parent=2763"}],"wp:term":[{"taxonomy":"pwb-brand","embeddable":true,"href":"https:\/\/veganova.eu\/fi\/wp-json\/wp\/v2\/pwb-brand?post=2763"},{"taxonomy":"product_brand","embeddable":true,"href":"https:\/\/veganova.eu\/fi\/wp-json\/wp\/v2\/product_brand?post=2763"},{"taxonomy":"product_cat","embeddable":true,"href":"https:\/\/veganova.eu\/fi\/wp-json\/wp\/v2\/product_cat?post=2763"},{"taxonomy":"product_tag","embeddable":true,"href":"https:\/\/veganova.eu\/fi\/wp-json\/wp\/v2\/product_tag?post=2763"}],"curies":[{"name":"wp","href":"https:\/\/api.w.org\/{rel}","templated":true}]}}