{"id":2816,"date":"2023-10-01T17:01:47","date_gmt":"2023-10-01T15:01:47","guid":{"rendered":"https:\/\/veganova.eu\/?post_type=product&#038;p=2816"},"modified":"2026-04-21T07:23:28","modified_gmt":"2026-04-21T05:23:28","slug":"applied-nutrition-endurance-breathe-blackcurrant-1500g","status":"publish","type":"product","link":"https:\/\/veganova.eu\/fi\/shop\/applied-nutrition-endurance-breathe-blackcurrant-1500g\/","title":{"rendered":"Applied Nutrition Endurance Breathe, mustaherukka (1500g)"},"content":{"rendered":"<h3>Applied Nutrition Endurance Breathe, mustaherukka (1500g)<\/h3>\n<p>Endurance Velocity-Fuel Breathe<br \/>\nCarb &amp; Electrolyte Energy Powder with Breathe Easy 1.5kg<br \/>\n30 Servings | 48g Carbs | 300mg Electrolytes | Breathe Easy<\/p>\n<p>Endurance Velocity-Fuel Breathe is designed as a easily digestible and quick supply of energy, delivering 48g of fast absorbing carbohydrates and 300mg of electrolytes per serving with the addition of Applied Nutrition\u2019s unique Breathe Easy formula, popular amongst users wanting to increase oxygen intake during exercise.<\/p>\n<p>Endurance Velocity-Fuel Breathe can be mixed at various concentrations to suit your requirements, and can be consumed as part of a carbohydrate loading plan in the days and hours prior and during your training or event.<\/p>\n<p>AVAINTIEDUT<\/p>\n<p>Informed-Sport Batch testattu urheilijoille<br \/>\nOpen your airways with Breathe Easy, delivering a fresh and cooling experience<br \/>\nFuel for training &amp; perfect for carb loading plans<br \/>\nT\u00e4ydellinen py\u00f6r\u00e4ilij\u00f6ille, juoksijoille ja kaikille kest\u00e4vyysharjoituksille.<br \/>\nNopeasti imeytyv\u00e4t hyvin liukenevat hiilihydraatit.<br \/>\nSuitable for vegans, vegetarians, non GMO &amp; gluten free<br \/>\nHalal-sertifioitu tuote<\/p>","protected":false},"excerpt":{"rendered":"<p>Applied Nutrition Endurance Breathe, flavor: Blackcurrant, package contains: 1500g<\/p>","protected":false},"featured_media":53276,"comment_status":"closed","ping_status":"closed","template":"","meta":{"advanced_seo_description":"","jetpack_seo_html_title":"","jetpack_seo_noindex":false},"pwb-brand":[202],"product_brand":[4592],"product_cat":[225,132],"product_tag":[1192,1193,860,1182,1181,1183],"class_list":{"0":"post-2816","1":"product","2":"type-product","3":"status-publish","4":"has-post-thumbnail","6":"pwb-brand-applied-nutrition","7":"product_brand-applied-nutrition","8":"product_cat-carbohydrates","9":"product_cat-sports-nutrition","10":"product_tag-breathing","11":"product_tag-endurance-sports","12":"product_tag-energy","13":"product_tag-hydration","14":"product_tag-performance","15":"product_tag-sports-drink","16":"brand_woo-applied-nutrition","18":"first","19":"instock","20":"sale","21":"taxable","22":"shipping-taxable","23":"purchasable","24":"product-type-simple"},"jetpack_sharing_enabled":true,"brands":[{"id":202,"name":"Sovellettu ravitsemus","slug":"applied-nutrition"}],"_links":{"self":[{"href":"https:\/\/veganova.eu\/fi\/wp-json\/wp\/v2\/product\/2816","targetHints":{"allow":["GET"]}}],"collection":[{"href":"https:\/\/veganova.eu\/fi\/wp-json\/wp\/v2\/product"}],"about":[{"href":"https:\/\/veganova.eu\/fi\/wp-json\/wp\/v2\/types\/product"}],"replies":[{"embeddable":true,"href":"https:\/\/veganova.eu\/fi\/wp-json\/wp\/v2\/comments?post=2816"}],"version-history":[{"count":1,"href":"https:\/\/veganova.eu\/fi\/wp-json\/wp\/v2\/product\/2816\/revisions"}],"predecessor-version":[{"id":57375,"href":"https:\/\/veganova.eu\/fi\/wp-json\/wp\/v2\/product\/2816\/revisions\/57375"}],"wp:featuredmedia":[{"embeddable":true,"href":"https:\/\/veganova.eu\/fi\/wp-json\/wp\/v2\/media\/53276"}],"wp:attachment":[{"href":"https:\/\/veganova.eu\/fi\/wp-json\/wp\/v2\/media?parent=2816"}],"wp:term":[{"taxonomy":"pwb-brand","embeddable":true,"href":"https:\/\/veganova.eu\/fi\/wp-json\/wp\/v2\/pwb-brand?post=2816"},{"taxonomy":"product_brand","embeddable":true,"href":"https:\/\/veganova.eu\/fi\/wp-json\/wp\/v2\/product_brand?post=2816"},{"taxonomy":"product_cat","embeddable":true,"href":"https:\/\/veganova.eu\/fi\/wp-json\/wp\/v2\/product_cat?post=2816"},{"taxonomy":"product_tag","embeddable":true,"href":"https:\/\/veganova.eu\/fi\/wp-json\/wp\/v2\/product_tag?post=2816"}],"curies":[{"name":"wp","href":"https:\/\/api.w.org\/{rel}","templated":true}]}}