{"id":2848,"date":"2023-10-01T17:02:03","date_gmt":"2023-10-01T15:02:03","guid":{"rendered":"https:\/\/veganova.eu\/?post_type=product&#038;p=2848"},"modified":"2026-05-09T02:34:26","modified_gmt":"2026-05-09T00:34:26","slug":"betteryou-boost-b12-oral-spray-25-ml","status":"publish","type":"product","link":"https:\/\/veganova.eu\/fi\/shop\/betteryou-boost-b12-oral-spray-25-ml\/","title":{"rendered":"BetterYou Boost B12 suusumute (25 ml)"},"content":{"rendered":"<h3>BetterYou Boost B12 suusumute<\/h3>\n<ul>\n<li>BetterYou Boost B12 Oral Spray on tehokas apu hermojen normaaliin toimintaan, ja se on asiantuntevasti sekoitettu lis\u00e4\u00e4m\u00e4\u00e4n energiatasoa.<\/li>\n<li>Se on suunniteltu erityisesti siten, ett\u00e4 se imeytyy suoraan verenkiertoon ja ohittaa ruoansulatuskanavan.<\/li>\n<li>Pienet pisarat imeytyv\u00e4t nopeasti suussa ja ovat tehokas vaihtoehto tableteille ja kapseleille.<\/li>\n<li>1 200 mg B12-vitamiinia<\/li>\n<li>K\u00e4tev\u00e4 ja tieteellisesti todistettu vaihtoehto tableteille.<\/li>\n<li>Stimulantitonta, sis\u00e4lt\u00e4\u00e4 luonnollista B12:ta, vihre\u00e4\u00e4 teet\u00e4 ja kromia.<\/li>\n<li>Kehitetty erityisesti nykyaikaiseen el\u00e4m\u00e4ntapaan<\/li>\n<li>Ihanteellinen kasvissy\u00f6jille, vegaaneille ja anemiasta k\u00e4rsiville.<\/li>\n<li>Jokainen annos (4 injektiota) sis\u00e4lt\u00e4\u00e4 1200 mg B12-vitamiinia sek\u00e4 40 mg kromia ja 0,5 mg vihre\u00e4n teen uutetta, ja se on aprikoosin makuinen.<\/li>\n<\/ul>","protected":false},"excerpt":{"rendered":"<p>Vegaaninen ravintolis\u00e4 suun kautta annettavana suihkeena BetterYou Boost B12 ei rasita ruoansulatuskanavaa ja imeytyy nopeasti. Pakkaus sis\u00e4lt\u00e4\u00e4: 25 ml.<\/p>","protected":false},"featured_media":53698,"comment_status":"closed","ping_status":"closed","template":"","meta":{"advanced_seo_description":"","jetpack_seo_html_title":"","jetpack_seo_noindex":false},"pwb-brand":[142],"product_brand":[4563],"product_cat":[153,152],"product_tag":[860,1094,1150],"class_list":{"0":"post-2848","1":"product","2":"type-product","3":"status-publish","4":"has-post-thumbnail","6":"pwb-brand-betteryou","7":"product_brand-betteryou","8":"product_cat-vitamins","9":"product_cat-vitamins-and-minerals","10":"product_tag-energy","11":"product_tag-metabolism","12":"product_tag-nervous-system","13":"brand_woo-betteryou","15":"first","16":"instock","17":"taxable","18":"shipping-taxable","19":"purchasable","20":"product-type-simple"},"jetpack_sharing_enabled":true,"brands":[{"id":142,"name":"BetterYou","slug":"betteryou"}],"_links":{"self":[{"href":"https:\/\/veganova.eu\/fi\/wp-json\/wp\/v2\/product\/2848","targetHints":{"allow":["GET"]}}],"collection":[{"href":"https:\/\/veganova.eu\/fi\/wp-json\/wp\/v2\/product"}],"about":[{"href":"https:\/\/veganova.eu\/fi\/wp-json\/wp\/v2\/types\/product"}],"replies":[{"embeddable":true,"href":"https:\/\/veganova.eu\/fi\/wp-json\/wp\/v2\/comments?post=2848"}],"version-history":[{"count":1,"href":"https:\/\/veganova.eu\/fi\/wp-json\/wp\/v2\/product\/2848\/revisions"}],"predecessor-version":[{"id":57401,"href":"https:\/\/veganova.eu\/fi\/wp-json\/wp\/v2\/product\/2848\/revisions\/57401"}],"wp:featuredmedia":[{"embeddable":true,"href":"https:\/\/veganova.eu\/fi\/wp-json\/wp\/v2\/media\/53698"}],"wp:attachment":[{"href":"https:\/\/veganova.eu\/fi\/wp-json\/wp\/v2\/media?parent=2848"}],"wp:term":[{"taxonomy":"pwb-brand","embeddable":true,"href":"https:\/\/veganova.eu\/fi\/wp-json\/wp\/v2\/pwb-brand?post=2848"},{"taxonomy":"product_brand","embeddable":true,"href":"https:\/\/veganova.eu\/fi\/wp-json\/wp\/v2\/product_brand?post=2848"},{"taxonomy":"product_cat","embeddable":true,"href":"https:\/\/veganova.eu\/fi\/wp-json\/wp\/v2\/product_cat?post=2848"},{"taxonomy":"product_tag","embeddable":true,"href":"https:\/\/veganova.eu\/fi\/wp-json\/wp\/v2\/product_tag?post=2848"}],"curies":[{"name":"wp","href":"https:\/\/api.w.org\/{rel}","templated":true}]}}