{"id":2911,"date":"2023-10-01T17:02:31","date_gmt":"2023-10-01T15:02:31","guid":{"rendered":"https:\/\/veganova.eu\/?post_type=product&#038;p=2911"},"modified":"2026-04-21T07:23:35","modified_gmt":"2026-04-21T05:23:35","slug":"doctors-best-curcumin-phytosome-with-meriva-500mg-60-kaps","status":"publish","type":"product","link":"https:\/\/veganova.eu\/fi\/shop\/doctors-best-curcumin-phytosome-with-meriva-500mg-60-kaps\/","title":{"rendered":"Doctor's Best Curcumin Phytosome with Meriva, 500mg (60 kaps)"},"content":{"rendered":"<h3>Doctor&#8217;s Best Curcumin Phytosome with Meriva<\/h3>\n<ul>\n<li>Doctor&#8217;s Best Curcumin Phytosome with Meriva is a powerful antioxidant that protects cells and tissues by fighting free radicals.<\/li>\n<li>It is also proven that that it supports healthy joint function, eye health and the health of the circulatory system of small vessels.<\/li>\n<li>Doctor&#8217;s Best Curcumin Phytosome with Meriva is produced using the patented Phytosome technology, which increases the absorption of curcumins.<\/li>\n<li>Numerous beneficial effects attributed to turmeric root are related to the antioxidant properties of curcumins.<\/li>\n<li>This antioxidant activity can neutralize free radicals that threaten the integrity of cellular structures.<\/li>\n<li>Free radicals can cause \u201coxidative stress,\u201d a process that can trigger cell damage. And oxidative stress is thought to play a role in various diseases.<\/li>\n<li>Curcumins are poorly absorbed when taken orally, which limits their biological effect. Phytosome technology used with Curcumin Phytosome with Meriva creates phytosome complexes that are demonstrably better absorbed.<\/li>\n<\/ul>","protected":false},"excerpt":{"rendered":"<p>Vegan nutrition supplement with turmeric Doctor&#8217;s Best Curcumin Fytosome with Meriva supports the body&#8217;s immunity and has antioxidant effects. Vegan tablets are specially made for maximum absorption. The package contains: 60 capsules. Gluten-free and GMO-free.<\/p>","protected":false},"featured_media":53672,"comment_status":"closed","ping_status":"closed","template":"","meta":{"advanced_seo_description":"","jetpack_seo_html_title":"","jetpack_seo_noindex":false},"pwb-brand":[147],"product_brand":[4565],"product_cat":[149],"product_tag":[1093,1117,1155,1154,1153],"class_list":{"0":"post-2911","1":"product","2":"type-product","3":"status-publish","4":"has-post-thumbnail","6":"pwb-brand-doctors-best","7":"product_brand-doctors-best","8":"product_cat-superfoods","9":"product_tag-antioxidant","10":"product_tag-immunity","11":"product_tag-inflammation","12":"product_tag-liver","13":"product_tag-vessels","14":"brand_woo-doctors-best","16":"first","17":"outofstock","18":"taxable","19":"shipping-taxable","20":"purchasable","21":"product-type-simple"},"jetpack_sharing_enabled":true,"brands":[{"id":147,"name":"L\u00e4\u00e4k\u00e4rin paras","slug":"doctors-best"}],"_links":{"self":[{"href":"https:\/\/veganova.eu\/fi\/wp-json\/wp\/v2\/product\/2911","targetHints":{"allow":["GET"]}}],"collection":[{"href":"https:\/\/veganova.eu\/fi\/wp-json\/wp\/v2\/product"}],"about":[{"href":"https:\/\/veganova.eu\/fi\/wp-json\/wp\/v2\/types\/product"}],"replies":[{"embeddable":true,"href":"https:\/\/veganova.eu\/fi\/wp-json\/wp\/v2\/comments?post=2911"}],"version-history":[{"count":1,"href":"https:\/\/veganova.eu\/fi\/wp-json\/wp\/v2\/product\/2911\/revisions"}],"predecessor-version":[{"id":57461,"href":"https:\/\/veganova.eu\/fi\/wp-json\/wp\/v2\/product\/2911\/revisions\/57461"}],"wp:featuredmedia":[{"embeddable":true,"href":"https:\/\/veganova.eu\/fi\/wp-json\/wp\/v2\/media\/53672"}],"wp:attachment":[{"href":"https:\/\/veganova.eu\/fi\/wp-json\/wp\/v2\/media?parent=2911"}],"wp:term":[{"taxonomy":"pwb-brand","embeddable":true,"href":"https:\/\/veganova.eu\/fi\/wp-json\/wp\/v2\/pwb-brand?post=2911"},{"taxonomy":"product_brand","embeddable":true,"href":"https:\/\/veganova.eu\/fi\/wp-json\/wp\/v2\/product_brand?post=2911"},{"taxonomy":"product_cat","embeddable":true,"href":"https:\/\/veganova.eu\/fi\/wp-json\/wp\/v2\/product_cat?post=2911"},{"taxonomy":"product_tag","embeddable":true,"href":"https:\/\/veganova.eu\/fi\/wp-json\/wp\/v2\/product_tag?post=2911"}],"curies":[{"name":"wp","href":"https:\/\/api.w.org\/{rel}","templated":true}]}}