{"id":3194,"date":"2023-10-01T17:04:05","date_gmt":"2023-10-01T15:04:05","guid":{"rendered":"https:\/\/veganova.eu\/?post_type=product&#038;p=3194"},"modified":"2026-04-21T07:23:49","modified_gmt":"2026-04-21T05:23:49","slug":"jarrow-formulas-same-400-30-tab","status":"publish","type":"product","link":"https:\/\/veganova.eu\/fi\/shop\/jarrow-formulas-same-400-30-tab\/","title":{"rendered":"Jarrow Formulas SAMe 400 (30 tab)"},"content":{"rendered":"<h3>Jarrow Formulas SAMe 400 (30 tab)<\/h3>\n<p>Jarrow Formulas SAMe 200 tarjoaa t\u00e4ydet 200 mg SAMe (nettotuotos) 400 mg:sta SAMe-tosylaattidisulfaattia. SAMe 200 valmistetaan alhaisessa l\u00e4mp\u00f6tilassa ja alhaisessa kosteudessa ja se on enterop\u00e4\u00e4llystetty biologisesti aktiivisen tuotteen varmistamiseksi.<\/p>\n<p>Sis\u00e4lt\u00e4\u00e4 enemm\u00e4n biologisesti aktiivista S,S- kuin R,S-muotoa.<br \/>\nSAMe on kaikissa el\u00e4viss\u00e4 soluissa esiintyv\u00e4 metioniinin (v\u00e4ltt\u00e4m\u00e4t\u00f6n aminohappo) metaboliitti. SAMe on kiraalinen molekyyli, joka koostuu kahdesta muodosta: (S,S)SAMe ja (R,S)SAMe. Biologisesti aktiivinen muoto on (S,S)-rakenne, kun taas (R,S)-rakenne on biologisesti inaktiivinen. Jarrow Formulas SAMe valmistetaan mikrobiologisella fermentoinnilla ja k\u00e4sitell\u00e4\u00e4n sen j\u00e4lkeen ilman kemiallisia liuottimia 68-80% (S,S) SAMen s\u00e4ilytt\u00e4miseksi.<\/p>\n<p>SAMe tukee:<\/p>\n<p>Aivojen aineenvaihdunta ja mieliala*<br \/>\nSAMe-metylaatioreaktiot osallistuvat aivojen harmaan aineen ja solukalvojen olennaisen ainesosan fosfatidyylikoliinin synteesiin*.<br \/>\nneurotransmittereiden muodostumisessa tai aineenvaihdunnassa, mik\u00e4 auttaa luomaan<br \/>\ntukevat tasapainoista mielialaa.*<\/p>\n<p>Nivelten terveys*<br \/>\nSAMe tukee terveen sidekudoksen tuotantoa transsulfuraation avulla.* T\u00e4ss\u00e4 transsulfuraatioprosessissa SAMe-metaboliitit sulfatoivat glykosaminoglykaanien (GAG), kuten glukosamiinin ja kondroitiinin, kriittisi\u00e4 sidekudoksen komponentteja, jolloin saadaan sulfatoituja GAG:eja, kuten glukosamiinisulfaattia ja kondroitiinisulfaattia, jotka ovat ruston rakennusaineita.*<\/p>\n<p>Maksan toiminta*<br \/>\nSAMe tukee glutationin (GSH) synteesi\u00e4, joka on kriittinen antioksidanttipuolustukselle ja maksan toiminnoille, mukaan lukien vaiheen II detoksifikaatio.*<\/p>\n<p>Jarrow Formulas SAMe 200 on folio-blisteripakattu vakauden maksimoimiseksi, ja se sis\u00e4lt\u00e4\u00e4 200 mg S-Adenosyylimetioniinia, joka on per\u00e4isin 400 mg:sta SAMe-tosylaattidisulfaattia.<\/p>","protected":false},"excerpt":{"rendered":"<p>Vegaaninen ravintolis\u00e4 Jarrow Formulas SAMe 400 soveltuu terveisiin niveliin, maksan vieroitusoireiden poistoon, aivotoimintojen vahvistamiseen ja hyv\u00e4n mielialan tukemiseen. Pakkaus sis\u00e4lt\u00e4\u00e4: 30 tablettia.<\/p>","protected":false},"featured_media":11252,"comment_status":"closed","ping_status":"closed","template":"","meta":{"advanced_seo_description":"","jetpack_seo_html_title":"","jetpack_seo_noindex":false},"pwb-brand":[165],"product_brand":[4572],"product_cat":[294,143],"product_tag":[1146,1273,1272,1271],"class_list":{"0":"post-3194","1":"product","2":"type-product","3":"status-publish","4":"has-post-thumbnail","6":"pwb-brand-jarrow-formulas","7":"product_brand-jarrow-formulas","8":"product_cat-for-seniors","9":"product_cat-health-issues","10":"product_tag-good-mood","11":"product_tag-healthy-brain","12":"product_tag-healthy-joints","13":"product_tag-liver-detox","14":"brand_woo-jarrow-formulas","16":"first","17":"instock","18":"taxable","19":"shipping-taxable","20":"purchasable","21":"product-type-simple"},"jetpack_sharing_enabled":true,"brands":[{"id":165,"name":"Jarrow Formulas","slug":"jarrow-formulas"}],"_links":{"self":[{"href":"https:\/\/veganova.eu\/fi\/wp-json\/wp\/v2\/product\/3194","targetHints":{"allow":["GET"]}}],"collection":[{"href":"https:\/\/veganova.eu\/fi\/wp-json\/wp\/v2\/product"}],"about":[{"href":"https:\/\/veganova.eu\/fi\/wp-json\/wp\/v2\/types\/product"}],"replies":[{"embeddable":true,"href":"https:\/\/veganova.eu\/fi\/wp-json\/wp\/v2\/comments?post=3194"}],"version-history":[{"count":1,"href":"https:\/\/veganova.eu\/fi\/wp-json\/wp\/v2\/product\/3194\/revisions"}],"predecessor-version":[{"id":57680,"href":"https:\/\/veganova.eu\/fi\/wp-json\/wp\/v2\/product\/3194\/revisions\/57680"}],"wp:featuredmedia":[{"embeddable":true,"href":"https:\/\/veganova.eu\/fi\/wp-json\/wp\/v2\/media\/11252"}],"wp:attachment":[{"href":"https:\/\/veganova.eu\/fi\/wp-json\/wp\/v2\/media?parent=3194"}],"wp:term":[{"taxonomy":"pwb-brand","embeddable":true,"href":"https:\/\/veganova.eu\/fi\/wp-json\/wp\/v2\/pwb-brand?post=3194"},{"taxonomy":"product_brand","embeddable":true,"href":"https:\/\/veganova.eu\/fi\/wp-json\/wp\/v2\/product_brand?post=3194"},{"taxonomy":"product_cat","embeddable":true,"href":"https:\/\/veganova.eu\/fi\/wp-json\/wp\/v2\/product_cat?post=3194"},{"taxonomy":"product_tag","embeddable":true,"href":"https:\/\/veganova.eu\/fi\/wp-json\/wp\/v2\/product_tag?post=3194"}],"curies":[{"name":"wp","href":"https:\/\/api.w.org\/{rel}","templated":true}]}}