{"id":3201,"date":"2023-10-01T17:04:09","date_gmt":"2023-10-01T15:04:09","guid":{"rendered":"https:\/\/veganova.eu\/?post_type=product&#038;p=3201"},"modified":"2026-04-21T07:23:50","modified_gmt":"2026-04-21T05:23:50","slug":"jarrow-formulas-yum-yum-dophilus-1-billion-120-chewable-tab","status":"publish","type":"product","link":"https:\/\/veganova.eu\/fi\/shop\/jarrow-formulas-yum-yum-dophilus-1-billion-120-chewable-tab\/","title":{"rendered":"Jarrow Formulas Yum-Yum Dophilus, 1 miljardi (120 purutablettia)"},"content":{"rendered":"<h3>Jarrow Formulas Yum-Yum Dophilus, 1 miljardi (120 purutablettia)<\/h3>\n<p>Mit\u00e4 Yum-Yum Dophilus tekee?<br \/>\nJarrow Formulas Yum-Yum Dophilus tarjoaa 4 kliinisesti dokumentoitua hy\u00f6dyllist\u00e4 bakteerikantaa namipurutabletissa. Hy\u00f6dylliseen suolistoflooraan voi vaikuttaa negatiivisesti tai sit\u00e4 voi v\u00e4hent\u00e4\u00e4 ruokavalio, joka sis\u00e4lt\u00e4\u00e4 v\u00e4h\u00e4n kuitua, runsaasti el\u00e4inproteiinia, l\u00e4\u00e4kkeiden k\u00e4ytt\u00f6, matkustaminen ja stressi jne. Tuloksena on dysbioosi (eli suoliston normaalin mikroflooran h\u00e4iri\u00f6), joka voi vaikuttaa negatiivisesti ruoansulatuskanavan toimintaan ja hyvinvointiin.<\/p>\n<p>Yum-Yum Dophiluksen sis\u00e4lt\u00e4m\u00e4t yst\u00e4v\u00e4lliset bakteerit auttavat yll\u00e4pit\u00e4m\u00e4\u00e4n tasapainoista suoliston mikroflooraa, tukevat immuunij\u00e4rjestelm\u00e4n toimintaa ja edist\u00e4v\u00e4t terveytt\u00e4. Ksylitolia k\u00e4ytet\u00e4\u00e4n parantamaan makua ja tukemaan hampaiden terveytt\u00e4.<\/p>\n<p>Sokeriton. Ei keinotekoisia makeutusaineita, makuja tai v\u00e4rej\u00e4.<\/p>\n<p>Kukin tabletti on yksitt\u00e4ispakattu l\u00e4pipainopakkaukseen, mik\u00e4 lis\u00e4\u00e4 vakautta ja mukavuutta.<\/p>","protected":false},"excerpt":{"rendered":"<p>Probiootteja, inuliinia ja frukto-oligosakkarideja sis\u00e4lt\u00e4v\u00e4 ravintolis\u00e4 Jarrow Formulas Yum-Yum Dophilus, 1 Billion, pakkaus sis\u00e4lt\u00e4\u00e4: 120 purutablettia.<\/p>","protected":false},"featured_media":11337,"comment_status":"closed","ping_status":"closed","template":"","meta":{"advanced_seo_description":"","jetpack_seo_html_title":"","jetpack_seo_noindex":false},"pwb-brand":[165],"product_brand":[4572],"product_cat":[596],"product_tag":[1156,1276,1117,1275],"class_list":{"0":"post-3201","1":"product","2":"type-product","3":"status-publish","4":"has-post-thumbnail","6":"pwb-brand-jarrow-formulas","7":"product_brand-jarrow-formulas","8":"product_cat-digestion","9":"product_tag-healthy-digestion","10":"product_tag-healthy-intestine","11":"product_tag-immunity","12":"product_tag-intestinal-microflora","13":"brand_woo-jarrow-formulas","15":"first","16":"instock","17":"sale","18":"taxable","19":"shipping-taxable","20":"purchasable","21":"product-type-simple"},"jetpack_sharing_enabled":true,"brands":[{"id":165,"name":"Jarrow Formulas","slug":"jarrow-formulas"}],"_links":{"self":[{"href":"https:\/\/veganova.eu\/fi\/wp-json\/wp\/v2\/product\/3201","targetHints":{"allow":["GET"]}}],"collection":[{"href":"https:\/\/veganova.eu\/fi\/wp-json\/wp\/v2\/product"}],"about":[{"href":"https:\/\/veganova.eu\/fi\/wp-json\/wp\/v2\/types\/product"}],"replies":[{"embeddable":true,"href":"https:\/\/veganova.eu\/fi\/wp-json\/wp\/v2\/comments?post=3201"}],"version-history":[{"count":1,"href":"https:\/\/veganova.eu\/fi\/wp-json\/wp\/v2\/product\/3201\/revisions"}],"predecessor-version":[{"id":57687,"href":"https:\/\/veganova.eu\/fi\/wp-json\/wp\/v2\/product\/3201\/revisions\/57687"}],"wp:featuredmedia":[{"embeddable":true,"href":"https:\/\/veganova.eu\/fi\/wp-json\/wp\/v2\/media\/11337"}],"wp:attachment":[{"href":"https:\/\/veganova.eu\/fi\/wp-json\/wp\/v2\/media?parent=3201"}],"wp:term":[{"taxonomy":"pwb-brand","embeddable":true,"href":"https:\/\/veganova.eu\/fi\/wp-json\/wp\/v2\/pwb-brand?post=3201"},{"taxonomy":"product_brand","embeddable":true,"href":"https:\/\/veganova.eu\/fi\/wp-json\/wp\/v2\/product_brand?post=3201"},{"taxonomy":"product_cat","embeddable":true,"href":"https:\/\/veganova.eu\/fi\/wp-json\/wp\/v2\/product_cat?post=3201"},{"taxonomy":"product_tag","embeddable":true,"href":"https:\/\/veganova.eu\/fi\/wp-json\/wp\/v2\/product_tag?post=3201"}],"curies":[{"name":"wp","href":"https:\/\/api.w.org\/{rel}","templated":true}]}}