{"id":3520,"date":"2023-10-01T17:06:14","date_gmt":"2023-10-01T15:06:14","guid":{"rendered":"https:\/\/veganova.eu\/?post_type=product&#038;p=3520"},"modified":"2026-05-09T02:34:31","modified_gmt":"2026-05-09T00:34:31","slug":"now-foods-l-carnitine-liquid-1000mg-citrus-flavor-473-ml","status":"publish","type":"product","link":"https:\/\/veganova.eu\/fi\/shop\/now-foods-l-carnitine-liquid-1000mg-citrus-flavor-473-ml\/","title":{"rendered":"NOW Foods L-karnitiini neste, 1000mg Citrus maku (473 ml)"},"content":{"rendered":"<h3>NOW Foods L-karnitiini neste<\/h3>\n<ul>\n<li>1 000 MG<\/li>\n<li>Eritt\u00e4in imukykyinen<\/li>\n<li>Rasvan aineenvaihdunta<\/li>\n<li>NOW L-karnitiininesteess\u00e4 on kaikki karnitiinin ominaisuudet hyvin imeytyv\u00e4ss\u00e4 nestem\u00e4isess\u00e4 muodossa.<\/li>\n<li>L-karnitiini on ei-v\u00e4ltt\u00e4m\u00e4t\u00f6n aminohappo, joka auttaa yll\u00e4pit\u00e4m\u00e4\u00e4n yleist\u00e4 terveytt\u00e4 helpottamalla rasvahapporyhmien siirt\u00e4mist\u00e4 mitokondriokalvoon solujen energiantuotantoa varten.<\/li>\n<li>Sit\u00e4 esiintyy luonnostaan punaisessa lihassa ja muissa el\u00e4inper\u00e4isiss\u00e4 elintarvikkeissa, mutta suosittelemme lis\u00e4ravinteiden k\u00e4ytt\u00f6\u00e4 t\u00e4m\u00e4n erinomaisen aminohapon optimaalisten pitoisuuksien saamiseksi.<\/li>\n<li>NOW L-karnitiini on puhtaimmassa muodossa, kliinisesti testattu ja kasvissy\u00f6j\u00e4 (ilman el\u00e4inper\u00e4isi\u00e4 resursseja).<\/li>\n<\/ul>","protected":false},"excerpt":{"rendered":"<p>Vegaaninen ravintolis\u00e4 NOW Foods L-Carnitine Liquid, 1000 mg, soveltuu kunnolliseen rasva-aineenvaihduntaan. Toimitetaan hyvin imeytyv\u00e4ss\u00e4 nestem\u00e4isess\u00e4 muodossa. Sitrushedelm\u00e4n maku, pakkaus sis\u00e4lt\u00e4\u00e4: 473 ml. Gluteeniton, GMO-vapaa.<\/p>","protected":false},"featured_media":51399,"comment_status":"closed","ping_status":"closed","template":"","meta":{"advanced_seo_description":"","jetpack_seo_html_title":"","jetpack_seo_noindex":false},"pwb-brand":[173],"product_brand":[4580],"product_cat":[155,132],"product_tag":[860,1097,1094],"class_list":{"0":"post-3520","1":"product","2":"type-product","3":"status-publish","4":"has-post-thumbnail","6":"pwb-brand-now-foods","7":"product_brand-now-foods","8":"product_cat-fat-burners","9":"product_cat-sports-nutrition","10":"product_tag-energy","11":"product_tag-fat-metabolism","12":"product_tag-metabolism","13":"brand_woo-now-foods","15":"first","16":"instock","17":"taxable","18":"shipping-taxable","19":"purchasable","20":"product-type-simple"},"jetpack_sharing_enabled":true,"brands":[{"id":173,"name":"NOW Foods","slug":"now-foods"}],"_links":{"self":[{"href":"https:\/\/veganova.eu\/fi\/wp-json\/wp\/v2\/product\/3520","targetHints":{"allow":["GET"]}}],"collection":[{"href":"https:\/\/veganova.eu\/fi\/wp-json\/wp\/v2\/product"}],"about":[{"href":"https:\/\/veganova.eu\/fi\/wp-json\/wp\/v2\/types\/product"}],"replies":[{"embeddable":true,"href":"https:\/\/veganova.eu\/fi\/wp-json\/wp\/v2\/comments?post=3520"}],"version-history":[{"count":1,"href":"https:\/\/veganova.eu\/fi\/wp-json\/wp\/v2\/product\/3520\/revisions"}],"predecessor-version":[{"id":57937,"href":"https:\/\/veganova.eu\/fi\/wp-json\/wp\/v2\/product\/3520\/revisions\/57937"}],"wp:featuredmedia":[{"embeddable":true,"href":"https:\/\/veganova.eu\/fi\/wp-json\/wp\/v2\/media\/51399"}],"wp:attachment":[{"href":"https:\/\/veganova.eu\/fi\/wp-json\/wp\/v2\/media?parent=3520"}],"wp:term":[{"taxonomy":"pwb-brand","embeddable":true,"href":"https:\/\/veganova.eu\/fi\/wp-json\/wp\/v2\/pwb-brand?post=3520"},{"taxonomy":"product_brand","embeddable":true,"href":"https:\/\/veganova.eu\/fi\/wp-json\/wp\/v2\/product_brand?post=3520"},{"taxonomy":"product_cat","embeddable":true,"href":"https:\/\/veganova.eu\/fi\/wp-json\/wp\/v2\/product_cat?post=3520"},{"taxonomy":"product_tag","embeddable":true,"href":"https:\/\/veganova.eu\/fi\/wp-json\/wp\/v2\/product_tag?post=3520"}],"curies":[{"name":"wp","href":"https:\/\/api.w.org\/{rel}","templated":true}]}}