{"id":47663,"date":"2024-09-15T12:26:37","date_gmt":"2024-09-15T10:26:37","guid":{"rendered":"https:\/\/veganova.eu\/?post_type=product&#038;p=47663"},"modified":"2026-04-21T07:25:50","modified_gmt":"2026-04-21T05:25:50","slug":"applied-nutrition-abe-all-black-everything-candy-ice-blast-ean-5056555204764-375g","status":"publish","type":"product","link":"https:\/\/veganova.eu\/fi\/shop\/applied-nutrition-abe-all-black-everything-candy-ice-blast-ean-5056555204764-375g\/","title":{"rendered":"Applied Nutrition ABE - All Black Everything, Candy Ice Blast (EAN 5056555204764) - 375g (kaikki musta kaikki), Candy Ice Blast - 375g)"},"content":{"rendered":"<h3>Applied Nutrition ABE - All Black Everything, Candy Ice Blast (EAN 5056555204764) - 375g (kaikki musta kaikki), Candy Ice Blast - 375g)<\/h3>\n<p>ABE Ultimate Pre-Workout tarjoaa ainutlaatuisen sekoituksen tutkituimpia ergogeenisi\u00e4 apuv\u00e4lineit\u00e4 ja suorituskyky\u00e4 parantavia ainesosia, jotka lis\u00e4\u00e4v\u00e4t fyysist\u00e4 suorituskyky\u00e4si, v\u00e4hent\u00e4v\u00e4t v\u00e4symyst\u00e4 ja uupumusta ja parantavat keskittymist\u00e4 koko harjoitusjakson ajan.<\/p>","protected":false},"excerpt":{"rendered":"<p>Pre-workout Applied Nutrition ABE All Black Everything powder will provide energy for training and all the necessary nutrients for athletes. Flavor: Candy Ice Blast. Package contents:375g. The best selling product in the UK.<\/p>","protected":false},"featured_media":47431,"comment_status":"closed","ping_status":"closed","template":"","meta":{"advanced_seo_description":"","jetpack_seo_html_title":"","jetpack_seo_noindex":false},"pwb-brand":[202],"product_brand":[4592],"product_cat":[203,132],"product_tag":[],"class_list":{"0":"post-47663","1":"product","2":"type-product","3":"status-publish","4":"has-post-thumbnail","6":"pwb-brand-applied-nutrition","7":"product_brand-applied-nutrition","8":"product_cat-pre-workout","9":"product_cat-sports-nutrition","10":"brand_woo-applied-nutrition","12":"first","13":"instock","14":"taxable","15":"shipping-taxable","16":"purchasable","17":"product-type-simple"},"jetpack_sharing_enabled":true,"brands":[{"id":202,"name":"Sovellettu ravitsemus","slug":"applied-nutrition"}],"_links":{"self":[{"href":"https:\/\/veganova.eu\/fi\/wp-json\/wp\/v2\/product\/47663","targetHints":{"allow":["GET"]}}],"collection":[{"href":"https:\/\/veganova.eu\/fi\/wp-json\/wp\/v2\/product"}],"about":[{"href":"https:\/\/veganova.eu\/fi\/wp-json\/wp\/v2\/types\/product"}],"replies":[{"embeddable":true,"href":"https:\/\/veganova.eu\/fi\/wp-json\/wp\/v2\/comments?post=47663"}],"version-history":[{"count":1,"href":"https:\/\/veganova.eu\/fi\/wp-json\/wp\/v2\/product\/47663\/revisions"}],"predecessor-version":[{"id":59177,"href":"https:\/\/veganova.eu\/fi\/wp-json\/wp\/v2\/product\/47663\/revisions\/59177"}],"wp:featuredmedia":[{"embeddable":true,"href":"https:\/\/veganova.eu\/fi\/wp-json\/wp\/v2\/media\/47431"}],"wp:attachment":[{"href":"https:\/\/veganova.eu\/fi\/wp-json\/wp\/v2\/media?parent=47663"}],"wp:term":[{"taxonomy":"pwb-brand","embeddable":true,"href":"https:\/\/veganova.eu\/fi\/wp-json\/wp\/v2\/pwb-brand?post=47663"},{"taxonomy":"product_brand","embeddable":true,"href":"https:\/\/veganova.eu\/fi\/wp-json\/wp\/v2\/product_brand?post=47663"},{"taxonomy":"product_cat","embeddable":true,"href":"https:\/\/veganova.eu\/fi\/wp-json\/wp\/v2\/product_cat?post=47663"},{"taxonomy":"product_tag","embeddable":true,"href":"https:\/\/veganova.eu\/fi\/wp-json\/wp\/v2\/product_tag?post=47663"}],"curies":[{"name":"wp","href":"https:\/\/api.w.org\/{rel}","templated":true}]}}