{"id":47779,"date":"2024-09-15T12:28:50","date_gmt":"2024-09-15T10:28:50","guid":{"rendered":"https:\/\/veganova.eu\/?post_type=product&#038;p=47779"},"modified":"2026-04-21T07:25:55","modified_gmt":"2026-04-21T05:25:55","slug":"trained-by-jp-cream-of-rice-chocolate-hazelnut-spread-2000g","status":"publish","type":"product","link":"https:\/\/veganova.eu\/fi\/shop\/trained-by-jp-cream-of-rice-chocolate-hazelnut-spread-2000g\/","title":{"rendered":"Trained by JP Riisikermavaahto, suklaa-hasselp\u00e4hkin\u00e4kermavaahto - 2000g"},"content":{"rendered":"<h3>Trained by JP Riisikermavaahto, suklaa-hasselp\u00e4hkin\u00e4kermavaahto - 2000g<\/h3>\n<p>Miksi riisikerma?<\/p>\n<p>Valmistautumisen, offseasonin tai mink\u00e4 tahansa harjoitteluvaiheen aikana maukkaiden maustettujen asioiden sy\u00f6minen tylsemm\u00e4n riisin sijasta voi auttaa sinua pysym\u00e4\u00e4n ruokavaliossasi, koska se tuntuu usein herkulta, mutta se on t\u00e4ysin helppo sovittaa p\u00e4iv\u00e4n hiilihydraattitarpeisiin.<\/p>\n<p>Offseasonin aikana, kun ruoka voi nousta korkeammalle, ruoansulatus voi usein tulla hieman vaikeammaksi, ja t\u00e4ss\u00e4 vaiheessa, kun sinulla on erilaisia makuja, jotka sulavat aina t\u00e4ydellisesti , voit pit\u00e4\u00e4 ruokahalusi ja edisty\u00e4 eteenp\u00e4in.<\/p>\n<p>JP keskittyy itse suuresti ruoansulatukseen, sill\u00e4 h\u00e4n on saavuttanut valtavia kehonpainoja ja kalorien saantia, joten h\u00e4n on kokeillut ja testannut kaiken, mit\u00e4 valmistamme, varmistaakseen, ettei makeutusainetta ole liikaa ja ett\u00e4 makuaineet eiv\u00e4t ole liian voimakkaita - kaikki ne asiat, jotka ovat t\u00e4rkeit\u00e4, kun el\u00e4mme ja hengit\u00e4mme kehonrakennusta.<\/p>\n<p>2kg COR on saatavilla 13 herkullisessa makuvaihtoehdossa, jotta makunystyr\u00e4t pysyv\u00e4t tyytyv\u00e4isin\u00e4!<\/p>\n<ul>\n<li>Nopeasti vaikuttava hiilihydraatti<\/li>\n<li>Uskomaton maku<\/li>\n<li>Helppo sekoittaa<\/li>\n<li>T\u00e4ydellisesti sulatettu<\/li>\n<li>2KG on 80x 25g annosta.<\/li>\n<\/ul>","protected":false},"excerpt":{"rendered":"<p>Power fitness breakfast Trained by JP Cream of Rice, flavor: Chocolate Hazelnut Spread. Content: 2000g. Certification: vegan, vegetarian, gluten free.<\/p>","protected":false},"featured_media":47529,"comment_status":"closed","ping_status":"closed","template":"","meta":{"advanced_seo_description":"","jetpack_seo_html_title":"","jetpack_seo_noindex":false},"pwb-brand":[2217],"product_brand":[4954],"product_cat":[225,132],"product_tag":[],"class_list":{"0":"post-47779","1":"product","2":"type-product","3":"status-publish","4":"has-post-thumbnail","6":"pwb-brand-trained-by-jp","7":"product_brand-trained-by-jp","8":"product_cat-carbohydrates","9":"product_cat-sports-nutrition","10":"brand_woo-trained-by-jp","12":"first","13":"instock","14":"taxable","15":"shipping-taxable","16":"purchasable","17":"product-type-simple"},"jetpack_sharing_enabled":true,"brands":[{"id":2217,"name":"Kouluttanut JP","slug":"trained-by-jp"}],"_links":{"self":[{"href":"https:\/\/veganova.eu\/fi\/wp-json\/wp\/v2\/product\/47779","targetHints":{"allow":["GET"]}}],"collection":[{"href":"https:\/\/veganova.eu\/fi\/wp-json\/wp\/v2\/product"}],"about":[{"href":"https:\/\/veganova.eu\/fi\/wp-json\/wp\/v2\/types\/product"}],"replies":[{"embeddable":true,"href":"https:\/\/veganova.eu\/fi\/wp-json\/wp\/v2\/comments?post=47779"}],"version-history":[{"count":2,"href":"https:\/\/veganova.eu\/fi\/wp-json\/wp\/v2\/product\/47779\/revisions"}],"predecessor-version":[{"id":60041,"href":"https:\/\/veganova.eu\/fi\/wp-json\/wp\/v2\/product\/47779\/revisions\/60041"}],"wp:featuredmedia":[{"embeddable":true,"href":"https:\/\/veganova.eu\/fi\/wp-json\/wp\/v2\/media\/47529"}],"wp:attachment":[{"href":"https:\/\/veganova.eu\/fi\/wp-json\/wp\/v2\/media?parent=47779"}],"wp:term":[{"taxonomy":"pwb-brand","embeddable":true,"href":"https:\/\/veganova.eu\/fi\/wp-json\/wp\/v2\/pwb-brand?post=47779"},{"taxonomy":"product_brand","embeddable":true,"href":"https:\/\/veganova.eu\/fi\/wp-json\/wp\/v2\/product_brand?post=47779"},{"taxonomy":"product_cat","embeddable":true,"href":"https:\/\/veganova.eu\/fi\/wp-json\/wp\/v2\/product_cat?post=47779"},{"taxonomy":"product_tag","embeddable":true,"href":"https:\/\/veganova.eu\/fi\/wp-json\/wp\/v2\/product_tag?post=47779"}],"curies":[{"name":"wp","href":"https:\/\/api.w.org\/{rel}","templated":true}]}}