{"id":47813,"date":"2024-09-15T12:29:20","date_gmt":"2024-09-15T10:29:20","guid":{"rendered":"https:\/\/veganova.eu\/?post_type=product&#038;p=47813"},"modified":"2026-05-02T02:27:34","modified_gmt":"2026-05-02T00:27:34","slug":"applied-nutrition-critical-greens-apple-burst-150g","status":"publish","type":"product","link":"https:\/\/veganova.eu\/fi\/shop\/applied-nutrition-critical-greens-apple-burst-150g\/","title":{"rendered":"Applied Nutrition Critical Greens, Apple Burst - 150g - 150g"},"content":{"rendered":"<h3>Applied Nutrition Critical Greens, Apple Burst - 150g - 150g<\/h3>\n<p>Critical Greens on t\u00e4ynn\u00e4 17 super-vihannesuutetta, mukaan lukien parsakaali-, selleri-, pinaatti-, vehn\u00e4nurmikka- ja lehtikaalijauhe, ja saat urheilulliset vihannekset eritt\u00e4in k\u00e4tev\u00e4sti. Kriittinen sekoituksemme voidaan yksinkertaisesti lis\u00e4t\u00e4 proteiinipirtel\u00f6\u00f6n, hedelm\u00e4smoothieen tai sekoittaa veteen raikkaan luonnollisen maun saamiseksi.<\/p>\n<p>AVAINTIEDUT<\/p>\n<p>Ultimaattinen urheilullinen super vihannesten sekoitus<br \/>\nK\u00e4ytet\u00e4\u00e4n yhdess\u00e4 viiden p\u00e4iv\u00e4n ruokavaliosi kanssa<br \/>\n17 super-vihre\u00e4t ainesosat<br \/>\nRaikas luonnollinen maku<br \/>\nSopii vegaaneille ja kasvissy\u00f6jille<br \/>\nHalal-sertifioitu tuote<\/p>","protected":false},"excerpt":{"rendered":"<p>Superfood-juoma jauheena Applied Nutrition Critical Greens, maulla: Apple Burst. Sis\u00e4lt\u00f6: Hapankorkeus: 1,5 kg: 150g. Sertifiointi: Vegaaninen, kasvissy\u00f6j\u00e4, halal.<\/p>","protected":false},"featured_media":52020,"comment_status":"closed","ping_status":"closed","template":"","meta":{"advanced_seo_description":"","jetpack_seo_html_title":"","jetpack_seo_noindex":false},"pwb-brand":[202],"product_brand":[4592],"product_cat":[149],"product_tag":[],"class_list":{"0":"post-47813","1":"product","2":"type-product","3":"status-publish","4":"has-post-thumbnail","6":"pwb-brand-applied-nutrition","7":"product_brand-applied-nutrition","8":"product_cat-superfoods","9":"brand_woo-applied-nutrition","11":"first","12":"instock","13":"taxable","14":"shipping-taxable","15":"purchasable","16":"product-type-simple"},"jetpack_sharing_enabled":true,"brands":[{"id":202,"name":"Sovellettu ravitsemus","slug":"applied-nutrition"}],"_links":{"self":[{"href":"https:\/\/veganova.eu\/fi\/wp-json\/wp\/v2\/product\/47813","targetHints":{"allow":["GET"]}}],"collection":[{"href":"https:\/\/veganova.eu\/fi\/wp-json\/wp\/v2\/product"}],"about":[{"href":"https:\/\/veganova.eu\/fi\/wp-json\/wp\/v2\/types\/product"}],"replies":[{"embeddable":true,"href":"https:\/\/veganova.eu\/fi\/wp-json\/wp\/v2\/comments?post=47813"}],"version-history":[{"count":1,"href":"https:\/\/veganova.eu\/fi\/wp-json\/wp\/v2\/product\/47813\/revisions"}],"predecessor-version":[{"id":59242,"href":"https:\/\/veganova.eu\/fi\/wp-json\/wp\/v2\/product\/47813\/revisions\/59242"}],"wp:featuredmedia":[{"embeddable":true,"href":"https:\/\/veganova.eu\/fi\/wp-json\/wp\/v2\/media\/52020"}],"wp:attachment":[{"href":"https:\/\/veganova.eu\/fi\/wp-json\/wp\/v2\/media?parent=47813"}],"wp:term":[{"taxonomy":"pwb-brand","embeddable":true,"href":"https:\/\/veganova.eu\/fi\/wp-json\/wp\/v2\/pwb-brand?post=47813"},{"taxonomy":"product_brand","embeddable":true,"href":"https:\/\/veganova.eu\/fi\/wp-json\/wp\/v2\/product_brand?post=47813"},{"taxonomy":"product_cat","embeddable":true,"href":"https:\/\/veganova.eu\/fi\/wp-json\/wp\/v2\/product_cat?post=47813"},{"taxonomy":"product_tag","embeddable":true,"href":"https:\/\/veganova.eu\/fi\/wp-json\/wp\/v2\/product_tag?post=47813"}],"curies":[{"name":"wp","href":"https:\/\/api.w.org\/{rel}","templated":true}]}}