{"id":47895,"date":"2024-09-15T12:30:52","date_gmt":"2024-09-15T10:30:52","guid":{"rendered":"https:\/\/veganova.eu\/?post_type=product&#038;p=47895"},"modified":"2026-04-21T07:25:59","modified_gmt":"2026-04-21T05:25:59","slug":"doctors-best-glutathione-milk-thistle-60-vcaps","status":"publish","type":"product","link":"https:\/\/veganova.eu\/fi\/shop\/doctors-best-glutathione-milk-thistle-60-vcaps\/","title":{"rendered":"L\u00e4\u00e4k\u00e4rin paras glutationi + maito ohdake - 60 vcapsia"},"content":{"rendered":"<h3>L\u00e4\u00e4k\u00e4rin paras glutationi + maito ohdake - 60 vcapsia<\/h3>\n<p>Science-Based Nutrition<br \/>\nWith Setria\u00ae Glutathione<br \/>\nSupport Liver Health and Antioxidant Activity<br \/>\nRavintolis\u00e4<br \/>\nVegaani<br \/>\nNon-GMO\/Gluten Free\/Soy Free<\/p>\n<p>Doctor&#8217;s Best Glutathione + Milk Thistle contains Setria glutathione. Setria glutathione has been clinically shown to increase circulating levels of glutathione, the foremost protective and regulatory antioxidant naturally concentrated in all cells. Milk thistle extract provides silymarin, which increases levels of cysteine, one of the key amino acids that comprise glutathione, in the liver. Selenium is essential for facilitating glutathione&#8217;s role in supporting energy production, detoxification and other fundamental life processes.<\/p>\n<p>Supports:<br \/>\nLiver health<br \/>\nAntioxidant activity<\/p>","protected":false},"excerpt":{"rendered":"<p>Doctor&#8217;s Best Best Glutathione + Milk Thistle for immunity, detox and intestinal health. Package content: 60 vegetarian capsules. Certification: Vegan, gluten free, soy free, NON GMO.<\/p>","protected":false},"featured_media":52174,"comment_status":"closed","ping_status":"closed","template":"","meta":{"advanced_seo_description":"","jetpack_seo_html_title":"","jetpack_seo_noindex":false},"pwb-brand":[147],"product_brand":[4565],"product_cat":[2592,143,2596,2591,152],"product_tag":[],"class_list":{"0":"post-47895","1":"product","2":"type-product","3":"status-publish","4":"has-post-thumbnail","6":"pwb-brand-doctors-best","7":"product_brand-doctors-best","8":"product_cat-detox","9":"product_cat-health-issues","10":"product_cat-herbs","11":"product_cat-liver","12":"product_cat-vitamins-and-minerals","13":"brand_woo-doctors-best","15":"first","16":"instock","17":"sale","18":"taxable","19":"shipping-taxable","20":"purchasable","21":"product-type-simple"},"jetpack_sharing_enabled":true,"brands":[{"id":147,"name":"L\u00e4\u00e4k\u00e4rin paras","slug":"doctors-best"}],"_links":{"self":[{"href":"https:\/\/veganova.eu\/fi\/wp-json\/wp\/v2\/product\/47895","targetHints":{"allow":["GET"]}}],"collection":[{"href":"https:\/\/veganova.eu\/fi\/wp-json\/wp\/v2\/product"}],"about":[{"href":"https:\/\/veganova.eu\/fi\/wp-json\/wp\/v2\/types\/product"}],"replies":[{"embeddable":true,"href":"https:\/\/veganova.eu\/fi\/wp-json\/wp\/v2\/comments?post=47895"}],"version-history":[{"count":1,"href":"https:\/\/veganova.eu\/fi\/wp-json\/wp\/v2\/product\/47895\/revisions"}],"predecessor-version":[{"id":59278,"href":"https:\/\/veganova.eu\/fi\/wp-json\/wp\/v2\/product\/47895\/revisions\/59278"}],"wp:featuredmedia":[{"embeddable":true,"href":"https:\/\/veganova.eu\/fi\/wp-json\/wp\/v2\/media\/52174"}],"wp:attachment":[{"href":"https:\/\/veganova.eu\/fi\/wp-json\/wp\/v2\/media?parent=47895"}],"wp:term":[{"taxonomy":"pwb-brand","embeddable":true,"href":"https:\/\/veganova.eu\/fi\/wp-json\/wp\/v2\/pwb-brand?post=47895"},{"taxonomy":"product_brand","embeddable":true,"href":"https:\/\/veganova.eu\/fi\/wp-json\/wp\/v2\/product_brand?post=47895"},{"taxonomy":"product_cat","embeddable":true,"href":"https:\/\/veganova.eu\/fi\/wp-json\/wp\/v2\/product_cat?post=47895"},{"taxonomy":"product_tag","embeddable":true,"href":"https:\/\/veganova.eu\/fi\/wp-json\/wp\/v2\/product_tag?post=47895"}],"curies":[{"name":"wp","href":"https:\/\/api.w.org\/{rel}","templated":true}]}}