{"id":48075,"date":"2024-09-15T12:34:17","date_gmt":"2024-09-15T10:34:17","guid":{"rendered":"https:\/\/veganova.eu\/?post_type=product&#038;p=48075"},"modified":"2026-04-21T07:26:07","modified_gmt":"2026-04-21T05:26:07","slug":"rule-one-plant-protein-vanilla-creme-620g","status":"publish","type":"product","link":"https:\/\/veganova.eu\/fi\/shop\/rule-one-plant-protein-vanilla-creme-620g\/","title":{"rendered":"Rule One Kasviproteiini, Vanilla Creme - 620g"},"content":{"rendered":"<h3>Rule One Kasviproteiini, Vanilla Creme - 620g<\/h3>\n<p>R1 Plant Protein on kehitetty ihmisille, jotka haluavat lis\u00e4proteiinia, mutta haluavat rajoittaa tai v\u00e4ltt\u00e4\u00e4 kokonaan el\u00e4inper\u00e4isi\u00e4 tuotteita. R1 Plant Protein sis\u00e4lt\u00e4\u00e4 20 g vegaani- ja paleo-yst\u00e4v\u00e4llist\u00e4 proteiinia, joka sis\u00e4lt\u00e4\u00e4 kaikki 9 v\u00e4ltt\u00e4m\u00e4t\u00f6nt\u00e4 aminohappoa (EAA).<\/p>","protected":false},"excerpt":{"rendered":"<p>Rule One Plant Protein tarjoaa 20 g vegaanista ja paleoyst\u00e4v\u00e4llist\u00e4 proteiinia, joka sis\u00e4lt\u00e4\u00e4 kaikki 9 v\u00e4ltt\u00e4m\u00e4t\u00f6nt\u00e4 aminohappoa (EAA). Maku: Vanilla Creme. Sis\u00e4lt\u00f6: Kermavaahto: Vaniljainen Creme: 620g. Sertifiointi: vegaaninen, gluteeniton.<\/p>","protected":false},"featured_media":52072,"comment_status":"closed","ping_status":"closed","template":"","meta":{"advanced_seo_description":"","jetpack_seo_html_title":"","jetpack_seo_noindex":false},"pwb-brand":[411],"product_brand":[4723],"product_cat":[132,133],"product_tag":[],"class_list":{"0":"post-48075","1":"product","2":"type-product","3":"status-publish","4":"has-post-thumbnail","6":"pwb-brand-rule-one","7":"product_brand-rule-one","8":"product_cat-sports-nutrition","9":"product_cat-vegan-proteins","10":"brand_woo-rule-one","12":"first","13":"instock","14":"sale","15":"taxable","16":"shipping-taxable","17":"purchasable","18":"product-type-simple"},"jetpack_sharing_enabled":true,"brands":[{"id":411,"name":"S\u00e4\u00e4nt\u00f6 yksi","slug":"rule-one"}],"_links":{"self":[{"href":"https:\/\/veganova.eu\/fi\/wp-json\/wp\/v2\/product\/48075","targetHints":{"allow":["GET"]}}],"collection":[{"href":"https:\/\/veganova.eu\/fi\/wp-json\/wp\/v2\/product"}],"about":[{"href":"https:\/\/veganova.eu\/fi\/wp-json\/wp\/v2\/types\/product"}],"replies":[{"embeddable":true,"href":"https:\/\/veganova.eu\/fi\/wp-json\/wp\/v2\/comments?post=48075"}],"version-history":[{"count":1,"href":"https:\/\/veganova.eu\/fi\/wp-json\/wp\/v2\/product\/48075\/revisions"}],"predecessor-version":[{"id":59342,"href":"https:\/\/veganova.eu\/fi\/wp-json\/wp\/v2\/product\/48075\/revisions\/59342"}],"wp:featuredmedia":[{"embeddable":true,"href":"https:\/\/veganova.eu\/fi\/wp-json\/wp\/v2\/media\/52072"}],"wp:attachment":[{"href":"https:\/\/veganova.eu\/fi\/wp-json\/wp\/v2\/media?parent=48075"}],"wp:term":[{"taxonomy":"pwb-brand","embeddable":true,"href":"https:\/\/veganova.eu\/fi\/wp-json\/wp\/v2\/pwb-brand?post=48075"},{"taxonomy":"product_brand","embeddable":true,"href":"https:\/\/veganova.eu\/fi\/wp-json\/wp\/v2\/product_brand?post=48075"},{"taxonomy":"product_cat","embeddable":true,"href":"https:\/\/veganova.eu\/fi\/wp-json\/wp\/v2\/product_cat?post=48075"},{"taxonomy":"product_tag","embeddable":true,"href":"https:\/\/veganova.eu\/fi\/wp-json\/wp\/v2\/product_tag?post=48075"}],"curies":[{"name":"wp","href":"https:\/\/api.w.org\/{rel}","templated":true}]}}