{"id":5122,"date":"2023-10-01T17:08:47","date_gmt":"2023-10-01T15:08:47","guid":{"rendered":"https:\/\/veganova.eu\/?post_type=product&#038;p=5122"},"modified":"2026-05-05T02:31:19","modified_gmt":"2026-05-05T00:31:19","slug":"doctors-best-multi-vitamin-90-kaps","status":"publish","type":"product","link":"https:\/\/veganova.eu\/fi\/shop\/doctors-best-multi-vitamin-90-kaps\/","title":{"rendered":"L\u00e4\u00e4k\u00e4rin paras monivitamiini (90 kaps)"},"content":{"rendered":"<h3>Doctor&#8217;s Best Multi-Vitamin<\/h3>\n<ul>\n<li>Doctor&#8217;s Best Multi-Vitamin provides a range of vitamins and minerals that have been shown to be essential for health.<\/li>\n<li>Daily dose: 1- 3 veggie capsules with food<\/li>\n<li>Gluten-free, Vegan<\/li>\n<\/ul>","protected":false},"excerpt":{"rendered":"<p>Vegan nutritional supplement Doctor&#8217;s Best Multi-Vitamin is suitable for supplementing a wide range of vitamins and minerals. The package contains: 90 capsules. Gluten-free.<\/p>","protected":false},"featured_media":53374,"comment_status":"closed","ping_status":"closed","template":"","meta":{"advanced_seo_description":"","jetpack_seo_html_title":"","jetpack_seo_noindex":false},"pwb-brand":[147],"product_brand":[4565],"product_cat":[153,152],"product_tag":[1117,1202,1162],"class_list":{"0":"post-5122","1":"product","2":"type-product","3":"status-publish","4":"has-post-thumbnail","6":"pwb-brand-doctors-best","7":"product_brand-doctors-best","8":"product_cat-vitamins","9":"product_cat-vitamins-and-minerals","10":"product_tag-immunity","11":"product_tag-multivitamin","12":"product_tag-overall-health","13":"brand_woo-doctors-best","15":"first","16":"instock","17":"taxable","18":"shipping-taxable","19":"purchasable","20":"product-type-simple"},"jetpack_sharing_enabled":true,"brands":[{"id":147,"name":"L\u00e4\u00e4k\u00e4rin paras","slug":"doctors-best"}],"_links":{"self":[{"href":"https:\/\/veganova.eu\/fi\/wp-json\/wp\/v2\/product\/5122","targetHints":{"allow":["GET"]}}],"collection":[{"href":"https:\/\/veganova.eu\/fi\/wp-json\/wp\/v2\/product"}],"about":[{"href":"https:\/\/veganova.eu\/fi\/wp-json\/wp\/v2\/types\/product"}],"replies":[{"embeddable":true,"href":"https:\/\/veganova.eu\/fi\/wp-json\/wp\/v2\/comments?post=5122"}],"version-history":[{"count":1,"href":"https:\/\/veganova.eu\/fi\/wp-json\/wp\/v2\/product\/5122\/revisions"}],"predecessor-version":[{"id":58235,"href":"https:\/\/veganova.eu\/fi\/wp-json\/wp\/v2\/product\/5122\/revisions\/58235"}],"wp:featuredmedia":[{"embeddable":true,"href":"https:\/\/veganova.eu\/fi\/wp-json\/wp\/v2\/media\/53374"}],"wp:attachment":[{"href":"https:\/\/veganova.eu\/fi\/wp-json\/wp\/v2\/media?parent=5122"}],"wp:term":[{"taxonomy":"pwb-brand","embeddable":true,"href":"https:\/\/veganova.eu\/fi\/wp-json\/wp\/v2\/pwb-brand?post=5122"},{"taxonomy":"product_brand","embeddable":true,"href":"https:\/\/veganova.eu\/fi\/wp-json\/wp\/v2\/product_brand?post=5122"},{"taxonomy":"product_cat","embeddable":true,"href":"https:\/\/veganova.eu\/fi\/wp-json\/wp\/v2\/product_cat?post=5122"},{"taxonomy":"product_tag","embeddable":true,"href":"https:\/\/veganova.eu\/fi\/wp-json\/wp\/v2\/product_tag?post=5122"}],"curies":[{"name":"wp","href":"https:\/\/api.w.org\/{rel}","templated":true}]}}