{"id":5126,"date":"2023-10-01T17:08:48","date_gmt":"2023-10-01T15:08:48","guid":{"rendered":"https:\/\/veganova.eu\/?post_type=product&#038;p=5126"},"modified":"2026-04-21T07:24:34","modified_gmt":"2026-04-21T05:24:34","slug":"doctors-best-noni-fruit-powder-650mg-120-kaps","status":"publish","type":"product","link":"https:\/\/veganova.eu\/fi\/shop\/doctors-best-noni-fruit-powder-650mg-120-kaps\/","title":{"rendered":"Doctor's Best Noni Fruit Powder, 650mg (120 kaps) (120 kaps)"},"content":{"rendered":"<h3>Doctor&#8217;s Best Noni Fruit Powder<\/h3>\n<ul>\n<li>Helps support the immune system.<\/li>\n<li>Dietary supplement: Vegetarian, GMO-free \/ Gluten-free \/ Soy-free<\/li>\n<li>Beneficial multifaceted antioxidant potential.<\/li>\n<li>Helps support healthy cellular life cycles.<\/li>\n<li>Helps promote overall well-being.<\/li>\n<li>Doctor&#8217;s Best Noni Fruit Powder contains pure organic noni fruit powder without GMO (Morinda citrifolia).<\/li>\n<li>Noni fruit has a long history of traditional use in Southeast Asia and the South Pacific for its health-promoting nutritional content, including vitamin C, enzymes and other beneficial antioxidant potential that supports the immune system, healthy cell life cycle and overall well-being.<\/li>\n<\/ul>","protected":false},"excerpt":{"rendered":"<p>Vegan nutritional supplement Doctor&#8217;s Best Noni Fruit Powder 650mg is loaded with antioxidants, supports immunity and overall well-being. The package contains: 120 capsules. Gluten-free, GMO-free.<\/p>","protected":false},"featured_media":53372,"comment_status":"closed","ping_status":"closed","template":"","meta":{"advanced_seo_description":"","jetpack_seo_html_title":"","jetpack_seo_noindex":false},"pwb-brand":[147],"product_brand":[4565],"product_cat":[688,289,597,2600,149],"product_tag":[1093,1167,854,860,1117,1155],"class_list":{"0":"post-5126","1":"product","2":"type-product","3":"status-publish","4":"has-post-thumbnail","6":"pwb-brand-doctors-best","7":"product_brand-doctors-best","8":"product_cat-beauty-supplements","9":"product_cat-heart-and-blood-vessels","10":"product_cat-body-immunity","11":"product_cat-inflammation","12":"product_cat-superfoods","13":"product_tag-antioxidant","14":"product_tag-blood-vessels","15":"product_tag-collagen-booster","16":"product_tag-energy","17":"product_tag-immunity","18":"product_tag-inflammation","19":"brand_woo-doctors-best","21":"first","22":"instock","23":"sale","24":"taxable","25":"shipping-taxable","26":"purchasable","27":"product-type-simple"},"jetpack_sharing_enabled":true,"brands":[{"id":147,"name":"L\u00e4\u00e4k\u00e4rin paras","slug":"doctors-best"}],"_links":{"self":[{"href":"https:\/\/veganova.eu\/fi\/wp-json\/wp\/v2\/product\/5126","targetHints":{"allow":["GET"]}}],"collection":[{"href":"https:\/\/veganova.eu\/fi\/wp-json\/wp\/v2\/product"}],"about":[{"href":"https:\/\/veganova.eu\/fi\/wp-json\/wp\/v2\/types\/product"}],"replies":[{"embeddable":true,"href":"https:\/\/veganova.eu\/fi\/wp-json\/wp\/v2\/comments?post=5126"}],"version-history":[{"count":1,"href":"https:\/\/veganova.eu\/fi\/wp-json\/wp\/v2\/product\/5126\/revisions"}],"predecessor-version":[{"id":58239,"href":"https:\/\/veganova.eu\/fi\/wp-json\/wp\/v2\/product\/5126\/revisions\/58239"}],"wp:featuredmedia":[{"embeddable":true,"href":"https:\/\/veganova.eu\/fi\/wp-json\/wp\/v2\/media\/53372"}],"wp:attachment":[{"href":"https:\/\/veganova.eu\/fi\/wp-json\/wp\/v2\/media?parent=5126"}],"wp:term":[{"taxonomy":"pwb-brand","embeddable":true,"href":"https:\/\/veganova.eu\/fi\/wp-json\/wp\/v2\/pwb-brand?post=5126"},{"taxonomy":"product_brand","embeddable":true,"href":"https:\/\/veganova.eu\/fi\/wp-json\/wp\/v2\/product_brand?post=5126"},{"taxonomy":"product_cat","embeddable":true,"href":"https:\/\/veganova.eu\/fi\/wp-json\/wp\/v2\/product_cat?post=5126"},{"taxonomy":"product_tag","embeddable":true,"href":"https:\/\/veganova.eu\/fi\/wp-json\/wp\/v2\/product_tag?post=5126"}],"curies":[{"name":"wp","href":"https:\/\/api.w.org\/{rel}","templated":true}]}}