{"id":5245,"date":"2023-10-01T17:09:46","date_gmt":"2023-10-01T15:09:46","guid":{"rendered":"https:\/\/veganova.eu\/?post_type=product&#038;p=5245"},"modified":"2026-04-27T02:22:34","modified_gmt":"2026-04-27T00:22:34","slug":"san-rawfusion-natural-chocolate-931g","status":"publish","type":"product","link":"https:\/\/veganova.eu\/fi\/shop\/san-rawfusion-natural-chocolate-931g\/","title":{"rendered":"SAN RawFusion, luonnollinen suklaa (931g)"},"content":{"rendered":"<h3>SAN RawFusion<\/h3>\n<ul>\n<li>Uuden sukupolven kasvipohjainen proteiini<\/li>\n<li>Yli vuoden intensiivinen tutkimus- ja kehitysty\u00f6 kylm\u00e4puristustekniikoiden alalla on johtanut SAN:n vertaansa vailla olevaan, vegaaneille hyv\u00e4ksyttyyn proteiinivalmisteeseen.<\/li>\n<li>RAWFUSION ei ole ainoastaan GMO Project Verified -sertifioitu, t\u00e4ysin luonnollinen ja allergeenivapaa kasvipohjainen proteiinil\u00e4hde, vaan se tarjoaa my\u00f6s huikeat 21 grammaa omaa biok\u00e4ymist\u00e4mme proteiinia annosta kohden - joten se sopii t\u00e4ydellisesti kaikille.<\/li>\n<li>RAWFUSIONin eksklusiivinen sekoitus herneproteiini-isolaattia, id\u00e4tetty\u00e4 ruskean riisin proteiinikonsentraattia, artisokkaproteiinikonsentraattia ja EFA-rikasta auringonkukka\u00f6ljymatriisia tuottaa t\u00e4m\u00e4n patentoidun koostumuksen, joka on ihanteellinen vegaaneille ja runsasproteiininen, j\u00e4rkev\u00e4 valinta my\u00f6s muille kuin vegaaneille.<\/li>\n<li>Itse asiassa yli 4,5 grammaa BCAA:ta annosta kohden tekee RAWFUSIONin aminohappoprofiilista maitoproteiinin kaltaisen, mutta ilman maito- tai el\u00e4inproteiinin haittoja.<\/li>\n<\/ul>","protected":false},"excerpt":{"rendered":"<p>Vegaaninen ravintolis\u00e4, joka sis\u00e4lt\u00e4\u00e4 kasviproteiinia ja aminohappoja SAN RawFusion on herneiden, ruskean riisin, artisokkien ja auringonkukka\u00f6ljyn seos. Sis\u00e4lt\u00e4\u00e4 21 g proteiinia ja 4,5 g BCAA:ta annosta kohti.  Maku: Luonnollinen suklaa, pakkaus sis\u00e4lt\u00e4\u00e4: Luonnollinen suklaa: 931g. Gluteeniton, GMO-vapaa.<\/p>","protected":false},"featured_media":51542,"comment_status":"closed","ping_status":"closed","template":"","meta":{"advanced_seo_description":"","jetpack_seo_html_title":"","jetpack_seo_noindex":false},"pwb-brand":[431],"product_brand":[4740],"product_cat":[132,133],"product_tag":[1445,1378,1443],"class_list":{"0":"post-5245","1":"product","2":"type-product","3":"status-publish","4":"has-post-thumbnail","6":"pwb-brand-san","7":"product_brand-san","8":"product_cat-sports-nutrition","9":"product_cat-vegan-proteins","10":"product_tag-protein-for-men","11":"product_tag-protein-with-amino-acids","12":"product_tag-vegetable-protein","13":"brand_woo-san","15":"first","16":"instock","17":"featured","18":"taxable","19":"shipping-taxable","20":"purchasable","21":"product-type-simple"},"jetpack_sharing_enabled":true,"brands":[{"id":431,"name":"SAN","slug":"san"}],"_links":{"self":[{"href":"https:\/\/veganova.eu\/fi\/wp-json\/wp\/v2\/product\/5245","targetHints":{"allow":["GET"]}}],"collection":[{"href":"https:\/\/veganova.eu\/fi\/wp-json\/wp\/v2\/product"}],"about":[{"href":"https:\/\/veganova.eu\/fi\/wp-json\/wp\/v2\/types\/product"}],"replies":[{"embeddable":true,"href":"https:\/\/veganova.eu\/fi\/wp-json\/wp\/v2\/comments?post=5245"}],"version-history":[{"count":1,"href":"https:\/\/veganova.eu\/fi\/wp-json\/wp\/v2\/product\/5245\/revisions"}],"predecessor-version":[{"id":58349,"href":"https:\/\/veganova.eu\/fi\/wp-json\/wp\/v2\/product\/5245\/revisions\/58349"}],"wp:featuredmedia":[{"embeddable":true,"href":"https:\/\/veganova.eu\/fi\/wp-json\/wp\/v2\/media\/51542"}],"wp:attachment":[{"href":"https:\/\/veganova.eu\/fi\/wp-json\/wp\/v2\/media?parent=5245"}],"wp:term":[{"taxonomy":"pwb-brand","embeddable":true,"href":"https:\/\/veganova.eu\/fi\/wp-json\/wp\/v2\/pwb-brand?post=5245"},{"taxonomy":"product_brand","embeddable":true,"href":"https:\/\/veganova.eu\/fi\/wp-json\/wp\/v2\/product_brand?post=5245"},{"taxonomy":"product_cat","embeddable":true,"href":"https:\/\/veganova.eu\/fi\/wp-json\/wp\/v2\/product_cat?post=5245"},{"taxonomy":"product_tag","embeddable":true,"href":"https:\/\/veganova.eu\/fi\/wp-json\/wp\/v2\/product_tag?post=5245"}],"curies":[{"name":"wp","href":"https:\/\/api.w.org\/{rel}","templated":true}]}}