{"id":5317,"date":"2023-10-01T17:10:24","date_gmt":"2023-10-01T15:10:24","guid":{"rendered":"https:\/\/veganova.eu\/?post_type=product&#038;p=5317"},"modified":"2026-04-21T07:24:46","modified_gmt":"2026-04-21T05:24:46","slug":"swanson-acetyl-l-carnitine-500mg-100-kaps","status":"publish","type":"product","link":"https:\/\/veganova.eu\/fi\/shop\/swanson-acetyl-l-carnitine-500mg-100-kaps\/","title":{"rendered":"Swanson asetyyli-L-karnitiini, 500mg (100 kaps)"},"content":{"rendered":"<h3>Swanson asetyyli-L-karnitiini, 500mg (100 kaps)<\/h3>\n<p>Energisoi mielt\u00e4 ja edist\u00e4\u00e4 keskittymist\u00e4<br \/>\nL\u00e4p\u00e4isee veri-aivoesteen tukeakseen kognitiivista terveytt\u00e4 ja optimaalista aivotoimintaa.<br \/>\nEdist\u00e4\u00e4 antioksidanttisuojaa koko hermostossa.<\/p>\n<p>Energisoi mieli ja edist\u00e4 keskittymist\u00e4 Swanson Premium Acetyl L-karnitiinin avulla! T\u00e4m\u00e4 ainutlaatuinen koostumus on per\u00e4isin v\u00e4ltt\u00e4m\u00e4tt\u00f6m\u00e4n aminohapon L-karnitiinin esterist\u00e4. My\u00f6s lihakset kaikkialla kehossasi tarvitsevat t\u00e4t\u00e4 energiaa kasvaakseen vahvemmiksi kun harjoittelet. Aivosi k\u00e4ytt\u00e4v\u00e4t t\u00e4t\u00e4 energiaa yll\u00e4pit\u00e4\u00e4kseen terveit\u00e4 toimintoja, kuten v\u00e4litt\u00e4j\u00e4aineiden tuotantoa. Asetyyli-L-karnitiini auttaa my\u00f6s yll\u00e4pit\u00e4m\u00e4\u00e4n tervett\u00e4 neurologista toimintaa tarjoamalla antioksidanttisuojaa koko hermostoon. Jokainen kasviskapseli sis\u00e4lt\u00e4\u00e4 500 mg asetyyli-L-karnitiinia.<\/p>","protected":false},"excerpt":{"rendered":"<p>Kasvissy\u00f6j\u00e4ravintolis\u00e4 Swanson Acetyl L-Carnitine, 500mg treenin aikaiseen energiaan, asianmukaiseen aineenvaihduntaan ja terveeseen hermostoon. Pakkaus sis\u00e4lt\u00e4\u00e4: 100 kapselia.<\/p>","protected":false},"featured_media":52932,"comment_status":"closed","ping_status":"closed","template":"","meta":{"advanced_seo_description":"","jetpack_seo_html_title":"","jetpack_seo_noindex":false},"pwb-brand":[450],"product_brand":[4753],"product_cat":[155,132],"product_tag":[1401,1094,1150],"class_list":{"0":"post-5317","1":"product","2":"type-product","3":"status-publish","4":"has-post-thumbnail","6":"pwb-brand-swanson","7":"product_brand-swanson","8":"product_cat-fat-burners","9":"product_cat-sports-nutrition","10":"product_tag-character-drawing","11":"product_tag-metabolism","12":"product_tag-nervous-system","13":"brand_woo-swanson","15":"first","16":"instock","17":"taxable","18":"shipping-taxable","19":"purchasable","20":"product-type-simple"},"jetpack_sharing_enabled":true,"brands":[{"id":450,"name":"Swanson","slug":"swanson"}],"_links":{"self":[{"href":"https:\/\/veganova.eu\/fi\/wp-json\/wp\/v2\/product\/5317","targetHints":{"allow":["GET"]}}],"collection":[{"href":"https:\/\/veganova.eu\/fi\/wp-json\/wp\/v2\/product"}],"about":[{"href":"https:\/\/veganova.eu\/fi\/wp-json\/wp\/v2\/types\/product"}],"replies":[{"embeddable":true,"href":"https:\/\/veganova.eu\/fi\/wp-json\/wp\/v2\/comments?post=5317"}],"version-history":[{"count":1,"href":"https:\/\/veganova.eu\/fi\/wp-json\/wp\/v2\/product\/5317\/revisions"}],"predecessor-version":[{"id":58415,"href":"https:\/\/veganova.eu\/fi\/wp-json\/wp\/v2\/product\/5317\/revisions\/58415"}],"wp:featuredmedia":[{"embeddable":true,"href":"https:\/\/veganova.eu\/fi\/wp-json\/wp\/v2\/media\/52932"}],"wp:attachment":[{"href":"https:\/\/veganova.eu\/fi\/wp-json\/wp\/v2\/media?parent=5317"}],"wp:term":[{"taxonomy":"pwb-brand","embeddable":true,"href":"https:\/\/veganova.eu\/fi\/wp-json\/wp\/v2\/pwb-brand?post=5317"},{"taxonomy":"product_brand","embeddable":true,"href":"https:\/\/veganova.eu\/fi\/wp-json\/wp\/v2\/product_brand?post=5317"},{"taxonomy":"product_cat","embeddable":true,"href":"https:\/\/veganova.eu\/fi\/wp-json\/wp\/v2\/product_cat?post=5317"},{"taxonomy":"product_tag","embeddable":true,"href":"https:\/\/veganova.eu\/fi\/wp-json\/wp\/v2\/product_tag?post=5317"}],"curies":[{"name":"wp","href":"https:\/\/api.w.org\/{rel}","templated":true}]}}