{"id":5783,"date":"2023-10-01T17:11:59","date_gmt":"2023-10-01T15:11:59","guid":{"rendered":"https:\/\/veganova.eu\/?post_type=product&#038;p=5783"},"modified":"2026-04-21T07:24:59","modified_gmt":"2026-04-21T05:24:59","slug":"allnutrition-vegan-protein-salted-caramel-500g","status":"publish","type":"product","link":"https:\/\/veganova.eu\/fi\/shop\/allnutrition-vegan-protein-salted-caramel-500g\/","title":{"rendered":"Allnutrition Vegaaninen proteiini, suolattu karamelli - 500g"},"content":{"rendered":"<h3>Allnutrition Vegaaninen proteiini, suolattu karamelli - 500g<\/h3>\n<p>VEGAN PROTEIN on herkullisissa mauissa oleva vegaaninen proteiinilis\u00e4, joka perustuu soijaproteiini-isolaattiin ja kuudesta muusta kasvista per\u00e4isin oleviin proteiineihin, jotka yhdess\u00e4 tuottavat jopa 75% puhdasta proteiinia jokaisessa annoksessa. T\u00e4m\u00e4 tekee lis\u00e4ravinteesta vegaanisen ja kasvissy\u00f6j\u00e4yst\u00e4v\u00e4llisen.<\/p>","protected":false},"excerpt":{"rendered":"<p>Allnutrition Vegan Protein contains soy protein, pea protein, rice protein, konpe protein, cranberry protein, almond protein and sunflower protein. Protein content: 21g\/portion. Flavor: Salted Caramel. Package contents: 500g.<\/p>","protected":false},"featured_media":53763,"comment_status":"closed","ping_status":"closed","template":"","meta":{"advanced_seo_description":"","jetpack_seo_html_title":"","jetpack_seo_noindex":false},"pwb-brand":[475],"product_brand":[4774],"product_cat":[132,133],"product_tag":[1458,1393,1145],"class_list":{"0":"post-5783","1":"product","2":"type-product","3":"status-publish","4":"has-post-thumbnail","6":"pwb-brand-allnutrition","7":"product_brand-allnutrition","8":"product_cat-sports-nutrition","9":"product_cat-vegan-proteins","10":"product_tag-protein-for-women","11":"product_tag-soy-protein","12":"product_tag-vegan-protein","13":"brand_woo-allnutrition","15":"first","16":"instock","17":"taxable","18":"shipping-taxable","19":"purchasable","20":"product-type-simple"},"jetpack_sharing_enabled":true,"brands":[{"id":475,"name":"Allnutrition","slug":"allnutrition"}],"_links":{"self":[{"href":"https:\/\/veganova.eu\/fi\/wp-json\/wp\/v2\/product\/5783","targetHints":{"allow":["GET"]}}],"collection":[{"href":"https:\/\/veganova.eu\/fi\/wp-json\/wp\/v2\/product"}],"about":[{"href":"https:\/\/veganova.eu\/fi\/wp-json\/wp\/v2\/types\/product"}],"replies":[{"embeddable":true,"href":"https:\/\/veganova.eu\/fi\/wp-json\/wp\/v2\/comments?post=5783"}],"version-history":[{"count":1,"href":"https:\/\/veganova.eu\/fi\/wp-json\/wp\/v2\/product\/5783\/revisions"}],"predecessor-version":[{"id":58574,"href":"https:\/\/veganova.eu\/fi\/wp-json\/wp\/v2\/product\/5783\/revisions\/58574"}],"wp:featuredmedia":[{"embeddable":true,"href":"https:\/\/veganova.eu\/fi\/wp-json\/wp\/v2\/media\/53763"}],"wp:attachment":[{"href":"https:\/\/veganova.eu\/fi\/wp-json\/wp\/v2\/media?parent=5783"}],"wp:term":[{"taxonomy":"pwb-brand","embeddable":true,"href":"https:\/\/veganova.eu\/fi\/wp-json\/wp\/v2\/pwb-brand?post=5783"},{"taxonomy":"product_brand","embeddable":true,"href":"https:\/\/veganova.eu\/fi\/wp-json\/wp\/v2\/product_brand?post=5783"},{"taxonomy":"product_cat","embeddable":true,"href":"https:\/\/veganova.eu\/fi\/wp-json\/wp\/v2\/product_cat?post=5783"},{"taxonomy":"product_tag","embeddable":true,"href":"https:\/\/veganova.eu\/fi\/wp-json\/wp\/v2\/product_tag?post=5783"}],"curies":[{"name":"wp","href":"https:\/\/api.w.org\/{rel}","templated":true}]}}