{"id":8718,"date":"2023-10-01T17:12:20","date_gmt":"2023-10-01T15:12:20","guid":{"rendered":"https:\/\/veganova.eu\/?post_type=product&#038;p=8718"},"modified":"2026-04-21T07:25:04","modified_gmt":"2026-04-21T05:25:04","slug":"natural-vitality-calm-gummies-raspberry-lemon-60-gummies","status":"publish","type":"product","link":"https:\/\/veganova.eu\/fi\/shop\/natural-vitality-calm-gummies-raspberry-lemon-60-gummies\/","title":{"rendered":"Natural Vitality Calm Gummies, vadelma-sitruuna - 60 purukumia - 60 purukumia"},"content":{"rendered":"<h3>Natural Vitality Calm Gummies, vadelma-sitruuna - 60 purukumia - 60 purukumia<\/h3>\n<p>RAKASTAMME magnesiumia mielialahy\u00f6tyjen vuoksi - ja olemme rakastaneet sit\u00e4 siit\u00e4 l\u00e4htien, kun ensimm\u00e4inen CALM-valmiste lanseerattiin vuonna 1982. Tosiasia on kuitenkin se, ett\u00e4 magnesium on v\u00e4ltt\u00e4m\u00e4t\u00f6nt\u00e4 yli 300 prosessille elimist\u00f6ss\u00e4, mutta useimmat meist\u00e4 eiv\u00e4t saa sit\u00e4 tarpeeksi. Vaikka ottaisitkin magnesiumia rauhallisuuden vuoksi, teet samalla paljon enemm\u00e4n kokonaisvaltaisen terveytesi ja hyvinvointisi hyv\u00e4ksi.<\/p>\n<p>TASAPAINOINEN TUNNE<br \/>\nSuosikkihy\u00f6tymme magnesiumista on tietenkin se, miten hyvin se tukee tasapainoista mielialaa ja tervett\u00e4 stressinsietokyky\u00e4. Se my\u00f6s lievitt\u00e4\u00e4 j\u00e4nnityst\u00e4 ja auttaa sinua rentoutumaan.*<\/p>\n<p>NUKKUMINEN<br \/>\nMagnesium voi auttaa valmistamaan mielen ja kehon rentoutumaan uneen.*<\/p>\n<p>LIHASTEN TOIMINTA<br \/>\nKun sanomme, ett\u00e4 magnesium on v\u00e4ltt\u00e4m\u00e4t\u00f6n kivenn\u00e4isaine, tarkoitamme sit\u00e4. Lihakset tarvitsevat sit\u00e4 supistuakseen ja rentoutuakseen. T\u00e4m\u00e4 tarkoittaa, ett\u00e4 mit\u00e4 aktiivisempi olet, sit\u00e4 enemm\u00e4n saatat tarvita sit\u00e4 auttaaksesi s\u00e4\u00e4telem\u00e4\u00e4n tervett\u00e4 lihastoimintaa.*.<\/p>\n<p>BRAIN &amp; NERVOUS SYSTEM FUNCTION<br \/>\nMagnesium suojaa hermojen limakalvoa ja auttaa hermoja keskustelemaan kesken\u00e4\u00e4n. Viime k\u00e4dess\u00e4 t\u00e4m\u00e4 kaikki tukee hermojen ja aivojen yleist\u00e4 toimintaa.*<\/p>\n<p>SYD\u00c4N- JA VERISUONITERVEYS<br \/>\nToinen syy rakastaa magnesiumia? Syd\u00e4mesi. Se ei ainoastaan auta yll\u00e4pit\u00e4m\u00e4\u00e4n tervett\u00e4 verenpainetta, vaan sit\u00e4 tarvitaan my\u00f6s syd\u00e4men normaaliin supistumiseen*.<\/p>\n<p>LUUN TIHEYS<br \/>\nP\u00e4ivitt\u00e4inen magnesiumin saanti auttaa yll\u00e4pit\u00e4m\u00e4\u00e4n terveit\u00e4 luita. Jos et saa tarpeeksi, elimist\u00f6n kyky ime\u00e4 kalsiumia ja D-vitamiinia saattaa heikenty\u00e4.*.<\/p>","protected":false},"excerpt":{"rendered":"<p>Vegaaninen ravintolis\u00e4 Natural Vitality Calm Gummies, joka sis\u00e4lt\u00e4\u00e4 magnesiumia, on ihanteellinen terveelle unelle, hyv\u00e4lle mielialalle, lihasten, aivojen ja hermoston moitteettomalle toiminnalle, terveelle syd\u00e4melle ja vahvoille luille. Ravintolis\u00e4 gelatiinin muodossa.  Raspberry Lemon (vadelma, sitruuna). Pakkauksen sis\u00e4lt\u00f6: 60 liivatetta.<\/p>","protected":false},"featured_media":12305,"comment_status":"closed","ping_status":"closed","template":"","meta":{"advanced_seo_description":"","jetpack_seo_html_title":"","jetpack_seo_noindex":false},"pwb-brand":[422],"product_brand":[4732],"product_cat":[286,143],"product_tag":[1146,1158,1208,1150,1079,1126,1403],"class_list":{"0":"post-8718","1":"product","2":"type-product","3":"status-publish","4":"has-post-thumbnail","6":"pwb-brand-natural-vitality","7":"product_brand-natural-vitality","8":"product_cat-for-a-better-mood","9":"product_cat-health-issues","10":"product_tag-good-mood","11":"product_tag-heart","12":"product_tag-muscles","13":"product_tag-nervous-system","14":"product_tag-relaxation","15":"product_tag-stress","16":"product_tag-well-being","17":"brand_woo-natural-vitality","19":"first","20":"outofstock","21":"sale","22":"taxable","23":"shipping-taxable","24":"purchasable","25":"product-type-simple"},"jetpack_sharing_enabled":true,"brands":[{"id":422,"name":"Luonnollinen elinvoima","slug":"natural-vitality"}],"_links":{"self":[{"href":"https:\/\/veganova.eu\/fi\/wp-json\/wp\/v2\/product\/8718","targetHints":{"allow":["GET"]}}],"collection":[{"href":"https:\/\/veganova.eu\/fi\/wp-json\/wp\/v2\/product"}],"about":[{"href":"https:\/\/veganova.eu\/fi\/wp-json\/wp\/v2\/types\/product"}],"replies":[{"embeddable":true,"href":"https:\/\/veganova.eu\/fi\/wp-json\/wp\/v2\/comments?post=8718"}],"version-history":[{"count":1,"href":"https:\/\/veganova.eu\/fi\/wp-json\/wp\/v2\/product\/8718\/revisions"}],"predecessor-version":[{"id":58635,"href":"https:\/\/veganova.eu\/fi\/wp-json\/wp\/v2\/product\/8718\/revisions\/58635"}],"wp:featuredmedia":[{"embeddable":true,"href":"https:\/\/veganova.eu\/fi\/wp-json\/wp\/v2\/media\/12305"}],"wp:attachment":[{"href":"https:\/\/veganova.eu\/fi\/wp-json\/wp\/v2\/media?parent=8718"}],"wp:term":[{"taxonomy":"pwb-brand","embeddable":true,"href":"https:\/\/veganova.eu\/fi\/wp-json\/wp\/v2\/pwb-brand?post=8718"},{"taxonomy":"product_brand","embeddable":true,"href":"https:\/\/veganova.eu\/fi\/wp-json\/wp\/v2\/product_brand?post=8718"},{"taxonomy":"product_cat","embeddable":true,"href":"https:\/\/veganova.eu\/fi\/wp-json\/wp\/v2\/product_cat?post=8718"},{"taxonomy":"product_tag","embeddable":true,"href":"https:\/\/veganova.eu\/fi\/wp-json\/wp\/v2\/product_tag?post=8718"}],"curies":[{"name":"wp","href":"https:\/\/api.w.org\/{rel}","templated":true}]}}