{"id":8774,"date":"2023-10-01T17:12:34","date_gmt":"2023-10-01T15:12:34","guid":{"rendered":"https:\/\/veganova.eu\/?post_type=product&#038;p=8774"},"modified":"2026-04-21T07:25:06","modified_gmt":"2026-04-21T05:25:06","slug":"enzymedica-digest-90-caps","status":"publish","type":"product","link":"https:\/\/veganova.eu\/fi\/shop\/enzymedica-digest-90-caps\/","title":{"rendered":"Enzymedica Digest - 90 kaps."},"content":{"rendered":"<h3>Enzymedica Digest - 90 kaps.<\/h3>\n<p>T\u00e4yden valikoiman entsyymej\u00e4, jotka hajottavat jokap\u00e4iv\u00e4isi\u00e4 aterioita!<br \/>\nDigest Complete sis\u00e4lt\u00e4\u00e4 entsyymej\u00e4, jotka hajottavat 2x enemm\u00e4n kuin Digest Basic.<br \/>\nT\u00e4m\u00e4 kaava pilkkoo tehokkaasti hiilihydraatteja, rasvoja, kuituja ja proteiineja - kaikkea, mit\u00e4 tavallisesti l\u00f6ytyy p\u00e4ivitt\u00e4isist\u00e4 aterioista. Se my\u00f6s nopeuttaa ruoansulatusta ja edist\u00e4\u00e4 ravintoaineiden imeytymist\u00e4. N\u00e4m\u00e4 entsyymit auttavat muuntamaan p\u00e4ivitt\u00e4iset ateriat koko p\u00e4iv\u00e4n energiaksi. Patentoidut Thera-blend-entsyymimme on tieteellisesti muotoiltu koko kehon tuloksia varten.<\/p>","protected":false},"excerpt":{"rendered":"<p>Enzymedica Digest Vegan ruoansulatusentsyymit tarjoavat elimist\u00f6lle kaikki entsyymit, joilla se voi korjata heikentyneen ruoansulatuksen huonon ruokavalion, huonojen elintapojen tai ik\u00e4\u00e4n liittyvien ruoansulatush\u00e4iri\u00f6iden j\u00e4lkeen. Erityinen entsyymien koostumus auttaa kehoa k\u00e4sittelem\u00e4\u00e4n hiilihydraatteja, rasvoja, kuituja ja proteiineja oikein. Pakkauksen sis\u00e4lt\u00f6: Sis\u00e4lt\u00f6: 90 kapselia.<\/p>","protected":false},"featured_media":12113,"comment_status":"closed","ping_status":"closed","template":"","meta":{"advanced_seo_description":"","jetpack_seo_html_title":"","jetpack_seo_noindex":false},"pwb-brand":[467],"product_brand":[4767],"product_cat":[596],"product_tag":[1190,1191],"class_list":{"0":"post-8774","1":"product","2":"type-product","3":"status-publish","4":"has-post-thumbnail","6":"pwb-brand-enzymedica","7":"product_brand-enzymedica","8":"product_cat-digestion","9":"product_tag-digestive-enzymes","10":"product_tag-digestive-problems","11":"brand_woo-enzymedica","13":"first","14":"outofstock","15":"sale","16":"taxable","17":"shipping-taxable","18":"purchasable","19":"product-type-simple"},"jetpack_sharing_enabled":true,"brands":[{"id":467,"name":"Enzymedica","slug":"enzymedica"}],"_links":{"self":[{"href":"https:\/\/veganova.eu\/fi\/wp-json\/wp\/v2\/product\/8774","targetHints":{"allow":["GET"]}}],"collection":[{"href":"https:\/\/veganova.eu\/fi\/wp-json\/wp\/v2\/product"}],"about":[{"href":"https:\/\/veganova.eu\/fi\/wp-json\/wp\/v2\/types\/product"}],"replies":[{"embeddable":true,"href":"https:\/\/veganova.eu\/fi\/wp-json\/wp\/v2\/comments?post=8774"}],"version-history":[{"count":1,"href":"https:\/\/veganova.eu\/fi\/wp-json\/wp\/v2\/product\/8774\/revisions"}],"predecessor-version":[{"id":58661,"href":"https:\/\/veganova.eu\/fi\/wp-json\/wp\/v2\/product\/8774\/revisions\/58661"}],"wp:featuredmedia":[{"embeddable":true,"href":"https:\/\/veganova.eu\/fi\/wp-json\/wp\/v2\/media\/12113"}],"wp:attachment":[{"href":"https:\/\/veganova.eu\/fi\/wp-json\/wp\/v2\/media?parent=8774"}],"wp:term":[{"taxonomy":"pwb-brand","embeddable":true,"href":"https:\/\/veganova.eu\/fi\/wp-json\/wp\/v2\/pwb-brand?post=8774"},{"taxonomy":"product_brand","embeddable":true,"href":"https:\/\/veganova.eu\/fi\/wp-json\/wp\/v2\/product_brand?post=8774"},{"taxonomy":"product_cat","embeddable":true,"href":"https:\/\/veganova.eu\/fi\/wp-json\/wp\/v2\/product_cat?post=8774"},{"taxonomy":"product_tag","embeddable":true,"href":"https:\/\/veganova.eu\/fi\/wp-json\/wp\/v2\/product_tag?post=8774"}],"curies":[{"name":"wp","href":"https:\/\/api.w.org\/{rel}","templated":true}]}}