{"id":8778,"date":"2023-10-01T17:12:35","date_gmt":"2023-10-01T15:12:35","guid":{"rendered":"https:\/\/veganova.eu\/?post_type=product&#038;p=8778"},"modified":"2026-04-21T07:25:07","modified_gmt":"2026-04-21T05:25:07","slug":"enzymedica-digest-basic-90-caps","status":"publish","type":"product","link":"https:\/\/veganova.eu\/fi\/shop\/enzymedica-digest-basic-90-caps\/","title":{"rendered":"Enzymedica Digest Basic - 90 kaps."},"content":{"rendered":"<h3>Enzymedica Digest Basic - 90 kaps.<\/h3>\n<p>Hell\u00e4varainen apu herk\u00e4lle vatsalle<br \/>\nHajottaa rasvaa, kuitua, proteiinia ja hiilihydraatteja.<br \/>\nNopeuttaa ruoansulatusta<br \/>\nLis\u00e4\u00e4 energiaa<br \/>\nV\u00e4hent\u00e4\u00e4 satunnaisia kaasuja, turvotusta ja ruoansulatush\u00e4iri\u00f6it\u00e4.<\/p>","protected":false},"excerpt":{"rendered":"<p>Enzymedica Digest Basic Vegaaniset ruoansulatusentsyymit tarjoavat elimist\u00f6lle kaikki entsyymit, joilla se voi korjata heikentyneen ruoansulatuksen v\u00e4\u00e4r\u00e4n ruokavalion, huonojen el\u00e4m\u00e4ntapojen tai ik\u00e4\u00e4n liittyvien ruoansulatush\u00e4iri\u00f6iden j\u00e4lkeen. Erityinen entsyymien koostumus auttaa kehoa k\u00e4sittelem\u00e4\u00e4n hiilihydraatteja, rasvoja, kuituja ja proteiineja oikein. Pakkauksen sis\u00e4lt\u00f6: Sis\u00e4lt\u00f6: 90 kapselia.<\/p>","protected":false},"featured_media":12111,"comment_status":"closed","ping_status":"closed","template":"","meta":{"advanced_seo_description":"","jetpack_seo_html_title":"","jetpack_seo_noindex":false},"pwb-brand":[467],"product_brand":[4767],"product_cat":[596],"product_tag":[601,602],"class_list":{"0":"post-8778","1":"product","2":"type-product","3":"status-publish","4":"has-post-thumbnail","6":"pwb-brand-enzymedica","7":"product_brand-enzymedica","8":"product_cat-digestion","9":"product_tag-non-gmo","10":"product_tag-vegan","11":"brand_woo-enzymedica","13":"first","14":"instock","15":"sale","16":"taxable","17":"shipping-taxable","18":"purchasable","19":"product-type-simple"},"jetpack_sharing_enabled":true,"brands":[{"id":467,"name":"Enzymedica","slug":"enzymedica"}],"_links":{"self":[{"href":"https:\/\/veganova.eu\/fi\/wp-json\/wp\/v2\/product\/8778","targetHints":{"allow":["GET"]}}],"collection":[{"href":"https:\/\/veganova.eu\/fi\/wp-json\/wp\/v2\/product"}],"about":[{"href":"https:\/\/veganova.eu\/fi\/wp-json\/wp\/v2\/types\/product"}],"replies":[{"embeddable":true,"href":"https:\/\/veganova.eu\/fi\/wp-json\/wp\/v2\/comments?post=8778"}],"version-history":[{"count":1,"href":"https:\/\/veganova.eu\/fi\/wp-json\/wp\/v2\/product\/8778\/revisions"}],"predecessor-version":[{"id":58663,"href":"https:\/\/veganova.eu\/fi\/wp-json\/wp\/v2\/product\/8778\/revisions\/58663"}],"wp:featuredmedia":[{"embeddable":true,"href":"https:\/\/veganova.eu\/fi\/wp-json\/wp\/v2\/media\/12111"}],"wp:attachment":[{"href":"https:\/\/veganova.eu\/fi\/wp-json\/wp\/v2\/media?parent=8778"}],"wp:term":[{"taxonomy":"pwb-brand","embeddable":true,"href":"https:\/\/veganova.eu\/fi\/wp-json\/wp\/v2\/pwb-brand?post=8778"},{"taxonomy":"product_brand","embeddable":true,"href":"https:\/\/veganova.eu\/fi\/wp-json\/wp\/v2\/product_brand?post=8778"},{"taxonomy":"product_cat","embeddable":true,"href":"https:\/\/veganova.eu\/fi\/wp-json\/wp\/v2\/product_cat?post=8778"},{"taxonomy":"product_tag","embeddable":true,"href":"https:\/\/veganova.eu\/fi\/wp-json\/wp\/v2\/product_tag?post=8778"}],"curies":[{"name":"wp","href":"https:\/\/api.w.org\/{rel}","templated":true}]}}