{"id":8788,"date":"2023-10-01T17:12:39","date_gmt":"2023-10-01T15:12:39","guid":{"rendered":"https:\/\/veganova.eu\/?post_type=product&#038;p=8788"},"modified":"2026-04-21T07:25:07","modified_gmt":"2026-04-21T05:25:07","slug":"garden-of-life-dr-formulated-vegan-prenatal-dha-30-softgels","status":"publish","type":"product","link":"https:\/\/veganova.eu\/fi\/shop\/garden-of-life-dr-formulated-vegan-prenatal-dha-30-softgels\/","title":{"rendered":"Garden of Life Dr. Formulated Vegan Prenatal DHA - 30 pehmytkapseli\u00e4"},"content":{"rendered":"<h3>Garden of Life Dr. Formulated Vegan Prenatal DHA - 30 pehmytkapseli\u00e4<\/h3>\n<p>400mg DHA ja 90mg DPA (triglyseridimuodossa).<br \/>\nSPM:ien, yhdisteiden, jotka luonnollisesti tukevat kehon normaalia tulehdusreaktiota, avulla.<br \/>\nTukee vauvan aivojen kehityst\u00e4<br \/>\nTukee tervett\u00e4 raskautta ja imetyst\u00e4<br \/>\nNon-GMO Project Verified &amp; sertifioitu vegaani<br \/>\nK\u00e4tev\u00e4 kerran p\u00e4iv\u00e4ss\u00e4 otettava pehme\u00e4 geeli<\/p>","protected":false},"excerpt":{"rendered":"<p>Raskaana oleville naisille suunniteltu vegaaninen ravintolis\u00e4 Garden of Life Dr. Formulated Vegan Prenatal DHA tukee terveellist\u00e4 raskautta sek\u00e4 vauvan aivojen ja niiden toimintojen tervett\u00e4 kehityst\u00e4. Pakkauksen sis\u00e4lt\u00f6: 30 pehme\u00e4\u00e4 tablettia.<\/p>","protected":false},"featured_media":52745,"comment_status":"closed","ping_status":"closed","template":"","meta":{"advanced_seo_description":"","jetpack_seo_html_title":"","jetpack_seo_noindex":false},"pwb-brand":[303],"product_brand":[4625],"product_cat":[267,143],"product_tag":[1104,1503],"class_list":{"0":"post-8788","1":"product","2":"type-product","3":"status-publish","4":"has-post-thumbnail","6":"pwb-brand-garden-of-life","7":"product_brand-garden-of-life","8":"product_cat-for-women","9":"product_cat-health-issues","10":"product_tag-pregnancy","11":"product_tag-vitamins-for-pregnant-women","12":"brand_woo-garden-of-life","14":"first","15":"instock","16":"taxable","17":"shipping-taxable","18":"purchasable","19":"product-type-simple"},"jetpack_sharing_enabled":true,"brands":[{"id":303,"name":"El\u00e4m\u00e4n puutarha","slug":"garden-of-life"}],"_links":{"self":[{"href":"https:\/\/veganova.eu\/fi\/wp-json\/wp\/v2\/product\/8788","targetHints":{"allow":["GET"]}}],"collection":[{"href":"https:\/\/veganova.eu\/fi\/wp-json\/wp\/v2\/product"}],"about":[{"href":"https:\/\/veganova.eu\/fi\/wp-json\/wp\/v2\/types\/product"}],"replies":[{"embeddable":true,"href":"https:\/\/veganova.eu\/fi\/wp-json\/wp\/v2\/comments?post=8788"}],"version-history":[{"count":1,"href":"https:\/\/veganova.eu\/fi\/wp-json\/wp\/v2\/product\/8788\/revisions"}],"predecessor-version":[{"id":58668,"href":"https:\/\/veganova.eu\/fi\/wp-json\/wp\/v2\/product\/8788\/revisions\/58668"}],"wp:featuredmedia":[{"embeddable":true,"href":"https:\/\/veganova.eu\/fi\/wp-json\/wp\/v2\/media\/52745"}],"wp:attachment":[{"href":"https:\/\/veganova.eu\/fi\/wp-json\/wp\/v2\/media?parent=8788"}],"wp:term":[{"taxonomy":"pwb-brand","embeddable":true,"href":"https:\/\/veganova.eu\/fi\/wp-json\/wp\/v2\/pwb-brand?post=8788"},{"taxonomy":"product_brand","embeddable":true,"href":"https:\/\/veganova.eu\/fi\/wp-json\/wp\/v2\/product_brand?post=8788"},{"taxonomy":"product_cat","embeddable":true,"href":"https:\/\/veganova.eu\/fi\/wp-json\/wp\/v2\/product_cat?post=8788"},{"taxonomy":"product_tag","embeddable":true,"href":"https:\/\/veganova.eu\/fi\/wp-json\/wp\/v2\/product_tag?post=8788"}],"curies":[{"name":"wp","href":"https:\/\/api.w.org\/{rel}","templated":true}]}}