{"id":9150,"date":"2023-10-01T17:14:14","date_gmt":"2023-10-01T15:14:14","guid":{"rendered":"https:\/\/veganova.eu\/?post_type=product&#038;p=9150"},"modified":"2026-04-21T07:25:19","modified_gmt":"2026-04-21T05:25:19","slug":"swanson-pure-brainpower-60-vcaps","status":"publish","type":"product","link":"https:\/\/veganova.eu\/fi\/shop\/swanson-pure-brainpower-60-vcaps\/","title":{"rendered":"Swanson Pure Brainpower - 60 kapselia"},"content":{"rendered":"<h3>Swanson Pure Brainpower - 60 kapselia<\/h3>\n<ul>\n<li>Kliinisesti tutkittuja yrttej\u00e4, joiden on osoitettu edist\u00e4v\u00e4n muistia ja aivojen yleist\u00e4 terveytt\u00e4.<\/li>\n<li>Sis\u00e4lt\u00e4\u00e4 Ginkgo bilobaa, BaCognize Bacopa monnieri ja NeuroFactor-kahviuutetta.<\/li>\n<li>Adaptogeeninen kaava tarjoaa tieteellisesti tutkittuja annoksia kognitiiviseen toimintaan ja keskittymiseen.<\/li>\n<\/ul>\n<p>Kun ajattelemme tervett\u00e4 ik\u00e4\u00e4ntymist\u00e4, on helppo keskitty\u00e4 l\u00e4hinn\u00e4 fyysiseen terveyteen, kuten liikkuvuuteen, joustavuuteen ja kest\u00e4vyyteen. Meill\u00e4 on taipumus unohtaa muut terveen ik\u00e4\u00e4ntymisen ratkaisevat osatekij\u00e4t - henkinen, emotionaalinen ja psykologinen terveys. Lyhyesti sanottuna unohdamme ajatella aivojen terveytt\u00e4. Kognitiiviset toiminnot ja suorituskyky voivat heikenty\u00e4 i\u00e4n my\u00f6t\u00e4, varsinkin kun tutkimukset ovat osoittaneet, ett\u00e4 aivoista per\u00e4isin olevan neurotrofisen tekij\u00e4n (brain-derived neurotrophic factor, BDNF) terve tuotanto, joka liittyy terveisiin kognitiivisiin toimintoihin, voi heikenty\u00e4 i\u00e4n my\u00f6t\u00e4.<\/p>\n<p>Swanson Pure Science Herbals tuo sinulle Pure Brainpowerin, jonka avulla on helppo ravita aivojasi kliinisesti tutkituilla ainesosilla, jotka tukevat elint\u00e4rkeit\u00e4 v\u00e4litt\u00e4j\u00e4aineita, jotka auttavat kognitiivisia toimintoja, keskittymist\u00e4 ja muistamista. Pure Brainpower on sekoitus perinteisi\u00e4 adaptogeenisi\u00e4 yrttej\u00e4 ja huippuluokan kasviuutteita tieteellisesti tutkituilla annoksilla, joiden on osoitettu edist\u00e4v\u00e4n yleist\u00e4 henkist\u00e4 keskittymist\u00e4, kognitiivista toimintaa sek\u00e4 tervett\u00e4 verenkiertoa aivoihin. Swanson Pure Science Herbals tuo sinulle my\u00f6s t\u00e4m\u00e4n puhtaan, tehokkaan aivoterveysvalmisteen murto-osalla hinnasta verrattuna johtavaan kansalliseen brands:hen.<\/p>","protected":false},"excerpt":{"rendered":"<p>Vegaaninen ravintolis\u00e4 terveisiin aivoihin ja muistin tukemiseen Swanson Pure Brainpower sis\u00e4lt\u00e4\u00e4 Ginkgo Bilobaa, Bacognize Bacopa monnieri ja kahvimarjauutetta. Vegaanisertifiointi. Sis\u00e4lt\u00f6: Aktiivinen aivosolu, joka sis\u00e4lt\u00e4\u00e4 mm: Sis\u00e4lt\u00f6: 60 vegaanista kapselia.<\/p>","protected":false},"featured_media":53897,"comment_status":"closed","ping_status":"closed","template":"","meta":{"advanced_seo_description":"","jetpack_seo_html_title":"","jetpack_seo_noindex":false},"pwb-brand":[450],"product_brand":[4753],"product_cat":[2599,294,143],"product_tag":[1221,855,1223],"class_list":{"0":"post-9150","1":"product","2":"type-product","3":"status-publish","4":"has-post-thumbnail","6":"pwb-brand-swanson","7":"product_brand-swanson","8":"product_cat-brain-and-memory","9":"product_cat-for-seniors","10":"product_cat-health-issues","11":"product_tag-brain","12":"product_tag-for-seniors","13":"product_tag-memory","14":"brand_woo-swanson","16":"first","17":"outofstock","18":"taxable","19":"shipping-taxable","20":"purchasable","21":"product-type-simple"},"jetpack_sharing_enabled":true,"brands":[{"id":450,"name":"Swanson","slug":"swanson"}],"_links":{"self":[{"href":"https:\/\/veganova.eu\/fi\/wp-json\/wp\/v2\/product\/9150","targetHints":{"allow":["GET"]}}],"collection":[{"href":"https:\/\/veganova.eu\/fi\/wp-json\/wp\/v2\/product"}],"about":[{"href":"https:\/\/veganova.eu\/fi\/wp-json\/wp\/v2\/types\/product"}],"replies":[{"embeddable":true,"href":"https:\/\/veganova.eu\/fi\/wp-json\/wp\/v2\/comments?post=9150"}],"version-history":[{"count":1,"href":"https:\/\/veganova.eu\/fi\/wp-json\/wp\/v2\/product\/9150\/revisions"}],"predecessor-version":[{"id":58834,"href":"https:\/\/veganova.eu\/fi\/wp-json\/wp\/v2\/product\/9150\/revisions\/58834"}],"wp:featuredmedia":[{"embeddable":true,"href":"https:\/\/veganova.eu\/fi\/wp-json\/wp\/v2\/media\/53897"}],"wp:attachment":[{"href":"https:\/\/veganova.eu\/fi\/wp-json\/wp\/v2\/media?parent=9150"}],"wp:term":[{"taxonomy":"pwb-brand","embeddable":true,"href":"https:\/\/veganova.eu\/fi\/wp-json\/wp\/v2\/pwb-brand?post=9150"},{"taxonomy":"product_brand","embeddable":true,"href":"https:\/\/veganova.eu\/fi\/wp-json\/wp\/v2\/product_brand?post=9150"},{"taxonomy":"product_cat","embeddable":true,"href":"https:\/\/veganova.eu\/fi\/wp-json\/wp\/v2\/product_cat?post=9150"},{"taxonomy":"product_tag","embeddable":true,"href":"https:\/\/veganova.eu\/fi\/wp-json\/wp\/v2\/product_tag?post=9150"}],"curies":[{"name":"wp","href":"https:\/\/api.w.org\/{rel}","templated":true}]}}