{"id":14631,"date":"2023-11-13T19:29:53","date_gmt":"2023-11-13T18:29:53","guid":{"rendered":"https:\/\/veganova.eu\/?post_type=product&#038;p=14631"},"modified":"2026-04-21T07:25:27","modified_gmt":"2026-04-21T05:25:27","slug":"neocell-collagen-beauty-builder-150-tablets","status":"publish","type":"product","link":"https:\/\/veganova.eu\/fr\/shop\/neocell-collagen-beauty-builder-150-tablets\/","title":{"rendered":"NeoCell Collagen Beauty Builder - 150 comprim\u00e9s"},"content":{"rendered":"<h3>NeoCell Collagen Beauty Builder - 150 comprim\u00e9s<\/h3>\n<p>Formul\u00e9 pour une peau jeune et radieuse, des cheveux et des ongles sains, NeoCell Beauty Builder hydrate les tissus avec de l'acide hyaluronique et laisse transpara\u00eetre votre beaut\u00e9 int\u00e9rieure. Collagen Beauty Builder active votre corps au niveau cellulaire, et notre collag\u00e8ne hydrolys\u00e9 peut fournir certains des acides amin\u00e9s dont notre corps a besoin pour fabriquer du collag\u00e8ne et promouvoir la beaut\u00e9 naturelle de l'int\u00e9rieur.<\/p>","protected":false},"excerpt":{"rendered":"<p>Compl\u00e9ment alimentaire pour la beaut\u00e9 NeoCell Collagen Beauty Builder contient du collag\u00e8ne bovin hydrolys\u00e9, des prot\u00e9ines, de la vitamine C, de la biotine, de l'acide hyaluronique et de l'acide alpha-lipo\u00efque pour une beaut\u00e9 \u00e9clatante et brillante de l'int\u00e9rieur. Sans gluten, sans OGM. Contenu : 150 comprim\u00e9s.<\/p>","protected":false},"featured_media":52465,"comment_status":"closed","ping_status":"closed","template":"","meta":{"advanced_seo_description":"","jetpack_seo_html_title":"","jetpack_seo_noindex":false},"pwb-brand":[703],"product_brand":[4862],"product_cat":[688,684],"product_tag":[],"class_list":{"0":"post-14631","1":"product","2":"type-product","3":"status-publish","4":"has-post-thumbnail","6":"pwb-brand-neocell","7":"product_brand-neocell","8":"product_cat-beauty-supplements","9":"product_cat-clean-beauty","10":"brand_woo-neocell","12":"first","13":"instock","14":"taxable","15":"shipping-taxable","16":"purchasable","17":"product-type-simple"},"jetpack_sharing_enabled":true,"brands":[{"id":703,"name":"NeoCell","slug":"neocell"}],"_links":{"self":[{"href":"https:\/\/veganova.eu\/fr\/wp-json\/wp\/v2\/product\/14631","targetHints":{"allow":["GET"]}}],"collection":[{"href":"https:\/\/veganova.eu\/fr\/wp-json\/wp\/v2\/product"}],"about":[{"href":"https:\/\/veganova.eu\/fr\/wp-json\/wp\/v2\/types\/product"}],"replies":[{"embeddable":true,"href":"https:\/\/veganova.eu\/fr\/wp-json\/wp\/v2\/comments?post=14631"}],"version-history":[{"count":1,"href":"https:\/\/veganova.eu\/fr\/wp-json\/wp\/v2\/product\/14631\/revisions"}],"predecessor-version":[{"id":58905,"href":"https:\/\/veganova.eu\/fr\/wp-json\/wp\/v2\/product\/14631\/revisions\/58905"}],"wp:featuredmedia":[{"embeddable":true,"href":"https:\/\/veganova.eu\/fr\/wp-json\/wp\/v2\/media\/52465"}],"wp:attachment":[{"href":"https:\/\/veganova.eu\/fr\/wp-json\/wp\/v2\/media?parent=14631"}],"wp:term":[{"taxonomy":"pwb-brand","embeddable":true,"href":"https:\/\/veganova.eu\/fr\/wp-json\/wp\/v2\/pwb-brand?post=14631"},{"taxonomy":"product_brand","embeddable":true,"href":"https:\/\/veganova.eu\/fr\/wp-json\/wp\/v2\/product_brand?post=14631"},{"taxonomy":"product_cat","embeddable":true,"href":"https:\/\/veganova.eu\/fr\/wp-json\/wp\/v2\/product_cat?post=14631"},{"taxonomy":"product_tag","embeddable":true,"href":"https:\/\/veganova.eu\/fr\/wp-json\/wp\/v2\/product_tag?post=14631"}],"curies":[{"name":"wp","href":"https:\/\/api.w.org\/{rel}","templated":true}]}}