{"id":14659,"date":"2023-11-13T19:30:02","date_gmt":"2023-11-13T18:30:02","guid":{"rendered":"https:\/\/veganova.eu\/?post_type=product&#038;p=14659"},"modified":"2026-05-02T00:00:25","modified_gmt":"2026-05-01T22:00:25","slug":"himalaya-energizing-day-cream-50g","status":"publish","type":"product","link":"https:\/\/veganova.eu\/fr\/shop\/himalaya-energizing-day-cream-50g\/","title":{"rendered":"Himalaya Energizing Day Cream - 50g"},"content":{"rendered":"<h3>Himalaya Energizing Day Cream - 50g<\/h3>\n<p>La cr\u00e8me de jour \u00e9nergisante Himalaya donne \u00e0 la peau un d\u00e9part parfait le matin. Cette cr\u00e8me soyeuse et non grasse est sp\u00e9cialement formul\u00e9e pour une absorption rapide par la peau et fournit les actions essentielles dont la peau a besoin pour affronter la journ\u00e9e.<\/p>\n<p>Hydrate et dynamise la peau<br \/>\nProtection contre les UV gr\u00e2ce au gingembre et au galanga (SPF30)<br \/>\nUne base de maquillage parfaite<br \/>\nAide \u00e0 am\u00e9liorer la peau s\u00e8che et sans \u00e9clat<br \/>\nEfficacit\u00e9 cliniquement prouv\u00e9e<br \/>\nTest\u00e9 dermatologiquement<\/p>","protected":false},"excerpt":{"rendered":"<p>La Cr\u00e8me de Jour Energisante Himalaya est parfaite pour les peaux s\u00e8ches, elle offre une protection UV naturelle et constitue un parfait d\u00e9part pour la journ\u00e9e. C'est une base de maquillage parfaite. Contenu : 50g.<\/p>","protected":false},"featured_media":52438,"comment_status":"closed","ping_status":"closed","template":"","meta":{"advanced_seo_description":"","jetpack_seo_html_title":"","jetpack_seo_noindex":false},"pwb-brand":[690],"product_brand":[4859],"product_cat":[684,689],"product_tag":[],"class_list":{"0":"post-14659","1":"product","2":"type-product","3":"status-publish","4":"has-post-thumbnail","6":"pwb-brand-himalaya","7":"product_brand-himalaya","8":"product_cat-clean-beauty","9":"product_cat-natural-cosmetics","10":"brand_woo-himalaya","12":"first","13":"instock","14":"taxable","15":"shipping-taxable","16":"purchasable","17":"product-type-simple"},"jetpack_sharing_enabled":true,"brands":[{"id":690,"name":"Himalaya","slug":"himalaya"}],"_links":{"self":[{"href":"https:\/\/veganova.eu\/fr\/wp-json\/wp\/v2\/product\/14659","targetHints":{"allow":["GET"]}}],"collection":[{"href":"https:\/\/veganova.eu\/fr\/wp-json\/wp\/v2\/product"}],"about":[{"href":"https:\/\/veganova.eu\/fr\/wp-json\/wp\/v2\/types\/product"}],"replies":[{"embeddable":true,"href":"https:\/\/veganova.eu\/fr\/wp-json\/wp\/v2\/comments?post=14659"}],"version-history":[{"count":1,"href":"https:\/\/veganova.eu\/fr\/wp-json\/wp\/v2\/product\/14659\/revisions"}],"predecessor-version":[{"id":58915,"href":"https:\/\/veganova.eu\/fr\/wp-json\/wp\/v2\/product\/14659\/revisions\/58915"}],"wp:featuredmedia":[{"embeddable":true,"href":"https:\/\/veganova.eu\/fr\/wp-json\/wp\/v2\/media\/52438"}],"wp:attachment":[{"href":"https:\/\/veganova.eu\/fr\/wp-json\/wp\/v2\/media?parent=14659"}],"wp:term":[{"taxonomy":"pwb-brand","embeddable":true,"href":"https:\/\/veganova.eu\/fr\/wp-json\/wp\/v2\/pwb-brand?post=14659"},{"taxonomy":"product_brand","embeddable":true,"href":"https:\/\/veganova.eu\/fr\/wp-json\/wp\/v2\/product_brand?post=14659"},{"taxonomy":"product_cat","embeddable":true,"href":"https:\/\/veganova.eu\/fr\/wp-json\/wp\/v2\/product_cat?post=14659"},{"taxonomy":"product_tag","embeddable":true,"href":"https:\/\/veganova.eu\/fr\/wp-json\/wp\/v2\/product_tag?post=14659"}],"curies":[{"name":"wp","href":"https:\/\/api.w.org\/{rel}","templated":true}]}}