{"id":14665,"date":"2023-11-13T19:30:04","date_gmt":"2023-11-13T18:30:04","guid":{"rendered":"https:\/\/veganova.eu\/?post_type=product&#038;p=14665"},"modified":"2026-04-21T07:25:28","modified_gmt":"2026-04-21T05:25:28","slug":"allnutrition-flex-all-complete-cherry-400g","status":"publish","type":"product","link":"https:\/\/veganova.eu\/fr\/shop\/allnutrition-flex-all-complete-cherry-400g\/","title":{"rendered":"Allnutrition Flex All Complete, Cerise - 400g"},"content":{"rendered":"<h3>Allnutrition Flex All Complete, Cerise - 400g<\/h3>\n<p>Le cartilage articulaire est appel\u00e9 tissu cartilagineux et il emp\u00eache l'abrasion des os qui sont en contact les uns avec les autres. \u00c0 un \u00e2ge avanc\u00e9, le cartilage articulaire n'a pas la capacit\u00e9 de se r\u00e9g\u00e9n\u00e9rer, ce qui entra\u00eene la possibilit\u00e9 de sa perte.<\/p>\n<p>Gr\u00e2ce \u00e0 FLEX ALL COMPLETE, vous pouvez acc\u00e9l\u00e9rer la r\u00e9g\u00e9n\u00e9ration et soutenir la reconstruction de la structure cartilagineuse endommag\u00e9e, ce qui stimule la production de collag\u00e8ne et r\u00e9tablit l'\u00e9lasticit\u00e9 des articulations. Les ingr\u00e9dients faciles \u00e0 dig\u00e9rer, disponibles sous forme de poudre, sont les plus efficaces dans ce processus de r\u00e9g\u00e9n\u00e9ration.<\/p>\n<p>FLEX ALL COMPLETE est un produit bas\u00e9 principalement sur le collag\u00e8ne. Le collag\u00e8ne est une prot\u00e9ine qui contribue \u00e0 la sant\u00e9 des os. En outre, il contient un certain nombre d'ingr\u00e9dients de soutien. Il s'agit notamment de la vitamine C, qui contribue \u00e0 la bonne production de collag\u00e8ne pour assurer le bon fonctionnement du cartilage et de la peau.<\/p>","protected":false},"excerpt":{"rendered":"<p>Beauty and health supplement Allnutrition Flex All Complete Content hydrolysed beef collagen, L-Proline, Glucosamine, MSM, Vitamin C, Magnesium and B6. Flavor: Cherry. Content: 400g.<\/p>","protected":false},"featured_media":53753,"comment_status":"closed","ping_status":"closed","template":"","meta":{"advanced_seo_description":"","jetpack_seo_html_title":"","jetpack_seo_noindex":false},"pwb-brand":[475],"product_brand":[4774],"product_cat":[688,684],"product_tag":[],"class_list":{"0":"post-14665","1":"product","2":"type-product","3":"status-publish","4":"has-post-thumbnail","6":"pwb-brand-allnutrition","7":"product_brand-allnutrition","8":"product_cat-beauty-supplements","9":"product_cat-clean-beauty","10":"brand_woo-allnutrition","12":"first","13":"outofstock","14":"taxable","15":"shipping-taxable","16":"purchasable","17":"product-type-simple"},"jetpack_sharing_enabled":true,"brands":[{"id":475,"name":"Allnutrition","slug":"allnutrition"}],"_links":{"self":[{"href":"https:\/\/veganova.eu\/fr\/wp-json\/wp\/v2\/product\/14665","targetHints":{"allow":["GET"]}}],"collection":[{"href":"https:\/\/veganova.eu\/fr\/wp-json\/wp\/v2\/product"}],"about":[{"href":"https:\/\/veganova.eu\/fr\/wp-json\/wp\/v2\/types\/product"}],"replies":[{"embeddable":true,"href":"https:\/\/veganova.eu\/fr\/wp-json\/wp\/v2\/comments?post=14665"}],"version-history":[{"count":1,"href":"https:\/\/veganova.eu\/fr\/wp-json\/wp\/v2\/product\/14665\/revisions"}],"predecessor-version":[{"id":58918,"href":"https:\/\/veganova.eu\/fr\/wp-json\/wp\/v2\/product\/14665\/revisions\/58918"}],"wp:featuredmedia":[{"embeddable":true,"href":"https:\/\/veganova.eu\/fr\/wp-json\/wp\/v2\/media\/53753"}],"wp:attachment":[{"href":"https:\/\/veganova.eu\/fr\/wp-json\/wp\/v2\/media?parent=14665"}],"wp:term":[{"taxonomy":"pwb-brand","embeddable":true,"href":"https:\/\/veganova.eu\/fr\/wp-json\/wp\/v2\/pwb-brand?post=14665"},{"taxonomy":"product_brand","embeddable":true,"href":"https:\/\/veganova.eu\/fr\/wp-json\/wp\/v2\/product_brand?post=14665"},{"taxonomy":"product_cat","embeddable":true,"href":"https:\/\/veganova.eu\/fr\/wp-json\/wp\/v2\/product_cat?post=14665"},{"taxonomy":"product_tag","embeddable":true,"href":"https:\/\/veganova.eu\/fr\/wp-json\/wp\/v2\/product_tag?post=14665"}],"curies":[{"name":"wp","href":"https:\/\/api.w.org\/{rel}","templated":true}]}}