{"id":14675,"date":"2023-11-13T19:30:14","date_gmt":"2023-11-13T18:30:14","guid":{"rendered":"https:\/\/veganova.eu\/?post_type=product&#038;p=14675"},"modified":"2026-04-21T07:25:29","modified_gmt":"2026-04-21T05:25:29","slug":"himalaya-foot-care-cream-75g","status":"publish","type":"product","link":"https:\/\/veganova.eu\/fr\/shop\/himalaya-foot-care-cream-75g\/","title":{"rendered":"Himalaya Cr\u00e8me de soin pour les pieds - 75g"},"content":{"rendered":"<h3>Himalaya Cr\u00e8me de soin pour les pieds - 75g<\/h3>\n<p>Gr\u00e2ce \u00e0 la combinaison de Shorea robusta et de Fenugreek, la cr\u00e8me pour les pieds Himalaya gu\u00e9rit efficacement les fissures et adoucit les pieds rugueux. Le miel et le curcuma ont une action antibact\u00e9rienne efficace. Une utilisation r\u00e9guli\u00e8re permet de conserver des pieds doux et lisses.<\/p>","protected":false},"excerpt":{"rendered":"<p>La cr\u00e8me naturelle Himalaya Foot Care soigne les crevasses et adoucit les pieds rugueux. Contenu : 75g.<\/p>","protected":false},"featured_media":52421,"comment_status":"closed","ping_status":"closed","template":"","meta":{"advanced_seo_description":"","jetpack_seo_html_title":"","jetpack_seo_noindex":false},"pwb-brand":[690],"product_brand":[4859],"product_cat":[684,689],"product_tag":[],"class_list":{"0":"post-14675","1":"product","2":"type-product","3":"status-publish","4":"has-post-thumbnail","6":"pwb-brand-himalaya","7":"product_brand-himalaya","8":"product_cat-clean-beauty","9":"product_cat-natural-cosmetics","10":"brand_woo-himalaya","12":"first","13":"instock","14":"sale","15":"taxable","16":"shipping-taxable","17":"purchasable","18":"product-type-simple"},"jetpack_sharing_enabled":true,"brands":[{"id":690,"name":"Himalaya","slug":"himalaya"}],"_links":{"self":[{"href":"https:\/\/veganova.eu\/fr\/wp-json\/wp\/v2\/product\/14675","targetHints":{"allow":["GET"]}}],"collection":[{"href":"https:\/\/veganova.eu\/fr\/wp-json\/wp\/v2\/product"}],"about":[{"href":"https:\/\/veganova.eu\/fr\/wp-json\/wp\/v2\/types\/product"}],"replies":[{"embeddable":true,"href":"https:\/\/veganova.eu\/fr\/wp-json\/wp\/v2\/comments?post=14675"}],"version-history":[{"count":1,"href":"https:\/\/veganova.eu\/fr\/wp-json\/wp\/v2\/product\/14675\/revisions"}],"predecessor-version":[{"id":58923,"href":"https:\/\/veganova.eu\/fr\/wp-json\/wp\/v2\/product\/14675\/revisions\/58923"}],"wp:featuredmedia":[{"embeddable":true,"href":"https:\/\/veganova.eu\/fr\/wp-json\/wp\/v2\/media\/52421"}],"wp:attachment":[{"href":"https:\/\/veganova.eu\/fr\/wp-json\/wp\/v2\/media?parent=14675"}],"wp:term":[{"taxonomy":"pwb-brand","embeddable":true,"href":"https:\/\/veganova.eu\/fr\/wp-json\/wp\/v2\/pwb-brand?post=14675"},{"taxonomy":"product_brand","embeddable":true,"href":"https:\/\/veganova.eu\/fr\/wp-json\/wp\/v2\/product_brand?post=14675"},{"taxonomy":"product_cat","embeddable":true,"href":"https:\/\/veganova.eu\/fr\/wp-json\/wp\/v2\/product_cat?post=14675"},{"taxonomy":"product_tag","embeddable":true,"href":"https:\/\/veganova.eu\/fr\/wp-json\/wp\/v2\/product_tag?post=14675"}],"curies":[{"name":"wp","href":"https:\/\/api.w.org\/{rel}","templated":true}]}}