{"id":14699,"date":"2023-11-13T19:30:23","date_gmt":"2023-11-13T18:30:23","guid":{"rendered":"https:\/\/veganova.eu\/?post_type=product&#038;p=14699"},"modified":"2026-04-21T07:25:29","modified_gmt":"2026-04-21T05:25:29","slug":"himalaya-intensive-moisturizing-cream-50-ml","status":"publish","type":"product","link":"https:\/\/veganova.eu\/fr\/shop\/himalaya-intensive-moisturizing-cream-50-ml\/","title":{"rendered":"Himalaya Cr\u00e8me Hydratante Intensive - 50 ml."},"content":{"rendered":"<h3>Himalaya Cr\u00e8me Hydratante Intensive - 50 ml.<\/h3>\n<p>La cr\u00e8me hydratante intensive Himalaya hydrate m\u00eame les zones extr\u00eamement s\u00e8ches de votre peau. Le germe de bl\u00e9, riche source naturelle de vitamine E, nourrit la peau pour qu'elle reste douce et souple et la prot\u00e8ge des agressions ext\u00e9rieures. Les amandes hydratent m\u00eame les zones extr\u00eamement s\u00e8ches de la peau.<\/p>","protected":false},"excerpt":{"rendered":"<p>La cr\u00e8me hydratante Himalaya Intensive est parfaite pour les peaux s\u00e8ches, prot\u00e8ge et hydrate \u00e0 l'extr\u00eame. Contenu : 50g.<\/p>","protected":false},"featured_media":52400,"comment_status":"closed","ping_status":"closed","template":"","meta":{"advanced_seo_description":"","jetpack_seo_html_title":"","jetpack_seo_noindex":false},"pwb-brand":[690],"product_brand":[4859],"product_cat":[684,689],"product_tag":[],"class_list":{"0":"post-14699","1":"product","2":"type-product","3":"status-publish","4":"has-post-thumbnail","6":"pwb-brand-himalaya","7":"product_brand-himalaya","8":"product_cat-clean-beauty","9":"product_cat-natural-cosmetics","10":"brand_woo-himalaya","12":"first","13":"instock","14":"taxable","15":"shipping-taxable","16":"purchasable","17":"product-type-simple"},"jetpack_sharing_enabled":true,"brands":[{"id":690,"name":"Himalaya","slug":"himalaya"}],"_links":{"self":[{"href":"https:\/\/veganova.eu\/fr\/wp-json\/wp\/v2\/product\/14699","targetHints":{"allow":["GET"]}}],"collection":[{"href":"https:\/\/veganova.eu\/fr\/wp-json\/wp\/v2\/product"}],"about":[{"href":"https:\/\/veganova.eu\/fr\/wp-json\/wp\/v2\/types\/product"}],"replies":[{"embeddable":true,"href":"https:\/\/veganova.eu\/fr\/wp-json\/wp\/v2\/comments?post=14699"}],"version-history":[{"count":1,"href":"https:\/\/veganova.eu\/fr\/wp-json\/wp\/v2\/product\/14699\/revisions"}],"predecessor-version":[{"id":56065,"href":"https:\/\/veganova.eu\/fr\/wp-json\/wp\/v2\/product\/14699\/revisions\/56065"}],"wp:featuredmedia":[{"embeddable":true,"href":"https:\/\/veganova.eu\/fr\/wp-json\/wp\/v2\/media\/52400"}],"wp:attachment":[{"href":"https:\/\/veganova.eu\/fr\/wp-json\/wp\/v2\/media?parent=14699"}],"wp:term":[{"taxonomy":"pwb-brand","embeddable":true,"href":"https:\/\/veganova.eu\/fr\/wp-json\/wp\/v2\/pwb-brand?post=14699"},{"taxonomy":"product_brand","embeddable":true,"href":"https:\/\/veganova.eu\/fr\/wp-json\/wp\/v2\/product_brand?post=14699"},{"taxonomy":"product_cat","embeddable":true,"href":"https:\/\/veganova.eu\/fr\/wp-json\/wp\/v2\/product_cat?post=14699"},{"taxonomy":"product_tag","embeddable":true,"href":"https:\/\/veganova.eu\/fr\/wp-json\/wp\/v2\/product_tag?post=14699"}],"curies":[{"name":"wp","href":"https:\/\/api.w.org\/{rel}","templated":true}]}}