{"id":14709,"date":"2023-11-13T19:30:26","date_gmt":"2023-11-13T18:30:26","guid":{"rendered":"https:\/\/veganova.eu\/?post_type=product&#038;p=14709"},"modified":"2026-04-21T07:25:30","modified_gmt":"2026-04-21T05:25:30","slug":"himalaya-kids-toothpaste-bubble-gum-80g","status":"publish","type":"product","link":"https:\/\/veganova.eu\/fr\/shop\/himalaya-kids-toothpaste-bubble-gum-80g\/","title":{"rendered":"Himalaya Kids Dentifrice, Bubble Gum - 80g"},"content":{"rendered":"<h3>Himalaya Kids Dentifrice, Bubble Gum - 80g<\/h3>\n<p>Le dentifrice Himalaya Bubble Gum pour enfants allie la propret\u00e9 sans fluor \u00e0 un go\u00fbt d\u00e9licieux. Aide \u00e0 lutter contre les caries et \u00e0 les pr\u00e9venir. Aide \u00e0 prot\u00e9ger les dents contre les attaques acides. Doux pour l'\u00e9mail des dents. Pr\u00e9serve la sant\u00e9 des gencives et favorise l'hygi\u00e8ne bucco-dentaire. Aide \u00e0 r\u00e9duire la mauvaise haleine et donne une sensation de fra\u00eecheur.<\/p>\n<p>Sans : Fluorure, SLS, Carragh\u00e9nine, Gluten et colorants alimentaires<br \/>\n100% Vegan<br \/>\nSans ar\u00f4mes artificiels<br \/>\nAvec des ingr\u00e9dients biologiques<\/p>","protected":false},"excerpt":{"rendered":"<p>Himalaya Kids dentifrice au go\u00fbt de bubble gum, 100% vegan, sans ar\u00f4mes artificiels et avec des ingr\u00e9dients biologiques. Contenu : 80g.<\/p>","protected":false},"featured_media":52389,"comment_status":"closed","ping_status":"closed","template":"","meta":{"advanced_seo_description":"","jetpack_seo_html_title":"","jetpack_seo_noindex":false},"pwb-brand":[690],"product_brand":[4859],"product_cat":[684,689],"product_tag":[],"class_list":{"0":"post-14709","1":"product","2":"type-product","3":"status-publish","4":"has-post-thumbnail","6":"pwb-brand-himalaya","7":"product_brand-himalaya","8":"product_cat-clean-beauty","9":"product_cat-natural-cosmetics","10":"brand_woo-himalaya","12":"first","13":"instock","14":"taxable","15":"shipping-taxable","16":"purchasable","17":"product-type-simple"},"jetpack_sharing_enabled":true,"brands":[{"id":690,"name":"Himalaya","slug":"himalaya"}],"_links":{"self":[{"href":"https:\/\/veganova.eu\/fr\/wp-json\/wp\/v2\/product\/14709","targetHints":{"allow":["GET"]}}],"collection":[{"href":"https:\/\/veganova.eu\/fr\/wp-json\/wp\/v2\/product"}],"about":[{"href":"https:\/\/veganova.eu\/fr\/wp-json\/wp\/v2\/types\/product"}],"replies":[{"embeddable":true,"href":"https:\/\/veganova.eu\/fr\/wp-json\/wp\/v2\/comments?post=14709"}],"version-history":[{"count":1,"href":"https:\/\/veganova.eu\/fr\/wp-json\/wp\/v2\/product\/14709\/revisions"}],"predecessor-version":[{"id":58932,"href":"https:\/\/veganova.eu\/fr\/wp-json\/wp\/v2\/product\/14709\/revisions\/58932"}],"wp:featuredmedia":[{"embeddable":true,"href":"https:\/\/veganova.eu\/fr\/wp-json\/wp\/v2\/media\/52389"}],"wp:attachment":[{"href":"https:\/\/veganova.eu\/fr\/wp-json\/wp\/v2\/media?parent=14709"}],"wp:term":[{"taxonomy":"pwb-brand","embeddable":true,"href":"https:\/\/veganova.eu\/fr\/wp-json\/wp\/v2\/pwb-brand?post=14709"},{"taxonomy":"product_brand","embeddable":true,"href":"https:\/\/veganova.eu\/fr\/wp-json\/wp\/v2\/product_brand?post=14709"},{"taxonomy":"product_cat","embeddable":true,"href":"https:\/\/veganova.eu\/fr\/wp-json\/wp\/v2\/product_cat?post=14709"},{"taxonomy":"product_tag","embeddable":true,"href":"https:\/\/veganova.eu\/fr\/wp-json\/wp\/v2\/product_tag?post=14709"}],"curies":[{"name":"wp","href":"https:\/\/api.w.org\/{rel}","templated":true}]}}