{"id":14735,"date":"2023-11-13T19:30:37","date_gmt":"2023-11-13T18:30:37","guid":{"rendered":"https:\/\/veganova.eu\/?post_type=product&#038;p=14735"},"modified":"2026-04-21T07:25:30","modified_gmt":"2026-04-21T05:25:30","slug":"betteryou-magnesium-oil-sensitive-spray-100-ml","status":"publish","type":"product","link":"https:\/\/veganova.eu\/fr\/shop\/betteryou-magnesium-oil-sensitive-spray-100-ml\/","title":{"rendered":"BetterYou Huile de Magn\u00e9sium Spray Sensible - 100 ml."},"content":{"rendered":"<h3>BetterYou Huile de Magn\u00e9sium Spray Sensible - 100 ml.<\/h3>\n<p>Dermatologically tested, the unique formulation of BetterYou MagnesiumOil Sensitive Spray delivers magnesium for the most sensitive of skin. A simple and scientifically proven method of magnesium supplementation.<\/p>\n<p>Test\u00e9 dermatologiquement<br \/>\nGentle on sensitive skin<br \/>\nImproves bone and skin health<br \/>\nNaturally repairs and relaxes muscles<br \/>\nExceptional magnesium chloride quality<br \/>\nBetterYou Zechstein Magnesium commences absorption immediately when sprayed onto the skin. This essential mineral helps to promote overall wellbeing and relaxation.<\/p>\n<p>10 sprays deliver a minimum of 100mg (28% RDA) of optimally absorbable elemental magnesium.<\/p>\n<p>100ml contient 600 pulv\u00e9risations<\/p>\n<p>Why MagnesiumOil Sensitive Spray?<br \/>\nMagnesium is vital for the proper function of the human body, it is responsible for 325 chemical reactions and promotes energy production, bone health, skin health and mental clarity. A body with the right amount of magnesium will be more supple, will resist fatigue longer and will better repair itself.<\/p>\n<p>Aside from the improvements to overall health, transdermal magnesium supplementation contributes to improved sleep and increased sports performance.<\/p>\n<p>Comment fonctionnent les suppl\u00e9ments de magn\u00e9sium transdermiques :<\/p>\n<p>Applied directly onto the skin BetterYou MagnesiumOil Sensitive spray is absorbed in to the highly porous epidermis and through to the blood vessels and muscles beneath. Completely bypassing the digestive system where many nutrients are not absorbed. Transdermal magnesium offers an effective alternative to tablets and capsules.<\/p>\n<p>Qualit\u00e9 sup\u00e9rieure du magn\u00e9sium<\/p>\n<p>Le spray prim\u00e9 \u00e0 plusieurs reprises contient 100% d'ingr\u00e9dients naturels, offrant une forme pure de chlorure de magn\u00e9sium Zechstein Inside. Extrait d'un filon situ\u00e9 \u00e0 un kilom\u00e8tre sous terre dans le nord de la Hollande, notre chlorure de magn\u00e9sium a \u00e9t\u00e9 naturellement condens\u00e9 et purifi\u00e9 pendant plus de 250 millions d'ann\u00e9es. Exempt de polluants et de m\u00e9taux lourds produits par l'homme, le chlorure de magn\u00e9sium Zechstein Inside garantit une source de magn\u00e9sium naturellement pure.<\/p>\n<p>Ingr\u00e9dients :<br \/>\nConcentrated solution of Zechstein Inside magnesium chloride hexahydrate (water, magnesium chloride hexahydrate &#8211; 15% concentration).<br \/>\n100% source naturelle.<br \/>\nConvient aux v\u00e9g\u00e9tariens et aux v\u00e9g\u00e9taliens.<br \/>\nBetterYou est fier de son approche unique de l'absorption, de la lib\u00e9ration et des tests de stabilit\u00e9 et est fier d'utiliser, dans la mesure du possible, des ingr\u00e9dients naturels, \u00e0 l'\u00e9tat alimentaire et d'origine alimentaire.<br \/>\nFi\u00e8rement fabriqu\u00e9 en Grande-Bretagne. Jamais test\u00e9 sur les animaux.<\/p>\n<p>Directions :<br \/>\nVaporiser sur le corps et bien faire p\u00e9n\u00e9trer dans la peau. Id\u00e9alement apr\u00e8s la douche ou avant de dormir.<br \/>\nPour de meilleurs r\u00e9sultats, appliquer sur une peau propre. Renouveler l'application chaque fois que n\u00e9cessaire.<br \/>\nApply anywhere on the body avoiding delicate areas such as the eyes.<br \/>\nConcentration sur les articulations, les muscles et les zones concern\u00e9es.<br \/>\nConvient aux enfants et \u00e0 la grossesse.<br \/>\nLe picotement du magn\u00e9sium<br \/>\nLors de la premi\u00e8re application, vous pouvez ressentir un l\u00e9ger picotement. Cela peut indiquer un faible niveau de magn\u00e9sium et r\u00e9sulte de l'absorption rapide du magn\u00e9sium par les pores. Ce picotement dispara\u00eetra avec une utilisation r\u00e9guli\u00e8re et, comme l'absorption commence imm\u00e9diatement, la peau peut \u00eatre essuy\u00e9e apr\u00e8s le massage.<\/p>","protected":false},"excerpt":{"rendered":"<p>BetterYou Magnesium Oil Sensitive Spray supports natural muscle recovery. High concentration of magnesium in superior quality. Contain: 100ml.<\/p>","protected":false},"featured_media":52364,"comment_status":"closed","ping_status":"closed","template":"","meta":{"advanced_seo_description":"","jetpack_seo_html_title":"","jetpack_seo_noindex":false},"pwb-brand":[142],"product_brand":[4563],"product_cat":[684,689],"product_tag":[],"class_list":{"0":"post-14735","1":"product","2":"type-product","3":"status-publish","4":"has-post-thumbnail","6":"pwb-brand-betteryou","7":"product_brand-betteryou","8":"product_cat-clean-beauty","9":"product_cat-natural-cosmetics","10":"brand_woo-betteryou","12":"first","13":"instock","14":"taxable","15":"shipping-taxable","16":"purchasable","17":"product-type-simple"},"jetpack_sharing_enabled":true,"brands":[{"id":142,"name":"MieuxVous","slug":"betteryou"}],"_links":{"self":[{"href":"https:\/\/veganova.eu\/fr\/wp-json\/wp\/v2\/product\/14735","targetHints":{"allow":["GET"]}}],"collection":[{"href":"https:\/\/veganova.eu\/fr\/wp-json\/wp\/v2\/product"}],"about":[{"href":"https:\/\/veganova.eu\/fr\/wp-json\/wp\/v2\/types\/product"}],"replies":[{"embeddable":true,"href":"https:\/\/veganova.eu\/fr\/wp-json\/wp\/v2\/comments?post=14735"}],"version-history":[{"count":1,"href":"https:\/\/veganova.eu\/fr\/wp-json\/wp\/v2\/product\/14735\/revisions"}],"predecessor-version":[{"id":58943,"href":"https:\/\/veganova.eu\/fr\/wp-json\/wp\/v2\/product\/14735\/revisions\/58943"}],"wp:featuredmedia":[{"embeddable":true,"href":"https:\/\/veganova.eu\/fr\/wp-json\/wp\/v2\/media\/52364"}],"wp:attachment":[{"href":"https:\/\/veganova.eu\/fr\/wp-json\/wp\/v2\/media?parent=14735"}],"wp:term":[{"taxonomy":"pwb-brand","embeddable":true,"href":"https:\/\/veganova.eu\/fr\/wp-json\/wp\/v2\/pwb-brand?post=14735"},{"taxonomy":"product_brand","embeddable":true,"href":"https:\/\/veganova.eu\/fr\/wp-json\/wp\/v2\/product_brand?post=14735"},{"taxonomy":"product_cat","embeddable":true,"href":"https:\/\/veganova.eu\/fr\/wp-json\/wp\/v2\/product_cat?post=14735"},{"taxonomy":"product_tag","embeddable":true,"href":"https:\/\/veganova.eu\/fr\/wp-json\/wp\/v2\/product_tag?post=14735"}],"curies":[{"name":"wp","href":"https:\/\/api.w.org\/{rel}","templated":true}]}}