{"id":14823,"date":"2023-11-13T19:31:16","date_gmt":"2023-11-13T18:31:16","guid":{"rendered":"https:\/\/veganova.eu\/?post_type=product&#038;p=14823"},"modified":"2026-04-21T07:25:33","modified_gmt":"2026-04-21T05:25:33","slug":"himalaya-total-care-herbal-toothpaste-100-ml","status":"publish","type":"product","link":"https:\/\/veganova.eu\/fr\/shop\/himalaya-total-care-herbal-toothpaste-100-ml\/","title":{"rendered":"Himalaya Total Care Herbal Toothpaste - 100 ml."},"content":{"rendered":"<h3>Dentifrice aux plantes Himalaya Total Care<\/h3>\n<p>Des gencives saines sont la cl\u00e9 de la sant\u00e9 des dents et de l'hygi\u00e8ne bucco-dentaire. La gamme de dentifrices Himalaya Gum Expert contient du Miswak et des astringents naturels qui garantissent que vos gencives restent saines et prot\u00e9g\u00e9es. Le dentifrice Himalaya Gum Expert Total Care Herbal Toothpaste est une formulation avanc\u00e9e \u00e0 base de plantes qui offre une protection de 12 heures contre les germes nocifs, aide \u00e0 pr\u00e9venir les saignements des gencives et l'accumulation de plaque sur les dents.<\/p>","protected":false},"excerpt":{"rendered":"<p>Le dentifrice Himalaya Total Care Herbal aide \u00e0 pr\u00e9venir les saignements des gencives et la formation de la plaque dentaire. Ingr\u00e9dients naturels. Contenu : 100ml.<\/p>","protected":false},"featured_media":51277,"comment_status":"closed","ping_status":"closed","template":"","meta":{"advanced_seo_description":"","jetpack_seo_html_title":"","jetpack_seo_noindex":false},"pwb-brand":[690],"product_brand":[4859],"product_cat":[684,689],"product_tag":[],"class_list":{"0":"post-14823","1":"product","2":"type-product","3":"status-publish","4":"has-post-thumbnail","6":"pwb-brand-himalaya","7":"product_brand-himalaya","8":"product_cat-clean-beauty","9":"product_cat-natural-cosmetics","10":"brand_woo-himalaya","12":"first","13":"instock","14":"taxable","15":"shipping-taxable","16":"purchasable","17":"product-type-simple"},"jetpack_sharing_enabled":true,"brands":[{"id":690,"name":"Himalaya","slug":"himalaya"}],"_links":{"self":[{"href":"https:\/\/veganova.eu\/fr\/wp-json\/wp\/v2\/product\/14823","targetHints":{"allow":["GET"]}}],"collection":[{"href":"https:\/\/veganova.eu\/fr\/wp-json\/wp\/v2\/product"}],"about":[{"href":"https:\/\/veganova.eu\/fr\/wp-json\/wp\/v2\/types\/product"}],"replies":[{"embeddable":true,"href":"https:\/\/veganova.eu\/fr\/wp-json\/wp\/v2\/comments?post=14823"}],"version-history":[{"count":1,"href":"https:\/\/veganova.eu\/fr\/wp-json\/wp\/v2\/product\/14823\/revisions"}],"predecessor-version":[{"id":58982,"href":"https:\/\/veganova.eu\/fr\/wp-json\/wp\/v2\/product\/14823\/revisions\/58982"}],"wp:featuredmedia":[{"embeddable":true,"href":"https:\/\/veganova.eu\/fr\/wp-json\/wp\/v2\/media\/51277"}],"wp:attachment":[{"href":"https:\/\/veganova.eu\/fr\/wp-json\/wp\/v2\/media?parent=14823"}],"wp:term":[{"taxonomy":"pwb-brand","embeddable":true,"href":"https:\/\/veganova.eu\/fr\/wp-json\/wp\/v2\/pwb-brand?post=14823"},{"taxonomy":"product_brand","embeddable":true,"href":"https:\/\/veganova.eu\/fr\/wp-json\/wp\/v2\/product_brand?post=14823"},{"taxonomy":"product_cat","embeddable":true,"href":"https:\/\/veganova.eu\/fr\/wp-json\/wp\/v2\/product_cat?post=14823"},{"taxonomy":"product_tag","embeddable":true,"href":"https:\/\/veganova.eu\/fr\/wp-json\/wp\/v2\/product_tag?post=14823"}],"curies":[{"name":"wp","href":"https:\/\/api.w.org\/{rel}","templated":true}]}}