{"id":14831,"date":"2023-11-13T19:31:18","date_gmt":"2023-11-13T18:31:18","guid":{"rendered":"https:\/\/veganova.eu\/?post_type=product&#038;p=14831"},"modified":"2026-04-21T07:25:33","modified_gmt":"2026-04-21T05:25:33","slug":"himalaya-ultra-whitening-herbal-toothpaste-75-ml","status":"publish","type":"product","link":"https:\/\/veganova.eu\/fr\/shop\/himalaya-ultra-whitening-herbal-toothpaste-75-ml\/","title":{"rendered":"Himalaya Ultra Whitening Herbal Toothpaste - 75 ml."},"content":{"rendered":"<h3>Dentifrice aux plantes Himalaya Ultra Whitening<\/h3>\n<p>Des gencives saines sont la cl\u00e9 de la sant\u00e9 des dents et de l'hygi\u00e8ne bucco-dentaire. La gamme de dentifrices Himalaya Gum Expert contient du Miswak et des astringents naturels qui garantissent que vos gencives restent saines et prot\u00e9g\u00e9es. Le dentifrice Ultra Whitening Toothpaste de Himalaya est une formulation \u00e0 base de plantes qui contient du charbon de noix de coco activ\u00e9 et de l'huile de graine noire qui nettoie en profondeur, d\u00e9toxifie et rend vos dents 3 tons plus blancs en 2 semaines.<\/p>","protected":false},"excerpt":{"rendered":"<p>Dentifrice Himalaya Ultra Whitening Herbal avec 100% ingr\u00e9dients naturels, pour des dents plus blanches et des gencives saines. 3 teintes de dents plus claires en 4 semaines. V\u00e9g\u00e9talien, v\u00e9g\u00e9tarien. Contenu : 75ml.<\/p>","protected":false},"featured_media":51316,"comment_status":"closed","ping_status":"closed","template":"","meta":{"advanced_seo_description":"","jetpack_seo_html_title":"","jetpack_seo_noindex":false},"pwb-brand":[690],"product_brand":[4859],"product_cat":[684,689],"product_tag":[],"class_list":{"0":"post-14831","1":"product","2":"type-product","3":"status-publish","4":"has-post-thumbnail","6":"pwb-brand-himalaya","7":"product_brand-himalaya","8":"product_cat-clean-beauty","9":"product_cat-natural-cosmetics","10":"brand_woo-himalaya","12":"first","13":"instock","14":"taxable","15":"shipping-taxable","16":"purchasable","17":"product-type-simple"},"jetpack_sharing_enabled":true,"brands":[{"id":690,"name":"Himalaya","slug":"himalaya"}],"_links":{"self":[{"href":"https:\/\/veganova.eu\/fr\/wp-json\/wp\/v2\/product\/14831","targetHints":{"allow":["GET"]}}],"collection":[{"href":"https:\/\/veganova.eu\/fr\/wp-json\/wp\/v2\/product"}],"about":[{"href":"https:\/\/veganova.eu\/fr\/wp-json\/wp\/v2\/types\/product"}],"replies":[{"embeddable":true,"href":"https:\/\/veganova.eu\/fr\/wp-json\/wp\/v2\/comments?post=14831"}],"version-history":[{"count":1,"href":"https:\/\/veganova.eu\/fr\/wp-json\/wp\/v2\/product\/14831\/revisions"}],"predecessor-version":[{"id":58986,"href":"https:\/\/veganova.eu\/fr\/wp-json\/wp\/v2\/product\/14831\/revisions\/58986"}],"wp:featuredmedia":[{"embeddable":true,"href":"https:\/\/veganova.eu\/fr\/wp-json\/wp\/v2\/media\/51316"}],"wp:attachment":[{"href":"https:\/\/veganova.eu\/fr\/wp-json\/wp\/v2\/media?parent=14831"}],"wp:term":[{"taxonomy":"pwb-brand","embeddable":true,"href":"https:\/\/veganova.eu\/fr\/wp-json\/wp\/v2\/pwb-brand?post=14831"},{"taxonomy":"product_brand","embeddable":true,"href":"https:\/\/veganova.eu\/fr\/wp-json\/wp\/v2\/product_brand?post=14831"},{"taxonomy":"product_cat","embeddable":true,"href":"https:\/\/veganova.eu\/fr\/wp-json\/wp\/v2\/product_cat?post=14831"},{"taxonomy":"product_tag","embeddable":true,"href":"https:\/\/veganova.eu\/fr\/wp-json\/wp\/v2\/product_tag?post=14831"}],"curies":[{"name":"wp","href":"https:\/\/api.w.org\/{rel}","templated":true}]}}