{"id":14930,"date":"2023-11-18T11:04:52","date_gmt":"2023-11-18T10:04:52","guid":{"rendered":"https:\/\/veganova.eu\/?post_type=product&#038;p=14930"},"modified":"2026-04-21T07:25:36","modified_gmt":"2026-04-21T05:25:36","slug":"doctors-best-fish-collagen-with-naticol-fish-collagen-30-stick-packs","status":"publish","type":"product","link":"https:\/\/veganova.eu\/fr\/shop\/doctors-best-fish-collagen-with-naticol-fish-collagen-30-stick-packs\/","title":{"rendered":"Doctor's Best Collag\u00e8ne de poisson avec Naticol Collag\u00e8ne de poisson - 30 paquets de b\u00e2tonnets"},"content":{"rendered":"<h3>Doctor's Best Collag\u00e8ne de poisson avec Naticol Collag\u00e8ne de poisson<\/h3>\n<p>Le collag\u00e8ne de poisson avec peptides de collag\u00e8ne Naticol est un moyen facile de soutenir votre beaut\u00e9 naturelle, dans un simple emballage de poudre en b\u00e2ton. Compos\u00e9 de collag\u00e8ne de poisson de type I, ce soutien quotidien de la peau et des articulations est pratiquement insipide et inodore. Compl\u00e9ment sain du caf\u00e9, du th\u00e9 ou d'un smoothie, le collag\u00e8ne est bien connu pour sa capacit\u00e9 \u00e0 augmenter l'hydratation et l'\u00e9lasticit\u00e9 de la peau, ainsi qu'\u00e0 contribuer \u00e0 la sant\u00e9 des articulations et des os. Notre collag\u00e8ne de poisson Naticol est respectueux de l'environnement et provient de sources durables, de sorte que vous pouvez vous sentir encore plus \u00e0 l'aise en ajoutant ce suppl\u00e9ment \u00e0 votre routine.<\/p>","protected":false},"excerpt":{"rendered":"<p>Suppl\u00e9ment de beaut\u00e9 Doctor's Best Fish Collagen with Naticol Le collag\u00e8ne de poisson est parfait pour la peau, les cheveux, les ongles et les articulations. Respectueux de l'environnement et d'origine durable. Sans gluten, sans OGM. Sans go\u00fbt ni odeur. Contenu : 30 paquets de b\u00e2tonnets.<\/p>","protected":false},"featured_media":51092,"comment_status":"closed","ping_status":"closed","template":"","meta":{"advanced_seo_description":"","jetpack_seo_html_title":"","jetpack_seo_noindex":false},"pwb-brand":[147],"product_brand":[4565],"product_cat":[688,684],"product_tag":[],"class_list":{"0":"post-14930","1":"product","2":"type-product","3":"status-publish","4":"has-post-thumbnail","6":"pwb-brand-doctors-best","7":"product_brand-doctors-best","8":"product_cat-beauty-supplements","9":"product_cat-clean-beauty","10":"brand_woo-doctors-best","12":"first","13":"instock","14":"sale","15":"taxable","16":"shipping-taxable","17":"purchasable","18":"product-type-simple"},"jetpack_sharing_enabled":true,"brands":[{"id":147,"name":"Doctor's Best","slug":"doctors-best"}],"_links":{"self":[{"href":"https:\/\/veganova.eu\/fr\/wp-json\/wp\/v2\/product\/14930","targetHints":{"allow":["GET"]}}],"collection":[{"href":"https:\/\/veganova.eu\/fr\/wp-json\/wp\/v2\/product"}],"about":[{"href":"https:\/\/veganova.eu\/fr\/wp-json\/wp\/v2\/types\/product"}],"replies":[{"embeddable":true,"href":"https:\/\/veganova.eu\/fr\/wp-json\/wp\/v2\/comments?post=14930"}],"version-history":[{"count":1,"href":"https:\/\/veganova.eu\/fr\/wp-json\/wp\/v2\/product\/14930\/revisions"}],"predecessor-version":[{"id":59008,"href":"https:\/\/veganova.eu\/fr\/wp-json\/wp\/v2\/product\/14930\/revisions\/59008"}],"wp:featuredmedia":[{"embeddable":true,"href":"https:\/\/veganova.eu\/fr\/wp-json\/wp\/v2\/media\/51092"}],"wp:attachment":[{"href":"https:\/\/veganova.eu\/fr\/wp-json\/wp\/v2\/media?parent=14930"}],"wp:term":[{"taxonomy":"pwb-brand","embeddable":true,"href":"https:\/\/veganova.eu\/fr\/wp-json\/wp\/v2\/pwb-brand?post=14930"},{"taxonomy":"product_brand","embeddable":true,"href":"https:\/\/veganova.eu\/fr\/wp-json\/wp\/v2\/product_brand?post=14930"},{"taxonomy":"product_cat","embeddable":true,"href":"https:\/\/veganova.eu\/fr\/wp-json\/wp\/v2\/product_cat?post=14930"},{"taxonomy":"product_tag","embeddable":true,"href":"https:\/\/veganova.eu\/fr\/wp-json\/wp\/v2\/product_tag?post=14930"}],"curies":[{"name":"wp","href":"https:\/\/api.w.org\/{rel}","templated":true}]}}