{"id":14932,"date":"2023-11-18T11:05:05","date_gmt":"2023-11-18T10:05:05","guid":{"rendered":"https:\/\/veganova.eu\/?post_type=product&#038;p=14932"},"modified":"2026-04-21T07:25:36","modified_gmt":"2026-04-21T05:25:36","slug":"swanson-keratin-50mg-60-caps","status":"publish","type":"product","link":"https:\/\/veganova.eu\/fr\/shop\/swanson-keratin-50mg-60-caps\/","title":{"rendered":"Swanson Keratin, 50mg - 60 g\u00e9lules"},"content":{"rendered":"<h3>Swanson Keratin<\/h3>\n<ul>\n<li>Vitamines de k\u00e9ratine pure<\/li>\n<li>Fabriqu\u00e9 en laine tib\u00e9taine<\/li>\n<li>Favorise la sant\u00e9 des articulations, de la peau, des cheveux et des ongles<\/li>\n<\/ul>\n<p>Les k\u00e9ratines sont un groupe de prot\u00e9ines r\u00e9sistantes et fibreuses qui contribuent \u00e0 la sant\u00e9 des articulations et au maintien de la peau, des cheveux et des ongles. Les k\u00e9ratines ont une teneur exceptionnellement \u00e9lev\u00e9e en cyst\u00e9ine, un acide amin\u00e9 qui est en soi une source abondante de mol\u00e9cules de soufre qui nourrissent et renforcent les tissus cartilagineux. Lorsque les mol\u00e9cules de soufre de la cyst\u00e9ine se lient entre elles, elles forment des liens tr\u00e8s solides appel\u00e9s \"ponts de cyst\u00e9ine\". Ces ponts apportent un soutien vital aux articulations portantes. Swanson Premium Brand\u00ae Keratin, d\u00e9riv\u00e9 de la laine tib\u00e9taine, fournit de la k\u00e9ratine hydrolys\u00e9e pure de qualit\u00e9 alimentaire pour nourrir les tissus conjonctifs sains et promouvoir la sant\u00e9, la force et l'apparence de la peau, des cheveux et des ongles.<\/p>","protected":false},"excerpt":{"rendered":"<p>Compl\u00e9ment alimentaire beaut\u00e9 Swanson Keratin Content k\u00e9ratine naturelle issue de la laine tib\u00e9taine, pour une peau, des cheveux et des ongles sains. Nourrit les tissus conjonctifs sains et favorise la sant\u00e9, la force et l'apparence de la peau, des cheveux et des ongles. Contenu : 60 g\u00e9lules.<\/p>","protected":false},"featured_media":51215,"comment_status":"closed","ping_status":"closed","template":"","meta":{"advanced_seo_description":"","jetpack_seo_html_title":"","jetpack_seo_noindex":false},"pwb-brand":[450],"product_brand":[4753],"product_cat":[688,684],"product_tag":[],"class_list":{"0":"post-14932","1":"product","2":"type-product","3":"status-publish","4":"has-post-thumbnail","6":"pwb-brand-swanson","7":"product_brand-swanson","8":"product_cat-beauty-supplements","9":"product_cat-clean-beauty","10":"brand_woo-swanson","12":"first","13":"instock","14":"taxable","15":"shipping-taxable","16":"purchasable","17":"product-type-simple"},"jetpack_sharing_enabled":true,"brands":[{"id":450,"name":"Swanson","slug":"swanson"}],"_links":{"self":[{"href":"https:\/\/veganova.eu\/fr\/wp-json\/wp\/v2\/product\/14932","targetHints":{"allow":["GET"]}}],"collection":[{"href":"https:\/\/veganova.eu\/fr\/wp-json\/wp\/v2\/product"}],"about":[{"href":"https:\/\/veganova.eu\/fr\/wp-json\/wp\/v2\/types\/product"}],"replies":[{"embeddable":true,"href":"https:\/\/veganova.eu\/fr\/wp-json\/wp\/v2\/comments?post=14932"}],"version-history":[{"count":1,"href":"https:\/\/veganova.eu\/fr\/wp-json\/wp\/v2\/product\/14932\/revisions"}],"predecessor-version":[{"id":59009,"href":"https:\/\/veganova.eu\/fr\/wp-json\/wp\/v2\/product\/14932\/revisions\/59009"}],"wp:featuredmedia":[{"embeddable":true,"href":"https:\/\/veganova.eu\/fr\/wp-json\/wp\/v2\/media\/51215"}],"wp:attachment":[{"href":"https:\/\/veganova.eu\/fr\/wp-json\/wp\/v2\/media?parent=14932"}],"wp:term":[{"taxonomy":"pwb-brand","embeddable":true,"href":"https:\/\/veganova.eu\/fr\/wp-json\/wp\/v2\/pwb-brand?post=14932"},{"taxonomy":"product_brand","embeddable":true,"href":"https:\/\/veganova.eu\/fr\/wp-json\/wp\/v2\/product_brand?post=14932"},{"taxonomy":"product_cat","embeddable":true,"href":"https:\/\/veganova.eu\/fr\/wp-json\/wp\/v2\/product_cat?post=14932"},{"taxonomy":"product_tag","embeddable":true,"href":"https:\/\/veganova.eu\/fr\/wp-json\/wp\/v2\/product_tag?post=14932"}],"curies":[{"name":"wp","href":"https:\/\/api.w.org\/{rel}","templated":true}]}}