{"id":14961,"date":"2023-11-18T11:05:46","date_gmt":"2023-11-18T10:05:46","guid":{"rendered":"https:\/\/veganova.eu\/?post_type=product&#038;p=14961"},"modified":"2026-04-21T07:25:37","modified_gmt":"2026-04-21T05:25:37","slug":"swanson-vegan-collagen-builder-60-vcaps","status":"publish","type":"product","link":"https:\/\/veganova.eu\/fr\/shop\/swanson-vegan-collagen-builder-60-vcaps\/","title":{"rendered":"Swanson Vegan Collagen Builder - 60 vcaps"},"content":{"rendered":"<h3>Swanson Vegan Collagen Builder<\/h3>\n<ul>\n<li>Favorise la production de collag\u00e8ne<\/li>\n<li>R\u00e9duit la d\u00e9gradation de l'\u00e9lastine<\/li>\n<li>Apporte de la silice, un min\u00e9ral essentiel pour la sant\u00e9 des cheveux, de la peau et des ongles<\/li>\n<\/ul>\n<p>La beaut\u00e9 naturelle de l'int\u00e9rieur se traduit par une peau, des cheveux et des ongles sains. Pour les soutenir, votre corps doit produire des niveaux ad\u00e9quats de collag\u00e8ne. Parfois, cependant, l'organisme a besoin d'un peu d'aide pour maintenir des r\u00e9serves de collag\u00e8ne saines. Dans ce cas, certains se tournent vers un suppl\u00e9ment de collag\u00e8ne. Pour une approche diff\u00e9rente, Swanson Vegan Collagen Builder r\u00e9unit la puissance de la vitamine C, de l'extrait de bambou et des super-aliments \u00e0 base de plantes pour rajeunir votre beaut\u00e9 naturelle de l'int\u00e9rieur en stimulant votre corps \u00e0 reconstruire ses propres r\u00e9serves de collag\u00e8ne avec les nutriments dont il a besoin.<\/p>\n<p>Vegan Collagen Builder contient de la vitamine C, connue pour favoriser la production naturelle de collag\u00e8ne par l'organisme. C'est important parce que le collag\u00e8ne est la prot\u00e9ine la plus r\u00e9pandue dans le corps et qu'il est essentiel pour renforcer les cheveux et les ongles, tout en aidant \u00e0 r\u00e9duire la d\u00e9gradation de l'\u00e9lastine, une prot\u00e9ine compl\u00e9mentaire qui soutient l'\u00e9clat de la jeunesse. L'extrait de bambou est un autre ingr\u00e9dient puissant qui utilise le pouvoir de la silice pour renforcer les tissus conjonctifs tout en am\u00e9liorant la vitalit\u00e9 des cheveux et des ongles.<\/p>\n<p>Dermaval, une combinaison cliniquement \u00e9tudi\u00e9e de neuf super-aliments, dont la grenade, le camu camu, l'a\u00e7a\u00ef et bien d'autres encore, est unique \u00e0 cette formule, con\u00e7ue pour lutter contre la d\u00e9gradation du collag\u00e8ne et de l'\u00e9lastine. Le camu camu, en particulier, offre d'abondants avantages nutritionnels sous la forme de compos\u00e9s phytochimiques tels que la leucine et le b\u00eata-carot\u00e8ne, ainsi que des niveaux \u00e9lev\u00e9s de vitamine C pour soutenir la synth\u00e8se du collag\u00e8ne et offrir une protection antioxydante.<\/p>\n<p>Swanson Vegan Collagen Builder se distingue des autres suppl\u00e9ments de collag\u00e8ne parce qu'il ne se contente pas de remplacer le collag\u00e8ne perdu avec l'\u00e2ge. Il fournit plut\u00f4t les \u00e9l\u00e9ments de base dont votre corps a besoin pour former son propre collag\u00e8ne naturel. En fournissant \u00e0 votre corps ces outils essentiels pour maintenir et promouvoir la sant\u00e9 globale, Vegan Collagen Builder peut aider votre beaut\u00e9 naturelle \u00e0 briller de l'int\u00e9rieur.<\/p>","protected":false},"excerpt":{"rendered":"<p>Le compl\u00e9ment alimentaire beaut\u00e9 Swanson Vegan Collagen Builder, \u00e0 base d'extraits et de concentr\u00e9s naturels, favorise la production de collag\u00e8ne. Vegan Collagen Builder r\u00e9duit la d\u00e9gradation de l'\u00e9lastine. La beaut\u00e9 naturelle de l'int\u00e9rieur pour la peau, les cheveux et les ongles. Contenu : 60 g\u00e9lules v\u00e9g\u00e9tariennes.<\/p>","protected":false},"featured_media":51242,"comment_status":"closed","ping_status":"closed","template":"","meta":{"advanced_seo_description":"","jetpack_seo_html_title":"","jetpack_seo_noindex":false},"pwb-brand":[450],"product_brand":[4753],"product_cat":[688,684],"product_tag":[],"class_list":{"0":"post-14961","1":"product","2":"type-product","3":"status-publish","4":"has-post-thumbnail","6":"pwb-brand-swanson","7":"product_brand-swanson","8":"product_cat-beauty-supplements","9":"product_cat-clean-beauty","10":"brand_woo-swanson","12":"first","13":"instock","14":"taxable","15":"shipping-taxable","16":"purchasable","17":"product-type-simple"},"jetpack_sharing_enabled":true,"brands":[{"id":450,"name":"Swanson","slug":"swanson"}],"_links":{"self":[{"href":"https:\/\/veganova.eu\/fr\/wp-json\/wp\/v2\/product\/14961","targetHints":{"allow":["GET"]}}],"collection":[{"href":"https:\/\/veganova.eu\/fr\/wp-json\/wp\/v2\/product"}],"about":[{"href":"https:\/\/veganova.eu\/fr\/wp-json\/wp\/v2\/types\/product"}],"replies":[{"embeddable":true,"href":"https:\/\/veganova.eu\/fr\/wp-json\/wp\/v2\/comments?post=14961"}],"version-history":[{"count":1,"href":"https:\/\/veganova.eu\/fr\/wp-json\/wp\/v2\/product\/14961\/revisions"}],"predecessor-version":[{"id":59022,"href":"https:\/\/veganova.eu\/fr\/wp-json\/wp\/v2\/product\/14961\/revisions\/59022"}],"wp:featuredmedia":[{"embeddable":true,"href":"https:\/\/veganova.eu\/fr\/wp-json\/wp\/v2\/media\/51242"}],"wp:attachment":[{"href":"https:\/\/veganova.eu\/fr\/wp-json\/wp\/v2\/media?parent=14961"}],"wp:term":[{"taxonomy":"pwb-brand","embeddable":true,"href":"https:\/\/veganova.eu\/fr\/wp-json\/wp\/v2\/pwb-brand?post=14961"},{"taxonomy":"product_brand","embeddable":true,"href":"https:\/\/veganova.eu\/fr\/wp-json\/wp\/v2\/product_brand?post=14961"},{"taxonomy":"product_cat","embeddable":true,"href":"https:\/\/veganova.eu\/fr\/wp-json\/wp\/v2\/product_cat?post=14961"},{"taxonomy":"product_tag","embeddable":true,"href":"https:\/\/veganova.eu\/fr\/wp-json\/wp\/v2\/product_tag?post=14961"}],"curies":[{"name":"wp","href":"https:\/\/api.w.org\/{rel}","templated":true}]}}