{"id":15441,"date":"2023-12-20T17:29:20","date_gmt":"2023-12-20T16:29:20","guid":{"rendered":"https:\/\/veganova.eu\/?post_type=product&#038;p=15441"},"modified":"2026-04-21T07:25:40","modified_gmt":"2026-04-21T05:25:40","slug":"garden-of-life-dr-formulated-magnesium-with-pre-probiotics-gummies-orange-creme-60-gummies","status":"publish","type":"product","link":"https:\/\/veganova.eu\/fr\/shop\/garden-of-life-dr-formulated-magnesium-with-pre-probiotics-gummies-orange-creme-60-gummies\/","title":{"rendered":"Garden of Life Dr. Formulated Magnesium with Pre &amp; Probiotics Gummies, Orange Creme - 60 gummies"},"content":{"rendered":"<h3>Garden of Life Dr. Formulated Magnesium with Pre &amp; Probiotics Gummies<\/h3>\n<p><strong>Que sont les gommes de magn\u00e9sium ?<\/strong><\/p>\n<p>Les gommes de magn\u00e9sium Garden of Life Dr Formulated ont \u00e9t\u00e9 con\u00e7ues pour augmenter les niveaux de magn\u00e9sium afin de contribuer \u00e0 la r\u00e9duction de la fatigue et de l'\u00e9puisement, ainsi qu'au soutien d'une fonction musculaire normale.<\/p>\n<p><strong>Que contiennent les gommes de magn\u00e9sium Dr Formulated ?<\/strong><\/p>\n<p>Nos gommes de magn\u00e9sium fournissent 400 mg de magn\u00e9sium biodisponible par 4 gommes et sont disponibles dans une d\u00e9licieuse saveur de framboise.<\/p>\n<p>Formul\u00e9es avec de la pectine d'agrumes et sans sucres ajout\u00e9s, nos gommes au magn\u00e9sium contiennent 1 milliard d'UFC de bact\u00e9ries vivantes b\u00e9n\u00e9fiques \u00e9tudi\u00e9es cliniquement par portion.<\/p>\n<p>Ces gommes de magn\u00e9sium ont \u00e9t\u00e9 con\u00e7ues pour contribuer \u00e0 des fonctions psychologiques normales, telles que le soulagement du stress, le sommeil, la sant\u00e9 cardiaque, la fonction musculaire normale et les os. Ils sont \u00e9galement sans OGM, certifi\u00e9s NSF sans gluten, v\u00e9g\u00e9taliens et casher.<\/p>\n<p><span style=\"text-decoration: underline;\"><strong>Les avantages des gommes de magn\u00e9sium :<\/strong><\/span><\/p>\n<ul>\n<li>Renforce les niveaux de magn\u00e9sium, apportant 400 mg de magn\u00e9sium (par 4 gommes)<\/li>\n<li>Fournit 1 milliard d'UFC de microbiomes par portion : Bacillus subtilis DE111<\/li>\n<li>Favorise les fonctions psychologiques normales<\/li>\n<li>Sans OGM, v\u00e9g\u00e9talien et casher<\/li>\n<li>Sans gluten<\/li>\n<\/ul>","protected":false},"excerpt":{"rendered":"<p>Vegan nutritional supplement in the form of &#8220;gelatin&#8221; candies Garden of Life Dr. Formulated Magnesium with Pre \u00b4n\u00b4Probiotics contains magnesium with high bioavailability, supplemented with pre and probiotics. Ideal during periods of increased physical and mental exertion. Gluten-free, GMO-free. Flavor: Orange Creme. Package contents: 60 gelatins.<\/p>","protected":false},"featured_media":51349,"comment_status":"closed","ping_status":"closed","template":"","meta":{"advanced_seo_description":"","jetpack_seo_html_title":"","jetpack_seo_noindex":false},"pwb-brand":[303],"product_brand":[4625],"product_cat":[596,597,2598],"product_tag":[],"class_list":{"0":"post-15441","1":"product","2":"type-product","3":"status-publish","4":"has-post-thumbnail","6":"pwb-brand-garden-of-life","7":"product_brand-garden-of-life","8":"product_cat-digestion","9":"product_cat-body-immunity","10":"product_cat-recovery","11":"brand_woo-garden-of-life","13":"first","14":"instock","15":"taxable","16":"shipping-taxable","17":"purchasable","18":"product-type-simple"},"jetpack_sharing_enabled":true,"brands":[{"id":303,"name":"Le jardin de la vie","slug":"garden-of-life"}],"_links":{"self":[{"href":"https:\/\/veganova.eu\/fr\/wp-json\/wp\/v2\/product\/15441","targetHints":{"allow":["GET"]}}],"collection":[{"href":"https:\/\/veganova.eu\/fr\/wp-json\/wp\/v2\/product"}],"about":[{"href":"https:\/\/veganova.eu\/fr\/wp-json\/wp\/v2\/types\/product"}],"replies":[{"embeddable":true,"href":"https:\/\/veganova.eu\/fr\/wp-json\/wp\/v2\/comments?post=15441"}],"version-history":[{"count":1,"href":"https:\/\/veganova.eu\/fr\/wp-json\/wp\/v2\/product\/15441\/revisions"}],"predecessor-version":[{"id":59056,"href":"https:\/\/veganova.eu\/fr\/wp-json\/wp\/v2\/product\/15441\/revisions\/59056"}],"wp:featuredmedia":[{"embeddable":true,"href":"https:\/\/veganova.eu\/fr\/wp-json\/wp\/v2\/media\/51349"}],"wp:attachment":[{"href":"https:\/\/veganova.eu\/fr\/wp-json\/wp\/v2\/media?parent=15441"}],"wp:term":[{"taxonomy":"pwb-brand","embeddable":true,"href":"https:\/\/veganova.eu\/fr\/wp-json\/wp\/v2\/pwb-brand?post=15441"},{"taxonomy":"product_brand","embeddable":true,"href":"https:\/\/veganova.eu\/fr\/wp-json\/wp\/v2\/product_brand?post=15441"},{"taxonomy":"product_cat","embeddable":true,"href":"https:\/\/veganova.eu\/fr\/wp-json\/wp\/v2\/product_cat?post=15441"},{"taxonomy":"product_tag","embeddable":true,"href":"https:\/\/veganova.eu\/fr\/wp-json\/wp\/v2\/product_tag?post=15441"}],"curies":[{"name":"wp","href":"https:\/\/api.w.org\/{rel}","templated":true}]}}