{"id":15515,"date":"2023-12-20T17:30:03","date_gmt":"2023-12-20T16:30:03","guid":{"rendered":"https:\/\/veganova.eu\/?post_type=product&#038;p=15515"},"modified":"2026-04-21T07:25:42","modified_gmt":"2026-04-21T05:25:42","slug":"garden-of-life-raw-organic-meal-chocolate-cacao-1017g","status":"publish","type":"product","link":"https:\/\/veganova.eu\/fr\/shop\/garden-of-life-raw-organic-meal-chocolate-cacao-1017g\/","title":{"rendered":"Garden of Life Raw Organic Meal, Chocolat Cacao - 1017g"},"content":{"rendered":"<h3>Garden of Life Raw Organic Meal<\/h3>\n<p>Des aliments biologiques d\u00e9licieux remplis de nutriments incroyables pour vous aider \u00e0 combler votre faim, \u00e0 g\u00e9rer votre poids et \u00e0 vous sentir en pleine forme ! Raw Organic Meal combine de fa\u00e7on unique les bienfaits de plusieurs produits de Garden of Life dans un substitut de repas biologique complet.<\/p>\n<p>Il contient en fait les \u00e9l\u00e9ments nutritifs de sept produits dans un seul r\u00e9cipient !<\/p>\n<p>Raw Organic Meal fournit 20 grammes de prot\u00e9ines pures par mesure \u00e0 partir de 13 ingr\u00e9dients crus germ\u00e9s, ainsi que des l\u00e9gumes, des graisses saines, 2 g de fibres organiques, des probiotiques, des enzymes et 21 vitamines et min\u00e9raux.<\/p>","protected":false},"excerpt":{"rendered":"<p>Le suppl\u00e9ment nutritionnel Garden of Life Raw Organic Meal contenant des prot\u00e9ines v\u00e9g\u00e9tales et des ingr\u00e9dients sains est compl\u00e9t\u00e9 par 13 ingr\u00e9dients bruts, dont des super-aliments verts, des graisses saines, 2 g de fibres organiques, des enzymes, des probiotiques et 21 vitamines et min\u00e9raux. Teneur en prot\u00e9ines : 20g. V\u00e9g\u00e9talien, sans gluten et sans OGM. Saveur : Chocolat Cacao. Contenu de l'emballage : 1017g.<\/p>","protected":false},"featured_media":51023,"comment_status":"closed","ping_status":"closed","template":"","meta":{"advanced_seo_description":"","jetpack_seo_html_title":"","jetpack_seo_noindex":false},"pwb-brand":[303],"product_brand":[4625],"product_cat":[133],"product_tag":[],"class_list":{"0":"post-15515","1":"product","2":"type-product","3":"status-publish","4":"has-post-thumbnail","6":"pwb-brand-garden-of-life","7":"product_brand-garden-of-life","8":"product_cat-vegan-proteins","9":"brand_woo-garden-of-life","11":"first","12":"instock","13":"taxable","14":"shipping-taxable","15":"purchasable","16":"product-type-simple"},"jetpack_sharing_enabled":true,"brands":[{"id":303,"name":"Le jardin de la vie","slug":"garden-of-life"}],"_links":{"self":[{"href":"https:\/\/veganova.eu\/fr\/wp-json\/wp\/v2\/product\/15515","targetHints":{"allow":["GET"]}}],"collection":[{"href":"https:\/\/veganova.eu\/fr\/wp-json\/wp\/v2\/product"}],"about":[{"href":"https:\/\/veganova.eu\/fr\/wp-json\/wp\/v2\/types\/product"}],"replies":[{"embeddable":true,"href":"https:\/\/veganova.eu\/fr\/wp-json\/wp\/v2\/comments?post=15515"}],"version-history":[{"count":1,"href":"https:\/\/veganova.eu\/fr\/wp-json\/wp\/v2\/product\/15515\/revisions"}],"predecessor-version":[{"id":59090,"href":"https:\/\/veganova.eu\/fr\/wp-json\/wp\/v2\/product\/15515\/revisions\/59090"}],"wp:featuredmedia":[{"embeddable":true,"href":"https:\/\/veganova.eu\/fr\/wp-json\/wp\/v2\/media\/51023"}],"wp:attachment":[{"href":"https:\/\/veganova.eu\/fr\/wp-json\/wp\/v2\/media?parent=15515"}],"wp:term":[{"taxonomy":"pwb-brand","embeddable":true,"href":"https:\/\/veganova.eu\/fr\/wp-json\/wp\/v2\/pwb-brand?post=15515"},{"taxonomy":"product_brand","embeddable":true,"href":"https:\/\/veganova.eu\/fr\/wp-json\/wp\/v2\/product_brand?post=15515"},{"taxonomy":"product_cat","embeddable":true,"href":"https:\/\/veganova.eu\/fr\/wp-json\/wp\/v2\/product_cat?post=15515"},{"taxonomy":"product_tag","embeddable":true,"href":"https:\/\/veganova.eu\/fr\/wp-json\/wp\/v2\/product_tag?post=15515"}],"curies":[{"name":"wp","href":"https:\/\/api.w.org\/{rel}","templated":true}]}}