{"id":15531,"date":"2023-12-20T17:30:08","date_gmt":"2023-12-20T16:30:08","guid":{"rendered":"https:\/\/veganova.eu\/?post_type=product&#038;p=15531"},"modified":"2026-04-21T07:25:43","modified_gmt":"2026-04-21T05:25:43","slug":"allnutrition-vegan-pea-protein-vanilla-500g","status":"publish","type":"product","link":"https:\/\/veganova.eu\/fr\/shop\/allnutrition-vegan-pea-protein-vanilla-500g\/","title":{"rendered":"Allnutrition Prot\u00e9ine de pois v\u00e9g\u00e9talienne, Vanille - 500g"},"content":{"rendered":"<h3>Allnutrition Vegan Pea Protein<\/h3>\n<p>ALLNUTRITION - Vegan Pea Protein est un compl\u00e9ment hyperprot\u00e9in\u00e9 \u00e0 base de concentr\u00e9 de prot\u00e9ines de pois, qui se caract\u00e9rise par une faible teneur en glucides et en lipides. La prot\u00e9ine de riz, la prot\u00e9ine d'amande et la prot\u00e9ine de chanvre sont \u00e9galement utilis\u00e9es pour enrichir sa composition. Jusqu'\u00e0 r\u00e9cemment, on pensait que seules les prot\u00e9ines animales \u00e9taient des prot\u00e9ines compl\u00e8tes. Mais aujourd'hui, nous savons que les prot\u00e9ines v\u00e9g\u00e9tales peuvent \u00eatre tout aussi pr\u00e9cieuses.<\/p>\n<p>ALLNUTRITION Vegan Pea Protein contient des prot\u00e9ines qui contribuent \u00e0 la croissance et au maintien de la masse musculaire. Elle est recommand\u00e9e comme compl\u00e9ment \u00e0 l'alimentation quotidienne des personnes physiquement actives et des athl\u00e8tes.<\/p>","protected":false},"excerpt":{"rendered":"<p>Allnutrition Vegan Protein contient des prot\u00e9ines de soja, de pois, de riz, de konpe, de canneberge, d'amande et de tournesol. Teneur en prot\u00e9ines : 21g\/portion. Go\u00fbt : vanille. Contenu de l'emballage : 500g.<\/p>","protected":false},"featured_media":51200,"comment_status":"closed","ping_status":"closed","template":"","meta":{"advanced_seo_description":"","jetpack_seo_html_title":"","jetpack_seo_noindex":false},"pwb-brand":[475],"product_brand":[4774],"product_cat":[133],"product_tag":[],"class_list":{"0":"post-15531","1":"product","2":"type-product","3":"status-publish","4":"has-post-thumbnail","6":"pwb-brand-allnutrition","7":"product_brand-allnutrition","8":"product_cat-vegan-proteins","9":"brand_woo-allnutrition","11":"first","12":"instock","13":"taxable","14":"shipping-taxable","15":"purchasable","16":"product-type-simple"},"jetpack_sharing_enabled":true,"brands":[{"id":475,"name":"Allnutrition","slug":"allnutrition"}],"_links":{"self":[{"href":"https:\/\/veganova.eu\/fr\/wp-json\/wp\/v2\/product\/15531","targetHints":{"allow":["GET"]}}],"collection":[{"href":"https:\/\/veganova.eu\/fr\/wp-json\/wp\/v2\/product"}],"about":[{"href":"https:\/\/veganova.eu\/fr\/wp-json\/wp\/v2\/types\/product"}],"replies":[{"embeddable":true,"href":"https:\/\/veganova.eu\/fr\/wp-json\/wp\/v2\/comments?post=15531"}],"version-history":[{"count":1,"href":"https:\/\/veganova.eu\/fr\/wp-json\/wp\/v2\/product\/15531\/revisions"}],"predecessor-version":[{"id":59097,"href":"https:\/\/veganova.eu\/fr\/wp-json\/wp\/v2\/product\/15531\/revisions\/59097"}],"wp:featuredmedia":[{"embeddable":true,"href":"https:\/\/veganova.eu\/fr\/wp-json\/wp\/v2\/media\/51200"}],"wp:attachment":[{"href":"https:\/\/veganova.eu\/fr\/wp-json\/wp\/v2\/media?parent=15531"}],"wp:term":[{"taxonomy":"pwb-brand","embeddable":true,"href":"https:\/\/veganova.eu\/fr\/wp-json\/wp\/v2\/pwb-brand?post=15531"},{"taxonomy":"product_brand","embeddable":true,"href":"https:\/\/veganova.eu\/fr\/wp-json\/wp\/v2\/product_brand?post=15531"},{"taxonomy":"product_cat","embeddable":true,"href":"https:\/\/veganova.eu\/fr\/wp-json\/wp\/v2\/product_cat?post=15531"},{"taxonomy":"product_tag","embeddable":true,"href":"https:\/\/veganova.eu\/fr\/wp-json\/wp\/v2\/product_tag?post=15531"}],"curies":[{"name":"wp","href":"https:\/\/api.w.org\/{rel}","templated":true}]}}