{"id":15591,"date":"2023-12-20T17:30:28","date_gmt":"2023-12-20T16:30:28","guid":{"rendered":"https:\/\/veganova.eu\/?post_type=product&#038;p=15591"},"modified":"2026-04-21T07:25:45","modified_gmt":"2026-04-21T05:25:45","slug":"betteryou-magnesium-sleep-kids-body-spray-100-ml","status":"publish","type":"product","link":"https:\/\/veganova.eu\/fr\/shop\/betteryou-magnesium-sleep-kids-body-spray-100-ml\/","title":{"rendered":"BetterYou Magnesium Sleep Kids' Body Spray - 100 ml."},"content":{"rendered":"<h3>BetterYou Magnesium Sleep Kids' Body Spray spray magn\u00e9sium pour enfants<\/h3>\n<div class=\"lRu31\"><span class=\"HwtZe\" lang=\"en\"><span class=\"jCAhz ChMk0b\">Le spray corporel pour enfants Magnesium Sleep a \u00e9t\u00e9 d\u00e9velopp\u00e9 de mani\u00e8re experte pour favoriser une nuit de sommeil paisible pour les plus petits.<\/span><\/span> <span class=\"jCAhz ChMk0b\"><span class=\"ryNqvb\">Sp\u00e9cialement s\u00e9lectionn\u00e9s, les ingr\u00e9dients ont un effet calmant sur le corps et, utilis\u00e9s dans le cadre de la routine du coucher de l'enfant, ils l'aident \u00e0 trouver un cycle de sommeil plus profond et plus durable, ce qui lui permet de se r\u00e9veiller en pleine forme.<\/span><\/span><\/div>\n<div><\/div>\n<div class=\"lRu31\"><span class=\"HwtZe\" lang=\"sk\"><span class=\"jCAhz ChMk0b\"><span class=\"ryNqvb\">Le chlorure de magn\u00e9sium, formul\u00e9 pour un usage local, commence \u00e0 \u00eatre absorb\u00e9 imm\u00e9diatement apr\u00e8s avoir \u00e9t\u00e9 pulv\u00e9ris\u00e9 sur la peau.<\/span><\/span><\/span><\/div>\n<div class=\"OvtS8d\"><\/div>\n<div id=\"ow303\"><\/div>\n<div class=\"UdTY9 WdefRb\" aria-hidden=\"true\" data-location=\"2\">\n<div class=\"kO6q6e\"><\/div>\n<\/div>","protected":false},"excerpt":{"rendered":"<p>Le spray naturel au magn\u00e9sium pour enfants BetterYou Magnesium Sleep Kids Body Spray est id\u00e9al pour favoriser la relaxation musculaire et mentale, notamment en cas de probl\u00e8mes d'endormissement et de sommeil. A utiliser apr\u00e8s le bain\/douche du soir, avant de s'endormir. Contient des huiles de lavande et de camomille. Contient des huiles de lavande et de camomille : 100ml.<\/p>","protected":false},"featured_media":51238,"comment_status":"closed","ping_status":"closed","template":"","meta":{"advanced_seo_description":"","jetpack_seo_html_title":"","jetpack_seo_noindex":false},"pwb-brand":[142],"product_brand":[4563],"product_cat":[684,336,689],"product_tag":[],"class_list":{"0":"post-15591","1":"product","2":"type-product","3":"status-publish","4":"has-post-thumbnail","6":"pwb-brand-betteryou","7":"product_brand-betteryou","8":"product_cat-clean-beauty","9":"product_cat-for-kids","10":"product_cat-natural-cosmetics","11":"brand_woo-betteryou","13":"first","14":"instock","15":"taxable","16":"shipping-taxable","17":"purchasable","18":"product-type-simple"},"jetpack_sharing_enabled":true,"brands":[{"id":142,"name":"MieuxVous","slug":"betteryou"}],"_links":{"self":[{"href":"https:\/\/veganova.eu\/fr\/wp-json\/wp\/v2\/product\/15591","targetHints":{"allow":["GET"]}}],"collection":[{"href":"https:\/\/veganova.eu\/fr\/wp-json\/wp\/v2\/product"}],"about":[{"href":"https:\/\/veganova.eu\/fr\/wp-json\/wp\/v2\/types\/product"}],"replies":[{"embeddable":true,"href":"https:\/\/veganova.eu\/fr\/wp-json\/wp\/v2\/comments?post=15591"}],"version-history":[{"count":1,"href":"https:\/\/veganova.eu\/fr\/wp-json\/wp\/v2\/product\/15591\/revisions"}],"predecessor-version":[{"id":59120,"href":"https:\/\/veganova.eu\/fr\/wp-json\/wp\/v2\/product\/15591\/revisions\/59120"}],"wp:featuredmedia":[{"embeddable":true,"href":"https:\/\/veganova.eu\/fr\/wp-json\/wp\/v2\/media\/51238"}],"wp:attachment":[{"href":"https:\/\/veganova.eu\/fr\/wp-json\/wp\/v2\/media?parent=15591"}],"wp:term":[{"taxonomy":"pwb-brand","embeddable":true,"href":"https:\/\/veganova.eu\/fr\/wp-json\/wp\/v2\/pwb-brand?post=15591"},{"taxonomy":"product_brand","embeddable":true,"href":"https:\/\/veganova.eu\/fr\/wp-json\/wp\/v2\/product_brand?post=15591"},{"taxonomy":"product_cat","embeddable":true,"href":"https:\/\/veganova.eu\/fr\/wp-json\/wp\/v2\/product_cat?post=15591"},{"taxonomy":"product_tag","embeddable":true,"href":"https:\/\/veganova.eu\/fr\/wp-json\/wp\/v2\/product_tag?post=15591"}],"curies":[{"name":"wp","href":"https:\/\/api.w.org\/{rel}","templated":true}]}}