{"id":15643,"date":"2023-12-20T17:31:03","date_gmt":"2023-12-20T16:31:03","guid":{"rendered":"https:\/\/veganova.eu\/?post_type=product&#038;p=15643"},"modified":"2026-04-21T07:25:47","modified_gmt":"2026-04-21T05:25:47","slug":"kiki-health-krill-oil-590mg-30-likaps","status":"publish","type":"product","link":"https:\/\/veganova.eu\/fr\/shop\/kiki-health-krill-oil-590mg-30-likaps\/","title":{"rendered":"KIKI Health Huile de Krill, 590mg - 30 Likaps"},"content":{"rendered":"<h3>KIKI Health Huile de Krill<\/h3>\n<ul>\n<li>Haute teneur en acides gras om\u00e9ga 3 EPA\/DHA<\/li>\n<li>Contient des phospholipides, des triglyc\u00e9rides et de l'astaxanthine.<\/li>\n<li>R\u00e9colte durable<\/li>\n<li>Pas de go\u00fbt de poisson<\/li>\n<li>Favorise la sant\u00e9 cardiaque<\/li>\n<li>Aide \u00e0 maintenir une tension art\u00e9rielle et un taux de cholest\u00e9rol normaux<\/li>\n<li>Stimule la fonction c\u00e9r\u00e9brale et la vision<\/li>\n<li>Contribue au d\u00e9veloppement normal des yeux du f\u0153tus et des enfants allait\u00e9s.<\/li>\n<li>Maintien d'un taux normal de triglyc\u00e9rides dans le sang<\/li>\n<li>Meilleure absorption que l'huile de poisson ou les g\u00e9lules<\/li>\n<li>Faible teneur en sodium<\/li>\n<\/ul>\n<p>L'huile de krill de KIKI est encapsul\u00e9e dans des Licaps, qui permettent une lib\u00e9ration plus rapide du produit et donc une absorption plus rapide de l'huile. Elles sont faciles \u00e0 avaler et ne laissent pas d'\u00e9ructations, de reflux ou d'arri\u00e8re-go\u00fbt d\u00e9sagr\u00e9ables. D'origine durable et r\u00e9colt\u00e9e en Antarctique, l'huile de krill de KIKI est isol\u00e9e des contaminants et des toxines de l'environnement.<\/p>\n<p><em><strong>L'huile de krill de KIKI Health est r\u00e9colt\u00e9e de mani\u00e8re durable dans les eaux vierges de l'Antarctique.<\/strong><br \/>\n<\/em><\/p>\n<p>Des temp\u00e9ratures basses et des m\u00e9thodes de brasage efficaces sont utilis\u00e9es, ce qui permet d'\u00e9liminer les sels et les impuret\u00e9s ind\u00e9sirables. Cette forme concentr\u00e9e d'huile de krill <strong>contient de la choline, qui contribue au maintien d'un m\u00e9tabolisme normal de l'homocyst\u00e9ine et des lipides, ainsi qu'\u00e0 une fonction h\u00e9patique normale.<\/strong> Notre huile de krill contient une source importante d'EPA et de DHA, qui sont li\u00e9s \u00e0 des phospholipides, gr\u00e2ce auxquels l'huile est plus facilement absorb\u00e9e par l'organisme. L'huile est ainsi plus facilement absorb\u00e9e par l'organisme, ce qui lui permet d'atteindre rapidement le cerveau, le c\u0153ur et les yeux. Un processus de pr\u00e9paration optimal est utilis\u00e9 pour pr\u00e9server les propri\u00e9t\u00e9s naturelles de l'huile de krill et garantir sa fra\u00eecheur. Ces licaps faciles \u00e0 avaler ne vous laisseront pas de m\u00e9chants rots de poisson, de reflux ou d'arri\u00e8re-go\u00fbt. Un effet b\u00e9n\u00e9fique est obtenu avec un apport quotidien de 250 mg d'EPA et de DHA.<\/p>","protected":false},"excerpt":{"rendered":"<p>Le compl\u00e9ment alimentaire KIKI Health Krill Oil contient de l'huile de krill, riche en acides gras om\u00e9ga 3 EPA\/DHA, phospholipides, triglyc\u00e9rides et astaxanthine. Sans go\u00fbt de poisson. Id\u00e9al pour la sant\u00e9 du c\u0153ur, des fonctions c\u00e9r\u00e9brales et de la vision. Meilleure absorption que l'huile de poisson classique. Contenu : 30 capsules liquides. Sans OGM, sans gluten.<\/p>","protected":false},"featured_media":51072,"comment_status":"closed","ping_status":"closed","template":"","meta":{"advanced_seo_description":"","jetpack_seo_html_title":"","jetpack_seo_noindex":false},"pwb-brand":[166],"product_brand":[4573],"product_cat":[289],"product_tag":[1041,1040,1042,1043],"class_list":{"0":"post-15643","1":"product","2":"type-product","3":"status-publish","4":"has-post-thumbnail","6":"pwb-brand-kiki-health","7":"product_brand-kiki-health","8":"product_cat-heart-and-blood-vessels","9":"product_tag-brain-function","10":"product_tag-cholesterol","11":"product_tag-healthy-blood-vessels","12":"product_tag-healthy-heart","13":"brand_woo-kiki-health","15":"first","16":"outofstock","17":"taxable","18":"shipping-taxable","19":"purchasable","20":"product-type-simple"},"jetpack_sharing_enabled":true,"brands":[{"id":166,"name":"KIKI Sant\u00e9","slug":"kiki-health"}],"_links":{"self":[{"href":"https:\/\/veganova.eu\/fr\/wp-json\/wp\/v2\/product\/15643","targetHints":{"allow":["GET"]}}],"collection":[{"href":"https:\/\/veganova.eu\/fr\/wp-json\/wp\/v2\/product"}],"about":[{"href":"https:\/\/veganova.eu\/fr\/wp-json\/wp\/v2\/types\/product"}],"replies":[{"embeddable":true,"href":"https:\/\/veganova.eu\/fr\/wp-json\/wp\/v2\/comments?post=15643"}],"version-history":[{"count":1,"href":"https:\/\/veganova.eu\/fr\/wp-json\/wp\/v2\/product\/15643\/revisions"}],"predecessor-version":[{"id":59144,"href":"https:\/\/veganova.eu\/fr\/wp-json\/wp\/v2\/product\/15643\/revisions\/59144"}],"wp:featuredmedia":[{"embeddable":true,"href":"https:\/\/veganova.eu\/fr\/wp-json\/wp\/v2\/media\/51072"}],"wp:attachment":[{"href":"https:\/\/veganova.eu\/fr\/wp-json\/wp\/v2\/media?parent=15643"}],"wp:term":[{"taxonomy":"pwb-brand","embeddable":true,"href":"https:\/\/veganova.eu\/fr\/wp-json\/wp\/v2\/pwb-brand?post=15643"},{"taxonomy":"product_brand","embeddable":true,"href":"https:\/\/veganova.eu\/fr\/wp-json\/wp\/v2\/product_brand?post=15643"},{"taxonomy":"product_cat","embeddable":true,"href":"https:\/\/veganova.eu\/fr\/wp-json\/wp\/v2\/product_cat?post=15643"},{"taxonomy":"product_tag","embeddable":true,"href":"https:\/\/veganova.eu\/fr\/wp-json\/wp\/v2\/product_tag?post=15643"}],"curies":[{"name":"wp","href":"https:\/\/api.w.org\/{rel}","templated":true}]}}