{"id":15679,"date":"2023-12-20T17:31:51","date_gmt":"2023-12-20T16:31:51","guid":{"rendered":"https:\/\/veganova.eu\/?post_type=product&#038;p=15679"},"modified":"2026-04-21T07:25:48","modified_gmt":"2026-04-21T05:25:48","slug":"holland-barrett-gentle-iron-20mg-90-caps","status":"publish","type":"product","link":"https:\/\/veganova.eu\/fr\/shop\/holland-barrett-gentle-iron-20mg-90-caps\/","title":{"rendered":"Holland &amp; Barrett Fer doux - 20mg\/90 Caps"},"content":{"rendered":"<h3>Holland &amp; Barrett Gentle Iron fer facile \u00e0 dig\u00e9rer<\/h3>\n<p><span class=\"HwtZe\" lang=\"en\"><span class=\"jCAhz ChMk0b\"><span class=\"ryNqvb\">Les capsules de fer doux de Holland &amp; Barrett offrent les bienfaits du fer tout en \u00e9tant douces pour votre estomac.<\/span><\/span> <span class=\"jCAhz ChMk0b\"><span class=\"ryNqvb\">Les capsules de fer doux aident \u00e0 r\u00e9duire la fatigue et l'\u00e9puisement et soutiennent la production normale de globules rouges et d'h\u00e9moglobine.<\/span><\/span> <\/span><\/p>\n<ul>\n<li><span class=\"HwtZe\" lang=\"sk\"><span class=\"jCAhz ChMk0b\"><span class=\"ryNqvb\">Ces g\u00e9lules sont id\u00e9ales pour les syst\u00e8mes digestifs sensibles.<\/span><\/span> <\/span><\/li>\n<li><span class=\"HwtZe\" lang=\"en\"><span class=\"jCAhz ChMk0b\"><span class=\"ryNqvb\">Le fer contribue \u00e0 r\u00e9duire la fatigue et l'\u00e9puisement<\/span><\/span> <\/span><\/li>\n<li><span class=\"HwtZe\" lang=\"en\"><span class=\"jCAhz ChMk0b\"><span class=\"ryNqvb\">Le fer contribue \u00e9galement \u00e0 la production normale de globules rouges et d'h\u00e9moglobine.<\/span><\/span> <\/span><\/li>\n<li><span class=\"HwtZe\" lang=\"en\"><span class=\"jCAhz ChMk0b\"><span class=\"ryNqvb\">Convient aux v\u00e9g\u00e9tariens et aux v\u00e9g\u00e9taliens<\/span><\/span><br \/>\n<\/span><\/li>\n<\/ul>\n<p><strong><span class=\"HwtZe\" lang=\"en\"><span class=\"jCAhz ChMk0b\"><span class=\"ryNqvb\">Quels sont les avantages de ce plugin ? <\/span><\/span> <\/span><\/strong><\/p>\n<p><span class=\"HwtZe\" lang=\"en\"><span class=\"jCAhz ChMk0b\"><span class=\"ryNqvb\">Le fer est le min\u00e9ral le plus r\u00e9pandu dans le sang.<\/span><\/span> <span class=\"jCAhz ChMk0b\"><span class=\"ryNqvb\">Outre le fait que le fer joue un r\u00f4le dans le processus de division cellulaire, il contribue \u00e0 la formation normale des globules rouges et de l'h\u00e9moglobine, \u00e0 la r\u00e9duction de la fatigue et de l'\u00e9puisement et \u00e0 un m\u00e9tabolisme \u00e9nerg\u00e9tique normal.<\/span><\/span> <span class=\"jCAhz ChMk0b\"><span class=\"ryNqvb\">Le fer contribue \u00e9galement au transport normal de l'oxyg\u00e8ne dans l'organisme, \u00e0 une fonction cognitive normale et au fonctionnement normal du syst\u00e8me immunitaire.<\/span><\/span><\/span><\/p>","protected":false},"excerpt":{"rendered":"<p>Light Digestive Iron Holland &amp; Barrett Gentle Iron 20mg est un compl\u00e9ment alimentaire id\u00e9al pour les personnes ayant une digestion sensible. Le fer convient \u00e0 la production d'\u00e9nergie, \u00e0 la formation du sang, en cas de fatigue et d'\u00e9puisement. Certification : V\u00e9g\u00e9talien, v\u00e9g\u00e9tarien. Contenu de l'emballage : 90 g\u00e9lules.<\/p>","protected":false},"featured_media":51819,"comment_status":"closed","ping_status":"closed","template":"","meta":{"advanced_seo_description":"","jetpack_seo_html_title":"","jetpack_seo_noindex":false},"pwb-brand":[1087],"product_brand":[4936],"product_cat":[172,152],"product_tag":[1108,1107,1109,1106],"class_list":{"0":"post-15679","1":"product","2":"type-product","3":"status-publish","4":"has-post-thumbnail","6":"pwb-brand-holland-barrett","7":"product_brand-holland-barrett","8":"product_cat-minerals","9":"product_cat-vitamins-and-minerals","10":"product_tag-exhaustion","11":"product_tag-fatigue","12":"product_tag-iron-easy-to-digest","13":"product_tag-red-blood-cells","14":"brand_woo-holland-barrett","16":"first","17":"instock","18":"taxable","19":"shipping-taxable","20":"purchasable","21":"product-type-simple"},"jetpack_sharing_enabled":true,"brands":[{"id":1087,"name":"Holland &amp; Barrett","slug":"holland-barrett"}],"_links":{"self":[{"href":"https:\/\/veganova.eu\/fr\/wp-json\/wp\/v2\/product\/15679","targetHints":{"allow":["GET"]}}],"collection":[{"href":"https:\/\/veganova.eu\/fr\/wp-json\/wp\/v2\/product"}],"about":[{"href":"https:\/\/veganova.eu\/fr\/wp-json\/wp\/v2\/types\/product"}],"replies":[{"embeddable":true,"href":"https:\/\/veganova.eu\/fr\/wp-json\/wp\/v2\/comments?post=15679"}],"version-history":[{"count":1,"href":"https:\/\/veganova.eu\/fr\/wp-json\/wp\/v2\/product\/15679\/revisions"}],"predecessor-version":[{"id":59157,"href":"https:\/\/veganova.eu\/fr\/wp-json\/wp\/v2\/product\/15679\/revisions\/59157"}],"wp:featuredmedia":[{"embeddable":true,"href":"https:\/\/veganova.eu\/fr\/wp-json\/wp\/v2\/media\/51819"}],"wp:attachment":[{"href":"https:\/\/veganova.eu\/fr\/wp-json\/wp\/v2\/media?parent=15679"}],"wp:term":[{"taxonomy":"pwb-brand","embeddable":true,"href":"https:\/\/veganova.eu\/fr\/wp-json\/wp\/v2\/pwb-brand?post=15679"},{"taxonomy":"product_brand","embeddable":true,"href":"https:\/\/veganova.eu\/fr\/wp-json\/wp\/v2\/product_brand?post=15679"},{"taxonomy":"product_cat","embeddable":true,"href":"https:\/\/veganova.eu\/fr\/wp-json\/wp\/v2\/product_cat?post=15679"},{"taxonomy":"product_tag","embeddable":true,"href":"https:\/\/veganova.eu\/fr\/wp-json\/wp\/v2\/product_tag?post=15679"}],"curies":[{"name":"wp","href":"https:\/\/api.w.org\/{rel}","templated":true}]}}