{"id":2746,"date":"2023-10-01T17:01:17","date_gmt":"2023-10-01T15:01:17","guid":{"rendered":"https:\/\/veganova.eu\/?post_type=product&#038;p=2746"},"modified":"2026-04-21T07:23:24","modified_gmt":"2026-04-21T05:23:24","slug":"doctors-best-fully-active-b-complex-with-quatrefolic-60-kaps","status":"publish","type":"product","link":"https:\/\/veganova.eu\/fr\/shop\/doctors-best-fully-active-b-complex-with-quatrefolic-60-kaps\/","title":{"rendered":"Doctor's Best Fully Active B-Complex avec Quatrefolic (60 g\u00e9lules)"},"content":{"rendered":"<h3>Doctor's Best Fully Active B-Complex avec Quatrefolic<\/h3>\n<ul>\n<li>Le complexe B enti\u00e8rement actif de Doctor's Best fournit de l'\u00e9nergie et aide \u00e0 faire face au stress.<\/li>\n<li>Les vitamines B sont n\u00e9cessaires \u00e0 la production d'\u00e9nergie \u00e0 partir des aliments et \u00e0 la cr\u00e9ation et au maintien d'un ADN, de g\u00e8nes, de cellules, de tissus, d'organes et de fonctions enzymatiques sains.<\/li>\n<li>Les vitamines B sont \u00e0 la base de la vie ; l'homme ne peut pas les fabriquer, nous devons donc les obtenir par le biais de l'alimentation.<\/li>\n<li>Le complexe B enti\u00e8rement actif de Doctor's Best ne contient que les meilleures formes utilisables de vitamine B. Il comprend du folate enti\u00e8rement actif, le folate le plus actif dans l'organisme, et du MTHF (m\u00e9thyl- t\u00e9tra-hydro-folate). Il fournit de la vitamine B12 enti\u00e8rement active sous forme de m\u00e9thylcobalamine (m\u00e9thyl-B12), ce qui contribue \u00e0 garantir une excellente absorption orale.<\/li>\n<li>Best Fully Active B Complex est un suppl\u00e9ment de vitamine B \u00e0 spectre complet, soigneusement con\u00e7u pour une absorption et une utilisation optimales.<\/li>\n<li>Cette formulation fournit des vitamines B sous leur forme la plus s\u00fbre, la mieux tol\u00e9r\u00e9e et la plus biochimiquement active.<\/li>\n<\/ul>","protected":false},"excerpt":{"rendered":"<p>Le compl\u00e9ment alimentaire v\u00e9g\u00e9talien Doctor's Best Fully Active B-Complex with Quatrefolic pr\u00e9sente un complexe de vitamines du groupe B sous leur forme la plus active. Il ne contient pas de gluten et est exempt d'OGM. L'emballage contient : 60 g\u00e9lules.<\/p>","protected":false},"featured_media":53766,"comment_status":"closed","ping_status":"closed","template":"","meta":{"advanced_seo_description":"","jetpack_seo_html_title":"","jetpack_seo_noindex":false},"pwb-brand":[147],"product_brand":[4565],"product_cat":[153,152],"product_tag":[860,1094,1150],"class_list":{"0":"post-2746","1":"product","2":"type-product","3":"status-publish","4":"has-post-thumbnail","6":"pwb-brand-doctors-best","7":"product_brand-doctors-best","8":"product_cat-vitamins","9":"product_cat-vitamins-and-minerals","10":"product_tag-energy","11":"product_tag-metabolism","12":"product_tag-nervous-system","13":"brand_woo-doctors-best","15":"first","16":"instock","17":"taxable","18":"shipping-taxable","19":"purchasable","20":"product-type-simple"},"jetpack_sharing_enabled":true,"brands":[{"id":147,"name":"Doctor's Best","slug":"doctors-best"}],"_links":{"self":[{"href":"https:\/\/veganova.eu\/fr\/wp-json\/wp\/v2\/product\/2746","targetHints":{"allow":["GET"]}}],"collection":[{"href":"https:\/\/veganova.eu\/fr\/wp-json\/wp\/v2\/product"}],"about":[{"href":"https:\/\/veganova.eu\/fr\/wp-json\/wp\/v2\/types\/product"}],"replies":[{"embeddable":true,"href":"https:\/\/veganova.eu\/fr\/wp-json\/wp\/v2\/comments?post=2746"}],"version-history":[{"count":1,"href":"https:\/\/veganova.eu\/fr\/wp-json\/wp\/v2\/product\/2746\/revisions"}],"predecessor-version":[{"id":57310,"href":"https:\/\/veganova.eu\/fr\/wp-json\/wp\/v2\/product\/2746\/revisions\/57310"}],"wp:featuredmedia":[{"embeddable":true,"href":"https:\/\/veganova.eu\/fr\/wp-json\/wp\/v2\/media\/53766"}],"wp:attachment":[{"href":"https:\/\/veganova.eu\/fr\/wp-json\/wp\/v2\/media?parent=2746"}],"wp:term":[{"taxonomy":"pwb-brand","embeddable":true,"href":"https:\/\/veganova.eu\/fr\/wp-json\/wp\/v2\/pwb-brand?post=2746"},{"taxonomy":"product_brand","embeddable":true,"href":"https:\/\/veganova.eu\/fr\/wp-json\/wp\/v2\/product_brand?post=2746"},{"taxonomy":"product_cat","embeddable":true,"href":"https:\/\/veganova.eu\/fr\/wp-json\/wp\/v2\/product_cat?post=2746"},{"taxonomy":"product_tag","embeddable":true,"href":"https:\/\/veganova.eu\/fr\/wp-json\/wp\/v2\/product_tag?post=2746"}],"curies":[{"name":"wp","href":"https:\/\/api.w.org\/{rel}","templated":true}]}}