{"id":2812,"date":"2023-10-01T17:01:45","date_gmt":"2023-10-01T15:01:45","guid":{"rendered":"https:\/\/veganova.eu\/?post_type=product&#038;p=2812"},"modified":"2026-04-21T07:23:28","modified_gmt":"2026-04-21T05:23:28","slug":"applied-nutrition-cream-of-rice-raspberry-ripple-2000g","status":"publish","type":"product","link":"https:\/\/veganova.eu\/fr\/shop\/applied-nutrition-cream-of-rice-raspberry-ripple-2000g\/","title":{"rendered":"Applied Nutrition Cr\u00e8me de riz, ondul\u00e9e \u00e0 la framboise (2000g)"},"content":{"rendered":"<h3>Applied Nutrition Cr\u00e8me de riz<\/h3>\n<ul>\n<li>les glucides complexes<\/li>\n<li>petit d\u00e9jeuner id\u00e9al pour les sportifs<\/li>\n<li>67 portions<\/li>\n<li>une grande source d'hydrates de carbone sains<\/li>\n<li>digestibilit\u00e9 facile<\/li>\n<li>go\u00fbt excellent<\/li>\n<li>v\u00e9g\u00e9talien<\/li>\n<\/ul>","protected":false},"excerpt":{"rendered":"<p>Vegan nutritional supplement with healthy carbohydrates Applied Nutrition Cream of Rice &#8211; ideal breakfast for athletes. Flavor: Raspberry Ripple. The package contains: 2000g<\/p>","protected":false},"featured_media":53720,"comment_status":"closed","ping_status":"closed","template":"","meta":{"advanced_seo_description":"","jetpack_seo_html_title":"","jetpack_seo_noindex":false},"pwb-brand":[202],"product_brand":[4592],"product_cat":[225,132],"product_tag":[1186,1187],"class_list":{"0":"post-2812","1":"product","2":"type-product","3":"status-publish","4":"has-post-thumbnail","6":"pwb-brand-applied-nutrition","7":"product_brand-applied-nutrition","8":"product_cat-carbohydrates","9":"product_cat-sports-nutrition","10":"product_tag-breakfast-for-athletes","11":"product_tag-healthy-carbohydrates","12":"brand_woo-applied-nutrition","14":"first","15":"instock","16":"taxable","17":"shipping-taxable","18":"purchasable","19":"product-type-simple"},"jetpack_sharing_enabled":true,"brands":[{"id":202,"name":"Nutrition appliqu\u00e9e","slug":"applied-nutrition"}],"_links":{"self":[{"href":"https:\/\/veganova.eu\/fr\/wp-json\/wp\/v2\/product\/2812","targetHints":{"allow":["GET"]}}],"collection":[{"href":"https:\/\/veganova.eu\/fr\/wp-json\/wp\/v2\/product"}],"about":[{"href":"https:\/\/veganova.eu\/fr\/wp-json\/wp\/v2\/types\/product"}],"replies":[{"embeddable":true,"href":"https:\/\/veganova.eu\/fr\/wp-json\/wp\/v2\/comments?post=2812"}],"version-history":[{"count":1,"href":"https:\/\/veganova.eu\/fr\/wp-json\/wp\/v2\/product\/2812\/revisions"}],"predecessor-version":[{"id":57371,"href":"https:\/\/veganova.eu\/fr\/wp-json\/wp\/v2\/product\/2812\/revisions\/57371"}],"wp:featuredmedia":[{"embeddable":true,"href":"https:\/\/veganova.eu\/fr\/wp-json\/wp\/v2\/media\/53720"}],"wp:attachment":[{"href":"https:\/\/veganova.eu\/fr\/wp-json\/wp\/v2\/media?parent=2812"}],"wp:term":[{"taxonomy":"pwb-brand","embeddable":true,"href":"https:\/\/veganova.eu\/fr\/wp-json\/wp\/v2\/pwb-brand?post=2812"},{"taxonomy":"product_brand","embeddable":true,"href":"https:\/\/veganova.eu\/fr\/wp-json\/wp\/v2\/product_brand?post=2812"},{"taxonomy":"product_cat","embeddable":true,"href":"https:\/\/veganova.eu\/fr\/wp-json\/wp\/v2\/product_cat?post=2812"},{"taxonomy":"product_tag","embeddable":true,"href":"https:\/\/veganova.eu\/fr\/wp-json\/wp\/v2\/product_tag?post=2812"}],"curies":[{"name":"wp","href":"https:\/\/api.w.org\/{rel}","templated":true}]}}