{"id":2816,"date":"2023-10-01T17:01:47","date_gmt":"2023-10-01T15:01:47","guid":{"rendered":"https:\/\/veganova.eu\/?post_type=product&#038;p=2816"},"modified":"2026-04-21T07:23:28","modified_gmt":"2026-04-21T05:23:28","slug":"applied-nutrition-endurance-breathe-blackcurrant-1500g","status":"publish","type":"product","link":"https:\/\/veganova.eu\/fr\/shop\/applied-nutrition-endurance-breathe-blackcurrant-1500g\/","title":{"rendered":"Applied Nutrition Endurance Breathe, Cassis (1500g)"},"content":{"rendered":"<h3>Applied Nutrition Endurance Breathe, Cassis (1500g)<\/h3>\n<p>Endurance V\u00e9locit\u00e9-Carburant Respiration<br \/>\nPoudre \u00e9nerg\u00e9tique avec Breathe Easy 1.5kg<br \/>\n30 portions | 48g de glucides | 300mg d'\u00e9lectrolytes | Respirez facilement<\/p>\n<p>Endurance Velocity-Fuel Breathe est con\u00e7u comme un apport d'\u00e9nergie rapide et facile \u00e0 dig\u00e9rer, fournissant 48 g d'hydrates de carbone \u00e0 absorption rapide et 300 mg d'\u00e9lectrolytes par portion, avec l'ajout de la formule unique Breathe Easy de Applied Nutrition, populaire parmi les utilisateurs souhaitant augmenter l'apport d'oxyg\u00e8ne pendant l'exercice.<\/p>\n<p>Endurance Velocity-Fuel Breathe peut \u00eatre m\u00e9lang\u00e9 \u00e0 diff\u00e9rentes concentrations pour r\u00e9pondre \u00e0 vos besoins, et peut \u00eatre consomm\u00e9 dans le cadre d'un plan de charge en hydrates de carbone dans les jours et les heures qui pr\u00e9c\u00e8dent et pendant votre entra\u00eenement ou votre \u00e9preuve.<\/p>\n<p>AVANTAGES PRINCIPAUX<\/p>\n<p>Informed-Sport Lot test\u00e9 pour les athl\u00e8tes<br \/>\nOuvrez vos voies respiratoires avec Breathe Easy, pour une exp\u00e9rience fra\u00eeche et rafra\u00eechissante.<br \/>\nCarburant pour l'entra\u00eenement et parfait pour les plans de charge en glucides<br \/>\nParfait pour les cyclistes, les coureurs et tous les exercices d'endurance<br \/>\nGlucides hautement solubles \u00e0 absorption rapide<br \/>\nConvient aux v\u00e9g\u00e9taliens et aux v\u00e9g\u00e9tariens, sans OGM ni gluten.<br \/>\nProduit certifi\u00e9 Halal<\/p>","protected":false},"excerpt":{"rendered":"<p>Applied Nutrition Endurance Breathe, saveur : Cassis, l'emballage contient : 1500g<\/p>","protected":false},"featured_media":53276,"comment_status":"closed","ping_status":"closed","template":"","meta":{"advanced_seo_description":"","jetpack_seo_html_title":"","jetpack_seo_noindex":false},"pwb-brand":[202],"product_brand":[4592],"product_cat":[225,132],"product_tag":[1192,1193,860,1182,1181,1183],"class_list":{"0":"post-2816","1":"product","2":"type-product","3":"status-publish","4":"has-post-thumbnail","6":"pwb-brand-applied-nutrition","7":"product_brand-applied-nutrition","8":"product_cat-carbohydrates","9":"product_cat-sports-nutrition","10":"product_tag-breathing","11":"product_tag-endurance-sports","12":"product_tag-energy","13":"product_tag-hydration","14":"product_tag-performance","15":"product_tag-sports-drink","16":"brand_woo-applied-nutrition","18":"first","19":"instock","20":"sale","21":"taxable","22":"shipping-taxable","23":"purchasable","24":"product-type-simple"},"jetpack_sharing_enabled":true,"brands":[{"id":202,"name":"Nutrition appliqu\u00e9e","slug":"applied-nutrition"}],"_links":{"self":[{"href":"https:\/\/veganova.eu\/fr\/wp-json\/wp\/v2\/product\/2816","targetHints":{"allow":["GET"]}}],"collection":[{"href":"https:\/\/veganova.eu\/fr\/wp-json\/wp\/v2\/product"}],"about":[{"href":"https:\/\/veganova.eu\/fr\/wp-json\/wp\/v2\/types\/product"}],"replies":[{"embeddable":true,"href":"https:\/\/veganova.eu\/fr\/wp-json\/wp\/v2\/comments?post=2816"}],"version-history":[{"count":1,"href":"https:\/\/veganova.eu\/fr\/wp-json\/wp\/v2\/product\/2816\/revisions"}],"predecessor-version":[{"id":57375,"href":"https:\/\/veganova.eu\/fr\/wp-json\/wp\/v2\/product\/2816\/revisions\/57375"}],"wp:featuredmedia":[{"embeddable":true,"href":"https:\/\/veganova.eu\/fr\/wp-json\/wp\/v2\/media\/53276"}],"wp:attachment":[{"href":"https:\/\/veganova.eu\/fr\/wp-json\/wp\/v2\/media?parent=2816"}],"wp:term":[{"taxonomy":"pwb-brand","embeddable":true,"href":"https:\/\/veganova.eu\/fr\/wp-json\/wp\/v2\/pwb-brand?post=2816"},{"taxonomy":"product_brand","embeddable":true,"href":"https:\/\/veganova.eu\/fr\/wp-json\/wp\/v2\/product_brand?post=2816"},{"taxonomy":"product_cat","embeddable":true,"href":"https:\/\/veganova.eu\/fr\/wp-json\/wp\/v2\/product_cat?post=2816"},{"taxonomy":"product_tag","embeddable":true,"href":"https:\/\/veganova.eu\/fr\/wp-json\/wp\/v2\/product_tag?post=2816"}],"curies":[{"name":"wp","href":"https:\/\/api.w.org\/{rel}","templated":true}]}}