{"id":2890,"date":"2023-10-01T17:02:23","date_gmt":"2023-10-01T15:02:23","guid":{"rendered":"https:\/\/veganova.eu\/?post_type=product&#038;p=2890"},"modified":"2026-04-21T07:23:32","modified_gmt":"2026-04-21T05:23:32","slug":"doctors-best-alpha-lipoic-acid-150mg-120-kaps","status":"publish","type":"product","link":"https:\/\/veganova.eu\/fr\/shop\/doctors-best-alpha-lipoic-acid-150mg-120-kaps\/","title":{"rendered":"Doctor's Best Alpha Lipoic Acid, 150mg (120 g\u00e9lules)"},"content":{"rendered":"<h3>Acide alpha-lipo\u00efque Doctor's Best<\/h3>\n<ul>\n<li>L'acide alpha-lipo\u00efque est un acide gras contenant du soufre qui joue un r\u00f4le similaire \u00e0 celui des vitamines dans l'organisme.<\/li>\n<li>Elle joue le r\u00f4le de coenzyme dans le m\u00e9tabolisme des glucides et est n\u00e9cessaire \u00e0 la synth\u00e8se de l'ac\u00e9tyl-CoA, un m\u00e9tabolite cl\u00e9 dans le processus cellulaire qui convertit le glucose (sucre dans le sang) en \u00e9nergie.<\/li>\n<li>L'acide alpha-lipo\u00efque \u00e9tant produit par l'organisme lui-m\u00eame, il n'est pas consid\u00e9r\u00e9 comme une v\u00e9ritable vitamine. Mais comme pour d'autres nutriments non essentiels, la production interne n'est pas toujours optimale.<\/li>\n<li>En raison de son m\u00e9tabolisme \u00e9lev\u00e9, le cerveau est particuli\u00e8rement sensible au stress oxydatif. Comme l'acide alpha-lipo\u00efque interrompt les processus d'oxydation cellulaire sous forme oxyd\u00e9e et r\u00e9duite, il joue un r\u00f4le modulateur dans le cerveau et le syst\u00e8me nerveux.<\/li>\n<li>L'antioxydant id\u00e9al doit avoir la capacit\u00e9 d'\u00e9touffer un large \u00e9ventail de radicaux libres, de soutenir le fonctionnement d'autres antioxydants, de lier ou de \"ch\u00e9later\" les ions m\u00e9talliques susceptibles de cr\u00e9er des radicaux libres, de fonctionner dans l'environnement hydrique et graisseux des tissus, des cellules et des espaces extracellulaires.<\/li>\n<li>L'acide alpha-lipo\u00efque a \u00e9t\u00e9 d\u00e9crit comme un \"antioxydant universel\". Avec l'\u00e2ge, notre capacit\u00e9 \u00e0 synth\u00e9tiser l'acide alpha-lipo\u00efque diminue et les niveaux de prot\u00e9ines oxyd\u00e9es qui interf\u00e8rent avec l'efficacit\u00e9 des mitochondries augmentent. Une suppl\u00e9mentation en acide alpha-lipo\u00efque, le \"nutriment mitochondrial\", r\u00e9sout cette situation.<\/li>\n<\/ul>","protected":false},"excerpt":{"rendered":"<p>Nutritional supplement in the form of vegan tablets containing alpha lipoic acid Doctor&#8217;s Best Alpha Lipoic Acid, 150mg, package contains: 120 capsules. They are gluten-free and GMO-free.<\/p>","protected":false},"featured_media":53684,"comment_status":"closed","ping_status":"closed","template":"","meta":{"advanced_seo_description":"","jetpack_seo_html_title":"","jetpack_seo_noindex":false},"pwb-brand":[147],"product_brand":[4565],"product_cat":[284,152],"product_tag":[1093,1117,1094],"class_list":{"0":"post-2890","1":"product","2":"type-product","3":"status-publish","4":"has-post-thumbnail","6":"pwb-brand-doctors-best","7":"product_brand-doctors-best","8":"product_cat-trace-elements","9":"product_cat-vitamins-and-minerals","10":"product_tag-antioxidant","11":"product_tag-immunity","12":"product_tag-metabolism","13":"brand_woo-doctors-best","15":"first","16":"instock","17":"sale","18":"taxable","19":"shipping-taxable","20":"purchasable","21":"product-type-simple"},"jetpack_sharing_enabled":true,"brands":[{"id":147,"name":"Doctor's Best","slug":"doctors-best"}],"_links":{"self":[{"href":"https:\/\/veganova.eu\/fr\/wp-json\/wp\/v2\/product\/2890","targetHints":{"allow":["GET"]}}],"collection":[{"href":"https:\/\/veganova.eu\/fr\/wp-json\/wp\/v2\/product"}],"about":[{"href":"https:\/\/veganova.eu\/fr\/wp-json\/wp\/v2\/types\/product"}],"replies":[{"embeddable":true,"href":"https:\/\/veganova.eu\/fr\/wp-json\/wp\/v2\/comments?post=2890"}],"version-history":[{"count":1,"href":"https:\/\/veganova.eu\/fr\/wp-json\/wp\/v2\/product\/2890\/revisions"}],"predecessor-version":[{"id":57441,"href":"https:\/\/veganova.eu\/fr\/wp-json\/wp\/v2\/product\/2890\/revisions\/57441"}],"wp:featuredmedia":[{"embeddable":true,"href":"https:\/\/veganova.eu\/fr\/wp-json\/wp\/v2\/media\/53684"}],"wp:attachment":[{"href":"https:\/\/veganova.eu\/fr\/wp-json\/wp\/v2\/media?parent=2890"}],"wp:term":[{"taxonomy":"pwb-brand","embeddable":true,"href":"https:\/\/veganova.eu\/fr\/wp-json\/wp\/v2\/pwb-brand?post=2890"},{"taxonomy":"product_brand","embeddable":true,"href":"https:\/\/veganova.eu\/fr\/wp-json\/wp\/v2\/product_brand?post=2890"},{"taxonomy":"product_cat","embeddable":true,"href":"https:\/\/veganova.eu\/fr\/wp-json\/wp\/v2\/product_cat?post=2890"},{"taxonomy":"product_tag","embeddable":true,"href":"https:\/\/veganova.eu\/fr\/wp-json\/wp\/v2\/product_tag?post=2890"}],"curies":[{"name":"wp","href":"https:\/\/api.w.org\/{rel}","templated":true}]}}