{"id":2899,"date":"2023-10-01T17:02:27","date_gmt":"2023-10-01T15:02:27","guid":{"rendered":"https:\/\/veganova.eu\/?post_type=product&#038;p=2899"},"modified":"2026-04-21T07:23:34","modified_gmt":"2026-04-21T05:23:34","slug":"doctors-best-benfotiamine-with-benfopure-150mg-120-kaps","status":"publish","type":"product","link":"https:\/\/veganova.eu\/fr\/shop\/doctors-best-benfotiamine-with-benfopure-150mg-120-kaps\/","title":{"rendered":"Doctor's Best Benfotiamine avec BenfoPure, 150mg (120 g\u00e9lules)"},"content":{"rendered":"<h3>Doctor's Best Benfotiamine avec BenfoPure, 150mg (120 g\u00e9lules)<\/h3>\n<p>Nutrition fond\u00e9e sur la science<br \/>\nCompl\u00e9ment alimentaire<br \/>\nAide \u00e0 soutenir un m\u00e9tabolisme du glucose sain<br \/>\nV\u00e9g\u00e9talien<br \/>\nSans OGM \/ Sans gluten \/ Sans soja<\/p>\n<p>La benfotiamine de Doctor's Best est un d\u00e9riv\u00e9 liposoluble et hautement biodisponible de la thiamine (vitamine B1). La benfotiamine est activ\u00e9e dans la circulation sanguine et est disponible dans l'organisme quatre fois plus longtemps que la thiamine hydrosoluble. La benfotiamine active la transc\u00e9tolase, une enzyme cellulaire essentielle au m\u00e9tabolisme du glucose. Elle contribue \u00e0 soutenir les syst\u00e8mes circulatoire et nerveux par une action de pi\u00e9geage des radicaux contre le stress oxydatif, en exer\u00e7ant une influence positive sur les produits de glycation avanc\u00e9e (AGE).<\/p>\n<p>Aide \u00e0 soutenir les cellules saines en pr\u00e9sence de glucose sanguin<br \/>\nAide \u00e0 soutenir les processus cellulaires aliment\u00e9s par les m\u00e9tabolites du glucose<br \/>\nFavorise l'action de neutralisation des radicaux pour lutter contre le stress oxydatif.<\/p>","protected":false},"excerpt":{"rendered":"<p>Le compl\u00e9ment alimentaire v\u00e9g\u00e9talien Doctor's Best Benfotiamine avec BenfoPure, 150 mg, contribue \u00e0 une glyc\u00e9mie saine, prot\u00e8ge contre le stress oxydatif et ralentit le vieillissement des cellules. L'emballage contient : 120 g\u00e9lules. Sans gluten et sans OGM.<\/p>","protected":false},"featured_media":51673,"comment_status":"closed","ping_status":"closed","template":"","meta":{"advanced_seo_description":"","jetpack_seo_html_title":"","jetpack_seo_noindex":false},"pwb-brand":[147],"product_brand":[4565],"product_cat":[596,152,177],"product_tag":[860,1204,1094],"class_list":{"0":"post-2899","1":"product","2":"type-product","3":"status-publish","4":"has-post-thumbnail","6":"pwb-brand-doctors-best","7":"product_brand-doctors-best","8":"product_cat-digestion","9":"product_cat-vitamins-and-minerals","10":"product_cat-weight-loss","11":"product_tag-energy","12":"product_tag-healthy-blood-sugar","13":"product_tag-metabolism","14":"brand_woo-doctors-best","16":"first","17":"instock","18":"sale","19":"taxable","20":"shipping-taxable","21":"purchasable","22":"product-type-simple"},"jetpack_sharing_enabled":true,"brands":[{"id":147,"name":"Doctor's Best","slug":"doctors-best"}],"_links":{"self":[{"href":"https:\/\/veganova.eu\/fr\/wp-json\/wp\/v2\/product\/2899","targetHints":{"allow":["GET"]}}],"collection":[{"href":"https:\/\/veganova.eu\/fr\/wp-json\/wp\/v2\/product"}],"about":[{"href":"https:\/\/veganova.eu\/fr\/wp-json\/wp\/v2\/types\/product"}],"replies":[{"embeddable":true,"href":"https:\/\/veganova.eu\/fr\/wp-json\/wp\/v2\/comments?post=2899"}],"version-history":[{"count":1,"href":"https:\/\/veganova.eu\/fr\/wp-json\/wp\/v2\/product\/2899\/revisions"}],"predecessor-version":[{"id":57450,"href":"https:\/\/veganova.eu\/fr\/wp-json\/wp\/v2\/product\/2899\/revisions\/57450"}],"wp:featuredmedia":[{"embeddable":true,"href":"https:\/\/veganova.eu\/fr\/wp-json\/wp\/v2\/media\/51673"}],"wp:attachment":[{"href":"https:\/\/veganova.eu\/fr\/wp-json\/wp\/v2\/media?parent=2899"}],"wp:term":[{"taxonomy":"pwb-brand","embeddable":true,"href":"https:\/\/veganova.eu\/fr\/wp-json\/wp\/v2\/pwb-brand?post=2899"},{"taxonomy":"product_brand","embeddable":true,"href":"https:\/\/veganova.eu\/fr\/wp-json\/wp\/v2\/product_brand?post=2899"},{"taxonomy":"product_cat","embeddable":true,"href":"https:\/\/veganova.eu\/fr\/wp-json\/wp\/v2\/product_cat?post=2899"},{"taxonomy":"product_tag","embeddable":true,"href":"https:\/\/veganova.eu\/fr\/wp-json\/wp\/v2\/product_tag?post=2899"}],"curies":[{"name":"wp","href":"https:\/\/api.w.org\/{rel}","templated":true}]}}