{"id":2901,"date":"2023-10-01T17:02:27","date_gmt":"2023-10-01T15:02:27","guid":{"rendered":"https:\/\/veganova.eu\/?post_type=product&#038;p=2901"},"modified":"2026-04-21T07:23:34","modified_gmt":"2026-04-21T05:23:34","slug":"doctors-best-biotin-5000mcg-120-kaps","status":"publish","type":"product","link":"https:\/\/veganova.eu\/fr\/shop\/doctors-best-biotin-5000mcg-120-kaps\/","title":{"rendered":"Doctor's Best Biotine, 5000mcg (120 g\u00e9lules)"},"content":{"rendered":"<h3>Doctor's Best Biotine, 5000mcg (120 g\u00e9lules)<\/h3>\n<p>Qu'est-ce que la biotine Doctor's Best ?<br \/>\nDoctor's Best Biotin fournit une dose importante de vitamine B, la biotine, qui favorise la sant\u00e9 des cheveux, de la peau et des ongles. Les observations cliniques de la carence en biotine montrent son importance pour le maintien d'une peau et de cheveux sains, ainsi que pour le syst\u00e8me immunitaire et le syst\u00e8me nerveux central. L'organisme utilise \u00e9galement la biotine pour produire de l'\u00e9nergie et pour utiliser efficacement les prot\u00e9ines, les glucides et les graisses. Comme l'organisme ne peut pas fabriquer de biotine, celle-ci doit \u00eatre apport\u00e9e par l'alimentation. Des \u00e9tudes cliniques ont montr\u00e9 qu'une suppl\u00e9mentation en biotine contribue \u00e0 am\u00e9liorer les cheveux, la peau et les ongles.<\/p>\n<p>Comment cela fonctionne-t-il ?<br \/>\nAu moins sept enzymes humaines ont besoin de biotine pour fonctionner. Cinq d'entre elles int\u00e8grent la biotine dans leur structure en tant que coenzyme et appartiennent toutes \u00e0 la cat\u00e9gorie des carboxylases. La mesure de l'activit\u00e9 de ces enzymes carboxylases donne une image plus pr\u00e9cise de l'\u00e9tat de la biotine dans l'organisme que la mesure du taux de biotine dans le sang. L'activit\u00e9 de chaque enzyme carboxylase peut \u00eatre \u00e9valu\u00e9e de mani\u00e8re pratique en mesurant le niveau de son produit final sp\u00e9cifique dans l'urine. Sur les cinq biotine carboxylases connues, trois sont situ\u00e9es dans les mitochondries, les g\u00e9n\u00e9rateurs d'\u00e9nergie microscopiques de nos cellules. Les carboxylases qui r\u00e9sident dans les mitochondries contribuent \u00e0 la fabrication de l'h\u00e8me, une prot\u00e9ine qui contient du fer et qui est essentielle aux fonctions de production d'\u00e9nergie des mitochondries. Par cons\u00e9quent, une carence en biotine peut alt\u00e9rer le fonctionnement des prot\u00e9ines de l'h\u00e8me dans les mitochondries, ce qui peut \u00e0 son tour cr\u00e9er un probl\u00e8me de radicaux libres pour la cellule. La sixi\u00e8me enzyme de la biotine est la biotinidase, qui a pour fonction de lib\u00e9rer la biotine de ses liens avec les prot\u00e9ines ou d'autres biomol\u00e9cules et de la rendre ainsi disponible pour une utilisation en tant que coenzyme carboxylase. Les mutations de la biotinidase peuvent r\u00e9duire consid\u00e9rablement l'absorption de la biotine \u00e0 partir des aliments et contribuer \u00e0 l'\u00e9puisement des r\u00e9serves de biotine de l'organisme.<\/p>","protected":false},"excerpt":{"rendered":"<p>Suppl\u00e9ment nutritionnel v\u00e9g\u00e9talien contenant de la biotine Doctor's Best Biotin, 5000mcg, paquet contenant : 120 g\u00e9lules. Sans gluten et sans OGM.<\/p>","protected":false},"featured_media":53244,"comment_status":"closed","ping_status":"closed","template":"","meta":{"advanced_seo_description":"","jetpack_seo_html_title":"","jetpack_seo_noindex":false},"pwb-brand":[147],"product_brand":[4565],"product_cat":[153,152],"product_tag":[1128,850,1094,928,1225],"class_list":{"0":"post-2901","1":"product","2":"type-product","3":"status-publish","4":"has-post-thumbnail","6":"pwb-brand-doctors-best","7":"product_brand-doctors-best","8":"product_cat-vitamins","9":"product_cat-vitamins-and-minerals","10":"product_tag-beauty","11":"product_tag-hair","12":"product_tag-metabolism","13":"product_tag-nails","14":"product_tag-skin","15":"brand_woo-doctors-best","17":"first","18":"instock","19":"taxable","20":"shipping-taxable","21":"purchasable","22":"product-type-simple"},"jetpack_sharing_enabled":true,"brands":[{"id":147,"name":"Doctor's Best","slug":"doctors-best"}],"_links":{"self":[{"href":"https:\/\/veganova.eu\/fr\/wp-json\/wp\/v2\/product\/2901","targetHints":{"allow":["GET"]}}],"collection":[{"href":"https:\/\/veganova.eu\/fr\/wp-json\/wp\/v2\/product"}],"about":[{"href":"https:\/\/veganova.eu\/fr\/wp-json\/wp\/v2\/types\/product"}],"replies":[{"embeddable":true,"href":"https:\/\/veganova.eu\/fr\/wp-json\/wp\/v2\/comments?post=2901"}],"version-history":[{"count":1,"href":"https:\/\/veganova.eu\/fr\/wp-json\/wp\/v2\/product\/2901\/revisions"}],"predecessor-version":[{"id":57452,"href":"https:\/\/veganova.eu\/fr\/wp-json\/wp\/v2\/product\/2901\/revisions\/57452"}],"wp:featuredmedia":[{"embeddable":true,"href":"https:\/\/veganova.eu\/fr\/wp-json\/wp\/v2\/media\/53244"}],"wp:attachment":[{"href":"https:\/\/veganova.eu\/fr\/wp-json\/wp\/v2\/media?parent=2901"}],"wp:term":[{"taxonomy":"pwb-brand","embeddable":true,"href":"https:\/\/veganova.eu\/fr\/wp-json\/wp\/v2\/pwb-brand?post=2901"},{"taxonomy":"product_brand","embeddable":true,"href":"https:\/\/veganova.eu\/fr\/wp-json\/wp\/v2\/product_brand?post=2901"},{"taxonomy":"product_cat","embeddable":true,"href":"https:\/\/veganova.eu\/fr\/wp-json\/wp\/v2\/product_cat?post=2901"},{"taxonomy":"product_tag","embeddable":true,"href":"https:\/\/veganova.eu\/fr\/wp-json\/wp\/v2\/product_tag?post=2901"}],"curies":[{"name":"wp","href":"https:\/\/api.w.org\/{rel}","templated":true}]}}