{"id":2911,"date":"2023-10-01T17:02:31","date_gmt":"2023-10-01T15:02:31","guid":{"rendered":"https:\/\/veganova.eu\/?post_type=product&#038;p=2911"},"modified":"2026-04-21T07:23:35","modified_gmt":"2026-04-21T05:23:35","slug":"doctors-best-curcumin-phytosome-with-meriva-500mg-60-kaps","status":"publish","type":"product","link":"https:\/\/veganova.eu\/fr\/shop\/doctors-best-curcumin-phytosome-with-meriva-500mg-60-kaps\/","title":{"rendered":"Doctor's Best Curcumine Phytosome avec Meriva, 500mg (60 g\u00e9lules)"},"content":{"rendered":"<h3>Doctor's Best Curcumine Phytosome avec Meriva<\/h3>\n<ul>\n<li>Doctor's Best Curcumin Phytosome avec Meriva est un antioxydant puissant qui prot\u00e8ge les cellules et les tissus en combattant les radicaux libres.<\/li>\n<li>Il est \u00e9galement prouv\u00e9 qu'il favorise le bon fonctionnement des articulations, la sant\u00e9 des yeux et la sant\u00e9 du syst\u00e8me circulatoire des petits vaisseaux.<\/li>\n<li>Doctor's Best Curcumin Phytosome with Meriva est produit \u00e0 l'aide de la technologie brevet\u00e9e Phytosome, qui augmente l'absorption des curcumines.<\/li>\n<li>De nombreux effets b\u00e9n\u00e9fiques attribu\u00e9s \u00e0 la racine de curcuma sont li\u00e9s aux propri\u00e9t\u00e9s antioxydantes des curcumines.<\/li>\n<li>Cette activit\u00e9 antioxydante peut neutraliser les radicaux libres qui menacent l'int\u00e9grit\u00e9 des structures cellulaires.<\/li>\n<li>Les radicaux libres peuvent provoquer un \"stress oxydatif\", un processus susceptible d'endommager les cellules. On pense que le stress oxydatif joue un r\u00f4le dans diverses maladies.<\/li>\n<li>Les curcumines sont mal absorb\u00e9es par voie orale, ce qui limite leur effet biologique. La technologie des phytosomes utilis\u00e9e avec Curcumin Phytosome with Meriva cr\u00e9e des complexes de phytosomes qui sont manifestement mieux absorb\u00e9s.<\/li>\n<\/ul>","protected":false},"excerpt":{"rendered":"<p>Le compl\u00e9ment alimentaire v\u00e9g\u00e9talien Doctor's Best Curcumin Fytosome avec Meriva soutient l'immunit\u00e9 de l'organisme et a des effets antioxydants. Les comprim\u00e9s v\u00e9g\u00e9taliens sont sp\u00e9cialement con\u00e7us pour une absorption maximale. L'emballage contient : 60 g\u00e9lules. Sans gluten et sans OGM.<\/p>","protected":false},"featured_media":53672,"comment_status":"closed","ping_status":"closed","template":"","meta":{"advanced_seo_description":"","jetpack_seo_html_title":"","jetpack_seo_noindex":false},"pwb-brand":[147],"product_brand":[4565],"product_cat":[149],"product_tag":[1093,1117,1155,1154,1153],"class_list":{"0":"post-2911","1":"product","2":"type-product","3":"status-publish","4":"has-post-thumbnail","6":"pwb-brand-doctors-best","7":"product_brand-doctors-best","8":"product_cat-superfoods","9":"product_tag-antioxidant","10":"product_tag-immunity","11":"product_tag-inflammation","12":"product_tag-liver","13":"product_tag-vessels","14":"brand_woo-doctors-best","16":"first","17":"outofstock","18":"taxable","19":"shipping-taxable","20":"purchasable","21":"product-type-simple"},"jetpack_sharing_enabled":true,"brands":[{"id":147,"name":"Doctor's Best","slug":"doctors-best"}],"_links":{"self":[{"href":"https:\/\/veganova.eu\/fr\/wp-json\/wp\/v2\/product\/2911","targetHints":{"allow":["GET"]}}],"collection":[{"href":"https:\/\/veganova.eu\/fr\/wp-json\/wp\/v2\/product"}],"about":[{"href":"https:\/\/veganova.eu\/fr\/wp-json\/wp\/v2\/types\/product"}],"replies":[{"embeddable":true,"href":"https:\/\/veganova.eu\/fr\/wp-json\/wp\/v2\/comments?post=2911"}],"version-history":[{"count":1,"href":"https:\/\/veganova.eu\/fr\/wp-json\/wp\/v2\/product\/2911\/revisions"}],"predecessor-version":[{"id":57461,"href":"https:\/\/veganova.eu\/fr\/wp-json\/wp\/v2\/product\/2911\/revisions\/57461"}],"wp:featuredmedia":[{"embeddable":true,"href":"https:\/\/veganova.eu\/fr\/wp-json\/wp\/v2\/media\/53672"}],"wp:attachment":[{"href":"https:\/\/veganova.eu\/fr\/wp-json\/wp\/v2\/media?parent=2911"}],"wp:term":[{"taxonomy":"pwb-brand","embeddable":true,"href":"https:\/\/veganova.eu\/fr\/wp-json\/wp\/v2\/pwb-brand?post=2911"},{"taxonomy":"product_brand","embeddable":true,"href":"https:\/\/veganova.eu\/fr\/wp-json\/wp\/v2\/product_brand?post=2911"},{"taxonomy":"product_cat","embeddable":true,"href":"https:\/\/veganova.eu\/fr\/wp-json\/wp\/v2\/product_cat?post=2911"},{"taxonomy":"product_tag","embeddable":true,"href":"https:\/\/veganova.eu\/fr\/wp-json\/wp\/v2\/product_tag?post=2911"}],"curies":[{"name":"wp","href":"https:\/\/api.w.org\/{rel}","templated":true}]}}