{"id":2916,"date":"2023-10-01T17:02:33","date_gmt":"2023-10-01T15:02:33","guid":{"rendered":"https:\/\/veganova.eu\/?post_type=product&#038;p=2916"},"modified":"2026-04-21T07:23:35","modified_gmt":"2026-04-21T05:23:35","slug":"doctors-best-digestive-probiotic-20-billion-cfu-30-kaps","status":"publish","type":"product","link":"https:\/\/veganova.eu\/fr\/shop\/doctors-best-digestive-probiotic-20-billion-cfu-30-kaps\/","title":{"rendered":"Doctor's Best Digestive Probiotic, 20 milliards d'UFC (30 g\u00e9lules)"},"content":{"rendered":"<h3>Doctor's Best Digestive Probiotic, 20 milliards d'UFC (30 g\u00e9lules)<\/h3>\n<p>Qu'est-ce que le probiotique Doctor's Best ?<br \/>\nDoctor's Best Probiotic fournit six souches de probiotiques Bifidobacterium et Lactobacillus et d\u00e9livre 20 milliards d'UFC de familles bact\u00e9riennes dont la sant\u00e9 digestive et corporelle est solidement \u00e9tablie. Doctor's Best Probiotic favorise la digestion, la r\u00e9gulation de l'intestin et une r\u00e9ponse immunitaire saine. Doctor's Best Probiotic peut aider \u00e0 reconstituer les pertes de bact\u00e9ries b\u00e9n\u00e9fiques qui r\u00e9sultent g\u00e9n\u00e9ralement du stress, d'une mauvaise alimentation et d'autres facteurs aggravants.<\/p>\n<p>Comment cela fonctionne-t-il ?<br \/>\nLes lactobacilles probiotiques se trouvent plus souvent dans la bouche, l'estomac et l'intestin gr\u00eale que dans le gros intestin. Les six souches contenues dans Doctor's Best Probiotic ont une forte r\u00e9sistance \u00e0 l'acide gastrique et aux substances biliaires agressives dans la partie sup\u00e9rieure de l'intestin gr\u00eale. Elles s'attachent \u00e0 la paroi intestinale, r\u00e9sidant principalement dans la couche de mucus qui s'\u00e9tend \u00e0 partir de celle-ci. Elles lib\u00e8rent des substances qui les aident \u00e0 concurrencer les bact\u00e9ries moins b\u00e9n\u00e9fiques. Lactobacillus acidophilus La-14 est une souche bien \u00e9tudi\u00e9e, particuli\u00e8rement robuste, qui r\u00e9siste bien aux conditions difficiles de l'environnement intestinal. Lactobacillus salivarius Ls-33 peut contribuer \u00e0 prot\u00e9ger la muqueuse intestinale vuln\u00e9rable contre les attaques chimiques toxiques. Lactobacillus paracasei Lpc-37 a \u00e9galement \u00e9t\u00e9 utilis\u00e9 en association avec d'autres lactobacilles. Les bifidobact\u00e9ries probiotiques sont plus abondantes dans le gros intestin, qu'elles colonisent d\u00e8s la naissance. La souche de marque d\u00e9pos\u00e9e Bifidobacterium lactis HN019 (Bl019) est bien document\u00e9e pour ses b\u00e9n\u00e9fices intestinaux et immunitaires. La souche Bifidobacterium lactis Bi-07 (Bi07) est g\u00e9n\u00e9tiquement bien d\u00e9finie, 100 % de sa s\u00e9quence d'ADN \u00e9tant connue, et ses bienfaits cliniques sont av\u00e9r\u00e9s. Bifidobacterium lactis Bl-04 (Bl04) est \u00e9galement bien d\u00e9fini sur le plan g\u00e9n\u00e9tique. Il est capable de s'attacher \u00e0 la paroi intestinale, tol\u00e8re l'exposition aux fluides biliaires et est extr\u00eamement polyvalent dans l'utilisation des hydrates de carbone non digestibles comme source d'\u00e9nergie. L'utilisation de bifidobact\u00e9ries entra\u00eene un confort et une fonction gastro-intestinaux sup\u00e9rieurs \u00e0 ceux d'un placebo.<\/p>","protected":false},"excerpt":{"rendered":"<p>Suppl\u00e9ment nutritionnel v\u00e9g\u00e9talien contenant des probiotiques Doctor's Best Digestive Probiotic, 20 milliards d'UFC pour une digestion saine et la r\u00e9paration de l'environnement intestinal endommag\u00e9 apr\u00e8s un r\u00e9gime alimentaire inappropri\u00e9. L'emballage contient : 30 g\u00e9lules. Sans gluten et sans OGM.<\/p>","protected":false},"featured_media":53240,"comment_status":"closed","ping_status":"closed","template":"","meta":{"advanced_seo_description":"","jetpack_seo_html_title":"","jetpack_seo_noindex":false},"pwb-brand":[147],"product_brand":[4565],"product_cat":[596],"product_tag":[1233,1234,1156,1232],"class_list":{"0":"post-2916","1":"product","2":"type-product","3":"status-publish","4":"has-post-thumbnail","6":"pwb-brand-doctors-best","7":"product_brand-doctors-best","8":"product_cat-digestion","9":"product_tag-diet-mistakes","10":"product_tag-gut-recovery","11":"product_tag-healthy-digestion","12":"product_tag-leaky-gut","13":"brand_woo-doctors-best","15":"first","16":"instock","17":"taxable","18":"shipping-taxable","19":"purchasable","20":"product-type-simple"},"jetpack_sharing_enabled":true,"brands":[{"id":147,"name":"Doctor's Best","slug":"doctors-best"}],"_links":{"self":[{"href":"https:\/\/veganova.eu\/fr\/wp-json\/wp\/v2\/product\/2916","targetHints":{"allow":["GET"]}}],"collection":[{"href":"https:\/\/veganova.eu\/fr\/wp-json\/wp\/v2\/product"}],"about":[{"href":"https:\/\/veganova.eu\/fr\/wp-json\/wp\/v2\/types\/product"}],"replies":[{"embeddable":true,"href":"https:\/\/veganova.eu\/fr\/wp-json\/wp\/v2\/comments?post=2916"}],"version-history":[{"count":1,"href":"https:\/\/veganova.eu\/fr\/wp-json\/wp\/v2\/product\/2916\/revisions"}],"predecessor-version":[{"id":57464,"href":"https:\/\/veganova.eu\/fr\/wp-json\/wp\/v2\/product\/2916\/revisions\/57464"}],"wp:featuredmedia":[{"embeddable":true,"href":"https:\/\/veganova.eu\/fr\/wp-json\/wp\/v2\/media\/53240"}],"wp:attachment":[{"href":"https:\/\/veganova.eu\/fr\/wp-json\/wp\/v2\/media?parent=2916"}],"wp:term":[{"taxonomy":"pwb-brand","embeddable":true,"href":"https:\/\/veganova.eu\/fr\/wp-json\/wp\/v2\/pwb-brand?post=2916"},{"taxonomy":"product_brand","embeddable":true,"href":"https:\/\/veganova.eu\/fr\/wp-json\/wp\/v2\/product_brand?post=2916"},{"taxonomy":"product_cat","embeddable":true,"href":"https:\/\/veganova.eu\/fr\/wp-json\/wp\/v2\/product_cat?post=2916"},{"taxonomy":"product_tag","embeddable":true,"href":"https:\/\/veganova.eu\/fr\/wp-json\/wp\/v2\/product_tag?post=2916"}],"curies":[{"name":"wp","href":"https:\/\/api.w.org\/{rel}","templated":true}]}}